{"id":15124,"date":"2020-05-29T11:09:16","date_gmt":"2020-05-29T03:09:16","guid":{"rendered":"https:\/\/www.fjpremium.com\/?post_type=product&#038;p=15124"},"modified":"2023-12-14T13:55:55","modified_gmt":"2023-12-14T05:55:55","slug":"cat-7-s-ftp-shielded-and-foiled-twisted-pair-ethernet-installation-cable-600mhz","status":"publish","type":"product","link":"https:\/\/www.fjpremium.com\/pt\/product\/cat-7-s-ftp-shielded-and-foiled-twisted-pair-ethernet-installation-cable-600mhz\/","title":{"rendered":"S\/FTP Cabo de instala\u00e7\u00e3o Ethernet de par tran\u00e7ado blindado e espelhado Cat 7, 600MHZ"},"content":{"rendered":"<p>Concebido para permitir a transmiss\u00e3o de dados 10-Gigabit e suportar uma largura de banda mais r\u00e1pida at\u00e9 600MHz, este cabo blindado Cat 7 garante um desempenho excecional nas actuais redes de alta velocidade.<\/p>\n<p>Possui uma constru\u00e7\u00e3o S\/FTP, que consiste em quatro pares blindados individualmente de condutores s\u00f3lidos de cobre nu de calibre 23.<\/p>\n<p>Este design protege contra interfer\u00eancias electromagn\u00e9ticas (EMI), assegurando que as suas liga\u00e7\u00f5es de rede permanecem est\u00e1veis e sem interfer\u00eancias, mesmo em ambientes eletricamente ruidosos.<\/p>\n<p>O cabo est\u00e1 equipado com um condutor de cobre s\u00f3lido sem oxig\u00e9nio 23AWG 0,57 mm de alta qualidade, que melhora a transmiss\u00e3o do sinal e assegura um desempenho de rede \u00f3timo.<\/p>\n<p>E o isolamento em espuma protege ainda mais os condutores, mantendo a flexibilidade para uma instala\u00e7\u00e3o f\u00e1cil.<\/p>\n<p>Est\u00e3o dispon\u00edveis v\u00e1rias op\u00e7\u00f5es de revestimento para este cabo blindado Cat 7, incluindo PVC, CMR, CMP, LSZH e PE, permitindo-lhe escolher a op\u00e7\u00e3o ideal para as suas necessidades espec\u00edficas de instala\u00e7\u00e3o.<\/p>\n<p>Al\u00e9m disso, est\u00e1 dispon\u00edvel em v\u00e1rias cores, o que facilita a identifica\u00e7\u00e3o e a gest\u00e3o das suas liga\u00e7\u00f5es de rede.<\/p>\n<p>Al\u00e9m disso, a Fluke e a Network Analyzer testam e verificam o nosso cabo blindado Cat 7, garantindo a sua fiabilidade e desempenho.<\/p>\n<p>Est\u00e1 tamb\u00e9m em conformidade com as normas RoHS e REACH, bem como com as certifica\u00e7\u00f5es CPR Eca e Dca.<\/p>\n<p>Isto garante a utiliza\u00e7\u00e3o de um produto fi\u00e1vel e amigo do ambiente que cumpre as normas da ind\u00fastria, como a IEC\/ISO 11801, ISO\/IEC 61156-5 e ANSI\/TIA568C.2.<\/p>\n<p>Em conclus\u00e3o, com a sua constru\u00e7\u00e3o s\u00f3lida, a gama de op\u00e7\u00f5es de revestimento e a conformidade com as normas da ind\u00fastria, este cabo \u00e9 uma solu\u00e7\u00e3o fi\u00e1vel e vers\u00e1til para todas as suas necessidades de liga\u00e7\u00e3o em rede.<\/p>\n<h2>Descarregar:<\/h2>\n<ul>\n<li>Ficha t\u00e9cnica de Cat7 S\/FTP Netwoking installation bulk cable<\/li>\n<\/ul>\n<h2>Informa\u00e7\u00f5es sobre a encomenda:<\/h2>\n<ul>\n<li>FS17008-C: PVC<\/li>\n<li>FS17008-L: LSZH<\/li>\n<li>FS17008-M: Classifica\u00e7\u00e3o CM<\/li>\n<li>FS17008-R: Elevador CMR<\/li>\n<li>FS17008-P: Pleno CMP<\/li>\n<li>FS17008-E: PE para exterior<\/li>\n<\/ul>","protected":false},"excerpt":{"rendered":"<p>O nosso cabo de instala\u00e7\u00e3o Ethernet Ccat 7 blindado e laminado \u00e9 perfeito para comunica\u00e7\u00f5es de dados de elevado desempenho, oferecendo conetividade fi\u00e1vel para voz e muito mais<\/p>","protected":false},"featured_media":15146,"template":"","meta":{"_acf_changed":false,"_seopress_robots_primary_cat":"","_seopress_titles_title":"Cat 7 Shielded And Foiled Twisted Pair Ethernet Cable - Farsince","_seopress_titles_desc":"","_seopress_robots_index":"","site-sidebar-layout":"default","site-content-layout":"default","ast-site-content-layout":"default","site-content-style":"default","site-sidebar-style":"default","ast-global-header-display":"","ast-banner-title-visibility":"","ast-main-header-display":"","ast-hfb-above-header-display":"","ast-hfb-below-header-display":"","ast-hfb-mobile-header-display":"","site-post-title":"","ast-breadcrumbs-content":"","ast-featured-img":"","footer-sml-layout":"","ast-disable-related-posts":"","theme-transparent-header-meta":"default","adv-header-id-meta":"","stick-header-meta":"","header-above-stick-meta":"","header-main-stick-meta":"","header-below-stick-meta":"","astra-migrate-meta-layouts":"default","ast-page-background-enabled":"default","ast-page-background-meta":{"desktop":{"background-color":"","background-image":"","background-repeat":"repeat","background-position":"center center","background-size":"auto","background-attachment":"scroll","background-type":"","background-media":"","overlay-type":"","overlay-color":"","overlay-opacity":"","overlay-gradient":""},"tablet":{"background-color":"","background-image":"","background-repeat":"repeat","background-position":"center center","background-size":"auto","background-attachment":"scroll","background-type":"","background-media":"","overlay-type":"","overlay-color":"","overlay-opacity":"","overlay-gradient":""},"mobile":{"background-color":"","background-image":"","background-repeat":"repeat","background-position":"center center","background-size":"auto","background-attachment":"scroll","background-type":"","background-media":"","overlay-type":"","overlay-color":"","overlay-opacity":"","overlay-gradient":""}},"ast-content-background-meta":{"desktop":{"background-color":"var(--ast-global-color-5)","background-image":"","background-repeat":"repeat","background-position":"center center","background-size":"auto","background-attachment":"scroll","background-type":"","background-media":"","overlay-type":"","overlay-color":"","overlay-opacity":"","overlay-gradient":""},"tablet":{"background-color":"var(--ast-global-color-5)","background-image":"","background-repeat":"repeat","background-position":"center center","background-size":"auto","background-attachment":"scroll","background-type":"","background-media":"","overlay-type":"","overlay-color":"","overlay-opacity":"","overlay-gradient":""},"mobile":{"background-color":"var(--ast-global-color-5)","background-image":"","background-repeat":"repeat","background-position":"center center","background-size":"auto","background-attachment":"scroll","background-type":"","background-media":"","overlay-type":"","overlay-color":"","overlay-opacity":"","overlay-gradient":""}},"iawp_total_views":54},"product_brand":[],"product_cat":[460,252,209],"product_tag":[],"class_list":{"0":"post-15124","1":"product","2":"type-product","3":"status-publish","4":"has-post-thumbnail","6":"product_cat-featured-products","7":"product_cat-bulk-cables","8":"product_cat-ethernet-cable","9":"desktop-align-left","10":"tablet-align-left","11":"mobile-align-left","13":"first","14":"instock","15":"featured","16":"shipping-taxable","17":"purchasable","18":"product-type-simple"},"acf":[],"_links":{"self":[{"href":"https:\/\/www.fjpremium.com\/pt\/wp-json\/wp\/v2\/product\/15124","targetHints":{"allow":["GET"]}}],"collection":[{"href":"https:\/\/www.fjpremium.com\/pt\/wp-json\/wp\/v2\/product"}],"about":[{"href":"https:\/\/www.fjpremium.com\/pt\/wp-json\/wp\/v2\/types\/product"}],"wp:featuredmedia":[{"embeddable":true,"href":"https:\/\/www.fjpremium.com\/pt\/wp-json\/wp\/v2\/media\/15146"}],"wp:attachment":[{"href":"https:\/\/www.fjpremium.com\/pt\/wp-json\/wp\/v2\/media?parent=15124"}],"wp:term":[{"taxonomy":"product_brand","embeddable":true,"href":"https:\/\/www.fjpremium.com\/pt\/wp-json\/wp\/v2\/product_brand?post=15124"},{"taxonomy":"product_cat","embeddable":true,"href":"https:\/\/www.fjpremium.com\/pt\/wp-json\/wp\/v2\/product_cat?post=15124"},{"taxonomy":"product_tag","embeddable":true,"href":"https:\/\/www.fjpremium.com\/pt\/wp-json\/wp\/v2\/product_tag?post=15124"}],"curies":[{"name":"wp","href":"https:\/\/api.w.org\/{rel}","templated":true}]}}