{"id":15123,"date":"2020-05-29T11:09:15","date_gmt":"2020-05-29T03:09:15","guid":{"rendered":"https:\/\/www.fjpremium.com\/?post_type=product&#038;p=15123"},"modified":"2023-12-14T13:55:55","modified_gmt":"2023-12-14T05:55:55","slug":"cat-6a-s-ftp-shielded-and-foiled-twisted-pair-ethernet-installation-cable-500mhz","status":"publish","type":"product","link":"https:\/\/www.fjpremium.com\/pt\/product\/cat-6a-s-ftp-shielded-and-foiled-twisted-pair-ethernet-installation-cable-500mhz\/","title":{"rendered":"Cabo Cat6A a granel S\/FTP Cabo de instala\u00e7\u00e3o Ethernet de par entran\u00e7ado blindado e revestido"},"content":{"rendered":"<p>O cabo de instala\u00e7\u00e3o Ethernet blindado e laminado CAT6A S\/FTP da Farsince \u00e9 ideal para comunica\u00e7\u00f5es de dados de elevado desempenho para capacidades de voz, dados, v\u00eddeo e seguran\u00e7a.<\/p>\n<p>Este cabo Cat6A em massa permite a transmiss\u00e3o de dados de 10 Gigabit e permite uma banda mais r\u00e1pida at\u00e9 500 MHz. Composto por quatro pares blindados individualmente de condutores de cobre nu s\u00f3lido de calibre 23, com uma blindagem geral em liga de alum\u00ednio e magn\u00e9sio, para repelir as interfer\u00eancias electromagn\u00e9ticas (EMI) em ambientes eletricamente ruidosos, o cabo Ethernet CAT6A em massa tem um revestimento LSZH geral e marca\u00e7\u00f5es sequenciais de p\u00e9s ou metros no revestimento, para que saiba sempre quanto resta.<\/p>\n<h3>Caracter\u00edsticas principais<\/h3>\n<ul>\n<li>S\/FTP<\/li>\n<li>23AWG 0,57mm Cobre s\u00f3lido sem oxig\u00e9nio,<\/li>\n<li>Isolamento em pele de espuma,<\/li>\n<li>PVC\/CMR\/CMP\/LSZH \/PE Op\u00e7\u00f5es de revestimento<\/li>\n<li>Mais op\u00e7\u00f5es de cores<\/li>\n<li>Testado por Fluke e analisador de rede<\/li>\n<li>Conformidade com ROHS, REACH<\/li>\n<li>CPR Eca, Dca Certificado<\/li>\n<\/ul>\n<h3>Conformidade com a norma<\/h3>\n<ul>\n<li>IEC\/ISO 11801<\/li>\n<li>ISO\/IEC 61156-5<\/li>\n<li>ANSI\/TIA568C.2<\/li>\n<\/ul>\n<h2>Especifica\u00e7\u00f5es<\/h2>\n<ul>\n<li>Condutor: 23AWG (1\/0,57 mm), cobre s\u00f3lido nu<\/li>\n<li>Isolamento: Pele de espuma PE<\/li>\n<li>Blindagem: Blindagem de pares individuais por folha de alum\u00ednio<\/li>\n<li>Tran\u00e7ado: 16\/6\/0.12 AL-MG<\/li>\n<li>Di\u00e2metro exterior: 7,8 \u00b1 0,2 mm<\/li>\n<li>Op\u00e7\u00f5es de revestimento: PVC, LSZH, CM, CMR(Riser), CMP(Plenum), PE (Exterior),<\/li>\n<li>Cor: cinzento\/branco\/azul\/preto ou personalizado<\/li>\n<\/ul>\n<h2>Descarregar:<\/h2>\n<ul>\n<li>Ficha t\u00e9cnica de Cat6A S\/FTP Netwoking installation bulk cable<\/li>\n<\/ul>\n<h2>Informa\u00e7\u00f5es sobre a encomenda:<\/h2>\n<ul>\n<li>FS17007-C: PVC<\/li>\n<li>FS17007-L: LSZH<\/li>\n<li>FS17007-M: Classifica\u00e7\u00e3o CM<\/li>\n<li>FS17007-R: Elevador CMR<\/li>\n<li>FS17007-P: Pleno CMP<\/li>\n<li>FS17007-E: PE para exterior<\/li>\n<\/ul>","protected":false},"excerpt":{"rendered":"<p>23AWG Cobre nu s\u00f3lido, 305metros\/1000 p\u00e9s, Mais op\u00e7\u00f5es de cores e materiais de revestimento para cabo ethernet a granel<\/p>","protected":false},"featured_media":15140,"template":"","meta":{"_acf_changed":false,"_seopress_robots_primary_cat":"","_seopress_titles_title":"S\/FTP Shielded and Foiled Twisted Pair Cat6a Bulk Cable - Farsince","_seopress_titles_desc":"Experience the best in network connectivity with Farsince&#039;s Cat6a Bulk Cable. Our cable supports 500MHz and provides reliable and seamless connection for high-speed data transfer. The shielded and foiled design ensures protection against interference and crosstalk, making it perfect for professional use.","_seopress_robots_index":"","site-sidebar-layout":"default","site-content-layout":"default","ast-site-content-layout":"default","site-content-style":"default","site-sidebar-style":"default","ast-global-header-display":"","ast-banner-title-visibility":"","ast-main-header-display":"","ast-hfb-above-header-display":"","ast-hfb-below-header-display":"","ast-hfb-mobile-header-display":"","site-post-title":"","ast-breadcrumbs-content":"","ast-featured-img":"","footer-sml-layout":"","ast-disable-related-posts":"","theme-transparent-header-meta":"default","adv-header-id-meta":"","stick-header-meta":"","header-above-stick-meta":"","header-main-stick-meta":"","header-below-stick-meta":"","astra-migrate-meta-layouts":"set","ast-page-background-enabled":"default","ast-page-background-meta":{"desktop":{"background-color":"","background-image":"","background-repeat":"repeat","background-position":"center center","background-size":"auto","background-attachment":"scroll","background-type":"","background-media":"","overlay-type":"","overlay-color":"","overlay-opacity":"","overlay-gradient":""},"tablet":{"background-color":"","background-image":"","background-repeat":"repeat","background-position":"center center","background-size":"auto","background-attachment":"scroll","background-type":"","background-media":"","overlay-type":"","overlay-color":"","overlay-opacity":"","overlay-gradient":""},"mobile":{"background-color":"","background-image":"","background-repeat":"repeat","background-position":"center center","background-size":"auto","background-attachment":"scroll","background-type":"","background-media":"","overlay-type":"","overlay-color":"","overlay-opacity":"","overlay-gradient":""}},"ast-content-background-meta":{"desktop":{"background-color":"var(--ast-global-color-5)","background-image":"","background-repeat":"repeat","background-position":"center center","background-size":"auto","background-attachment":"scroll","background-type":"","background-media":"","overlay-type":"","overlay-color":"","overlay-opacity":"","overlay-gradient":""},"tablet":{"background-color":"var(--ast-global-color-5)","background-image":"","background-repeat":"repeat","background-position":"center center","background-size":"auto","background-attachment":"scroll","background-type":"","background-media":"","overlay-type":"","overlay-color":"","overlay-opacity":"","overlay-gradient":""},"mobile":{"background-color":"var(--ast-global-color-5)","background-image":"","background-repeat":"repeat","background-position":"center center","background-size":"auto","background-attachment":"scroll","background-type":"","background-media":"","overlay-type":"","overlay-color":"","overlay-opacity":"","overlay-gradient":""}},"iawp_total_views":40},"product_brand":[],"product_cat":[252,209],"product_tag":[],"class_list":{"0":"post-15123","1":"product","2":"type-product","3":"status-publish","4":"has-post-thumbnail","6":"product_cat-bulk-cables","7":"product_cat-ethernet-cable","8":"desktop-align-left","9":"tablet-align-left","10":"mobile-align-left","12":"first","13":"instock","14":"shipping-taxable","15":"purchasable","16":"product-type-simple"},"acf":[],"_links":{"self":[{"href":"https:\/\/www.fjpremium.com\/pt\/wp-json\/wp\/v2\/product\/15123","targetHints":{"allow":["GET"]}}],"collection":[{"href":"https:\/\/www.fjpremium.com\/pt\/wp-json\/wp\/v2\/product"}],"about":[{"href":"https:\/\/www.fjpremium.com\/pt\/wp-json\/wp\/v2\/types\/product"}],"wp:featuredmedia":[{"embeddable":true,"href":"https:\/\/www.fjpremium.com\/pt\/wp-json\/wp\/v2\/media\/15140"}],"wp:attachment":[{"href":"https:\/\/www.fjpremium.com\/pt\/wp-json\/wp\/v2\/media?parent=15123"}],"wp:term":[{"taxonomy":"product_brand","embeddable":true,"href":"https:\/\/www.fjpremium.com\/pt\/wp-json\/wp\/v2\/product_brand?post=15123"},{"taxonomy":"product_cat","embeddable":true,"href":"https:\/\/www.fjpremium.com\/pt\/wp-json\/wp\/v2\/product_cat?post=15123"},{"taxonomy":"product_tag","embeddable":true,"href":"https:\/\/www.fjpremium.com\/pt\/wp-json\/wp\/v2\/product_tag?post=15123"}],"curies":[{"name":"wp","href":"https:\/\/api.w.org\/{rel}","templated":true}]}}