{"id":15122,"date":"2020-05-29T11:09:13","date_gmt":"2020-05-29T03:09:13","guid":{"rendered":"https:\/\/www.fjpremium.com\/?post_type=product&#038;p=15122"},"modified":"2023-12-14T13:55:56","modified_gmt":"2023-12-14T05:55:56","slug":"cat-6a-u-utp-unshielded-twisted-pair-ethernet-installation-cable","status":"publish","type":"product","link":"https:\/\/www.fjpremium.com\/pt\/product\/cat-6a-u-utp-unshielded-twisted-pair-ethernet-installation-cable\/","title":{"rendered":"Cat6A Plenum 1000 p\u00e9s U\/UTP Par Tran\u00e7ado N\u00e3o Blindado - Condutores de Cobre S\u00f3lido 23AWG, Revestimento para Plenum, Transfer\u00eancia de Dados 10Gbps, V\u00e1rias Cores e Comprimentos, Personaliz\u00e1vel"},"content":{"rendered":"<ul>\n<li>O Par Tran\u00e7ado N\u00e3o Blindado U\/UTP Cat6A Plenum 1000 p\u00e9s \u00e9 um cabo de rede de alta qualidade concebido para utiliza\u00e7\u00e3o em espa\u00e7os plenum.<\/li>\n<li>\u00c9 fabricado com condutores de cobre s\u00f3lido 23AWG e possui um revestimento com classifica\u00e7\u00e3o plenum, tornando-o seguro para utiliza\u00e7\u00e3o em \u00e1reas com circula\u00e7\u00e3o de ar.<\/li>\n<li>Este cabo cumpre as normas de desempenho Cat6A e pode suportar velocidades de transfer\u00eancia de dados at\u00e9 10 Gbps.<\/li>\n<li>Est\u00e1 dispon\u00edvel numa variedade de cores e comprimentos e pode ser personalizada para se adaptar a necessidades espec\u00edficas.<\/li>\n<li>Com a sua constru\u00e7\u00e3o duradoura e desempenho fi\u00e1vel, o Cat6A Plenum 1000 p\u00e9s U\/UTP \u00e9 a escolha perfeita para quaisquer aplica\u00e7\u00f5es de rede comerciais ou industriais.<\/li>\n<\/ul>","protected":false},"excerpt":{"rendered":"<p>Cabo de rede Cat6A de alta qualidade com um revestimento com classifica\u00e7\u00e3o plenum para utiliza\u00e7\u00e3o em espa\u00e7os plenum. Cumpre as normas Cat6A e suporta velocidades at\u00e9 10 Gbps.<\/p>","protected":false},"featured_media":15135,"template":"","meta":{"_acf_changed":false,"_seopress_robots_primary_cat":"","_seopress_titles_title":"Cat6A Plenum 1000ft U\/UTP Unshielded Twisted Pair - Farsince","_seopress_titles_desc":"Connect your devices to your network with Farsince&#039;s Cat6A Plenum 1000ft. Our cable provides reliable and seamless connection for high-speed data transfer. The U\/UTP design ensures compatibility with a variety of devices and networks, making it perfect for home or office use.","_seopress_robots_index":"","site-sidebar-layout":"default","site-content-layout":"default","ast-site-content-layout":"default","site-content-style":"default","site-sidebar-style":"default","ast-global-header-display":"","ast-banner-title-visibility":"","ast-main-header-display":"","ast-hfb-above-header-display":"","ast-hfb-below-header-display":"","ast-hfb-mobile-header-display":"","site-post-title":"","ast-breadcrumbs-content":"","ast-featured-img":"","footer-sml-layout":"","ast-disable-related-posts":"","theme-transparent-header-meta":"default","adv-header-id-meta":"","stick-header-meta":"","header-above-stick-meta":"","header-main-stick-meta":"","header-below-stick-meta":"","astra-migrate-meta-layouts":"set","ast-page-background-enabled":"default","ast-page-background-meta":{"desktop":{"background-color":"","background-image":"","background-repeat":"repeat","background-position":"center center","background-size":"auto","background-attachment":"scroll","background-type":"","background-media":"","overlay-type":"","overlay-color":"","overlay-opacity":"","overlay-gradient":""},"tablet":{"background-color":"","background-image":"","background-repeat":"repeat","background-position":"center center","background-size":"auto","background-attachment":"scroll","background-type":"","background-media":"","overlay-type":"","overlay-color":"","overlay-opacity":"","overlay-gradient":""},"mobile":{"background-color":"","background-image":"","background-repeat":"repeat","background-position":"center center","background-size":"auto","background-attachment":"scroll","background-type":"","background-media":"","overlay-type":"","overlay-color":"","overlay-opacity":"","overlay-gradient":""}},"ast-content-background-meta":{"desktop":{"background-color":"var(--ast-global-color-5)","background-image":"","background-repeat":"repeat","background-position":"center center","background-size":"auto","background-attachment":"scroll","background-type":"","background-media":"","overlay-type":"","overlay-color":"","overlay-opacity":"","overlay-gradient":""},"tablet":{"background-color":"var(--ast-global-color-5)","background-image":"","background-repeat":"repeat","background-position":"center center","background-size":"auto","background-attachment":"scroll","background-type":"","background-media":"","overlay-type":"","overlay-color":"","overlay-opacity":"","overlay-gradient":""},"mobile":{"background-color":"var(--ast-global-color-5)","background-image":"","background-repeat":"repeat","background-position":"center center","background-size":"auto","background-attachment":"scroll","background-type":"","background-media":"","overlay-type":"","overlay-color":"","overlay-opacity":"","overlay-gradient":""}},"iawp_total_views":6},"product_brand":[],"product_cat":[252,209],"product_tag":[],"class_list":{"0":"post-15122","1":"product","2":"type-product","3":"status-publish","4":"has-post-thumbnail","6":"product_cat-bulk-cables","7":"product_cat-ethernet-cable","8":"desktop-align-left","9":"tablet-align-left","10":"mobile-align-left","12":"first","13":"instock","14":"shipping-taxable","15":"purchasable","16":"product-type-simple"},"acf":[],"_links":{"self":[{"href":"https:\/\/www.fjpremium.com\/pt\/wp-json\/wp\/v2\/product\/15122","targetHints":{"allow":["GET"]}}],"collection":[{"href":"https:\/\/www.fjpremium.com\/pt\/wp-json\/wp\/v2\/product"}],"about":[{"href":"https:\/\/www.fjpremium.com\/pt\/wp-json\/wp\/v2\/types\/product"}],"wp:featuredmedia":[{"embeddable":true,"href":"https:\/\/www.fjpremium.com\/pt\/wp-json\/wp\/v2\/media\/15135"}],"wp:attachment":[{"href":"https:\/\/www.fjpremium.com\/pt\/wp-json\/wp\/v2\/media?parent=15122"}],"wp:term":[{"taxonomy":"product_brand","embeddable":true,"href":"https:\/\/www.fjpremium.com\/pt\/wp-json\/wp\/v2\/product_brand?post=15122"},{"taxonomy":"product_cat","embeddable":true,"href":"https:\/\/www.fjpremium.com\/pt\/wp-json\/wp\/v2\/product_cat?post=15122"},{"taxonomy":"product_tag","embeddable":true,"href":"https:\/\/www.fjpremium.com\/pt\/wp-json\/wp\/v2\/product_tag?post=15122"}],"curies":[{"name":"wp","href":"https:\/\/api.w.org\/{rel}","templated":true}]}}