{"id":15036,"date":"2020-05-25T16:32:31","date_gmt":"2020-05-25T08:32:31","guid":{"rendered":"https:\/\/www.fjpremium.com\/?post_type=product&#038;p=15036"},"modified":"2024-01-12T15:48:14","modified_gmt":"2024-01-12T07:48:14","slug":"cat5e-cat6-cat6a-rj45-utp-unshield-male-to-female-panel-mount-extention-cable","status":"publish","type":"product","link":"https:\/\/www.fjpremium.com\/pt\/product\/cat5e-cat6-cat6a-rj45-utp-unshield-male-to-female-panel-mount-extention-cable\/","title":{"rendered":"Cat5e\/Cat6\/Cat6a RJ45 Cabo de par tran\u00e7ado n\u00e3o blindado macho para f\u00eamea"},"content":{"rendered":"<p>A nossa solu\u00e7\u00e3o excecional amplifica o alcance entre diversos componentes da rede LAN atrav\u00e9s de um painel, permitindo liga\u00e7\u00f5es a partir de fontes seguras e isoladas.<\/p>\n<p>Est\u00e1 em conformidade com as expectativas de desempenho da Categoria 5E definidas nas especifica\u00e7\u00f5es TIA\/EIA-568-C.2. E os contactos banhados a ouro e as botas de al\u00edvio de tens\u00e3o moldadas garantem a durabilidade do cabo e uma liga\u00e7\u00e3o segura.<\/p>\n<p>Os condutores de cobre nu deste cabo de par entran\u00e7ado n\u00e3o blindado optimizam o desempenho do cabo e cumprem as especifica\u00e7\u00f5es dos cabos de comunica\u00e7\u00e3o.<\/p>\n<p>A elevada largura de banda de at\u00e9 350 MHz assegura uma r\u00e1pida transfer\u00eancia de dados para aplica\u00e7\u00f5es de servidor, computa\u00e7\u00e3o em nuvem, vigil\u00e2ncia por v\u00eddeo e transmiss\u00e3o de v\u00eddeo HD.<\/p>\n<p>As suas especifica\u00e7\u00f5es:<\/p>\n<ul>\n<li>Conector 1: RJ45 macho<\/li>\n<li>Conector 2: RJ45 f\u00eamea com fecho de parafuso<\/li>\n<li>Contacto banhado a ouro 3U, concha banhada a n\u00edquel<\/li>\n<li>Tipo de porca e parafuso: #M3 niquelado<\/li>\n<li>Isolamento: Espuma de PE SKIN\/HDPE<\/li>\n<li>Bitola do fio: 26AWG 7\/0,15mm<\/li>\n<li>Carca\u00e7a: Moldagem por inje\u00e7\u00e3o<\/li>\n<li>Revestimento: PVC<\/li>\n<li>Di\u00e2metro exterior: 5,5\u00b1 0,2 mm ou 6,0\u00b1 0,2 mm<\/li>\n<li>Conformidade: RoHS, REACH<\/li>\n<\/ul>\n<p>Al\u00e9m disso, pode confiar na garantia de 2 anos da FARSINCE. Em suma, contacte-nos hoje mesmo e encomende-o.<\/p>","protected":false},"excerpt":{"rendered":"<p>Amplie o alcance da rede com o cabo de par tran\u00e7ado n\u00e3o blindado FARSINCE Cat5e\/Cat6\/Cat6a RJ45, que oferece transfer\u00eancia de dados em alta velocidade e constru\u00e7\u00e3o robusta.<\/p>","protected":false},"featured_media":15042,"template":"","meta":{"_acf_changed":false,"_seopress_robots_primary_cat":"","_seopress_titles_title":"Cat5e\/Cat6\/Cat6a RJ45 Unshielded Twisted Pair Cable - Farsince","_seopress_titles_desc":"","_seopress_robots_index":"","site-sidebar-layout":"default","site-content-layout":"default","ast-site-content-layout":"default","site-content-style":"default","site-sidebar-style":"default","ast-global-header-display":"","ast-banner-title-visibility":"","ast-main-header-display":"","ast-hfb-above-header-display":"","ast-hfb-below-header-display":"","ast-hfb-mobile-header-display":"","site-post-title":"","ast-breadcrumbs-content":"","ast-featured-img":"","footer-sml-layout":"","ast-disable-related-posts":"","theme-transparent-header-meta":"default","adv-header-id-meta":"","stick-header-meta":"","header-above-stick-meta":"","header-main-stick-meta":"","header-below-stick-meta":"","astra-migrate-meta-layouts":"set","ast-page-background-enabled":"default","ast-page-background-meta":{"desktop":{"background-color":"","background-image":"","background-repeat":"repeat","background-position":"center center","background-size":"auto","background-attachment":"scroll","background-type":"","background-media":"","overlay-type":"","overlay-color":"","overlay-opacity":"","overlay-gradient":""},"tablet":{"background-color":"","background-image":"","background-repeat":"repeat","background-position":"center center","background-size":"auto","background-attachment":"scroll","background-type":"","background-media":"","overlay-type":"","overlay-color":"","overlay-opacity":"","overlay-gradient":""},"mobile":{"background-color":"","background-image":"","background-repeat":"repeat","background-position":"center center","background-size":"auto","background-attachment":"scroll","background-type":"","background-media":"","overlay-type":"","overlay-color":"","overlay-opacity":"","overlay-gradient":""}},"ast-content-background-meta":{"desktop":{"background-color":"var(--ast-global-color-5)","background-image":"","background-repeat":"repeat","background-position":"center center","background-size":"auto","background-attachment":"scroll","background-type":"","background-media":"","overlay-type":"","overlay-color":"","overlay-opacity":"","overlay-gradient":""},"tablet":{"background-color":"var(--ast-global-color-5)","background-image":"","background-repeat":"repeat","background-position":"center center","background-size":"auto","background-attachment":"scroll","background-type":"","background-media":"","overlay-type":"","overlay-color":"","overlay-opacity":"","overlay-gradient":""},"mobile":{"background-color":"var(--ast-global-color-5)","background-image":"","background-repeat":"repeat","background-position":"center center","background-size":"auto","background-attachment":"scroll","background-type":"","background-media":"","overlay-type":"","overlay-color":"","overlay-opacity":"","overlay-gradient":""}},"iawp_total_views":8},"product_brand":[],"product_cat":[238,678],"product_tag":[],"class_list":{"0":"post-15036","1":"product","2":"type-product","3":"status-publish","4":"has-post-thumbnail","6":"product_cat-panel-mount","7":"product_cat-panel-mount-cables","8":"desktop-align-left","9":"tablet-align-left","10":"mobile-align-left","12":"first","13":"instock","14":"shipping-taxable","15":"purchasable","16":"product-type-simple"},"acf":[],"_links":{"self":[{"href":"https:\/\/www.fjpremium.com\/pt\/wp-json\/wp\/v2\/product\/15036","targetHints":{"allow":["GET"]}}],"collection":[{"href":"https:\/\/www.fjpremium.com\/pt\/wp-json\/wp\/v2\/product"}],"about":[{"href":"https:\/\/www.fjpremium.com\/pt\/wp-json\/wp\/v2\/types\/product"}],"wp:featuredmedia":[{"embeddable":true,"href":"https:\/\/www.fjpremium.com\/pt\/wp-json\/wp\/v2\/media\/15042"}],"wp:attachment":[{"href":"https:\/\/www.fjpremium.com\/pt\/wp-json\/wp\/v2\/media?parent=15036"}],"wp:term":[{"taxonomy":"product_brand","embeddable":true,"href":"https:\/\/www.fjpremium.com\/pt\/wp-json\/wp\/v2\/product_brand?post=15036"},{"taxonomy":"product_cat","embeddable":true,"href":"https:\/\/www.fjpremium.com\/pt\/wp-json\/wp\/v2\/product_cat?post=15036"},{"taxonomy":"product_tag","embeddable":true,"href":"https:\/\/www.fjpremium.com\/pt\/wp-json\/wp\/v2\/product_tag?post=15036"}],"curies":[{"name":"wp","href":"https:\/\/api.w.org\/{rel}","templated":true}]}}