{"id":15029,"date":"2020-05-25T16:29:39","date_gmt":"2020-05-25T08:29:39","guid":{"rendered":"https:\/\/www.fjpremium.com\/?post_type=product&#038;p=15029"},"modified":"2024-03-18T14:58:27","modified_gmt":"2024-03-18T06:58:27","slug":"cat5e-cat6-cat6a-rj45-female-to-female-ethernet-panel-mount-coupler-adapter","status":"publish","type":"product","link":"https:\/\/www.fjpremium.com\/pt\/product\/cat5e-cat6-cat6a-rj45-female-to-female-ethernet-panel-mount-coupler-adapter\/","title":{"rendered":"Acoplador de montagem em painel Cat5e\/Cat6\/Cat6a RJ45 F\u00eamea para F\u00eamea"},"content":{"rendered":"<p>A fus\u00e3o de dois cabos de liga\u00e7\u00e3o atrav\u00e9s de um painel \u00e9 agora muito f\u00e1cil, permitindo-lhe estabelecer uma liga\u00e7\u00e3o segura a partir de uma fonte fechada.<\/p>\n<p>Este acoplador RJ45 compacto para montagem em painel foi concebido para minimizar a perda de sinal, proporcionando um desempenho de transmiss\u00e3o superior.<\/p>\n<p>Ultrapassa sem esfor\u00e7o as especifica\u00e7\u00f5es TIA\/EIA-568-C.2 e ISO\/IEC 11801, garantindo o funcionamento excecional da sua rede. Al\u00e9m disso, os contactos banhados a ouro e as botas de al\u00edvio de tens\u00e3o moldadas aumentam a durabilidade e asseguram a liga\u00e7\u00e3o.<\/p>\n<p>As suas especifica\u00e7\u00f5es:<\/p>\n<ul>\n<li>Tipo de porca e parafuso: #M3 niquelado<\/li>\n<li>Moldagem interior: LDPE<\/li>\n<li>Moldagem exterior: PVC 45P, preto<\/li>\n<li>Conformidade: RoHS, REACH<\/li>\n<\/ul>\n<p>Al\u00e9m disso, pode confiar nos nossos rigorosos testes de normas industriais e na nossa garantia de 2 anos para lhe dar paz de esp\u00edrito. Por conseguinte, contacte-nos hoje mesmo e encomende-o.<\/p>","protected":false},"excerpt":{"rendered":"<p>Assegure uma conetividade de rede sem falhas com o acoplador de montagem em painel Cat5E\/CAT6\/CAT6A RJ45 de alta qualidade da Farsince, concebido para uma perda m\u00ednima de sinal.<\/p>","protected":false},"featured_media":15030,"template":"","meta":{"_acf_changed":false,"_seopress_robots_primary_cat":"","_seopress_titles_title":"Cat5e\/Cat6\/Cat6a RJ45 Panel Mount Coupler - Farsince","_seopress_titles_desc":"","_seopress_robots_index":"","site-sidebar-layout":"default","site-content-layout":"default","ast-site-content-layout":"default","site-content-style":"default","site-sidebar-style":"default","ast-global-header-display":"","ast-banner-title-visibility":"","ast-main-header-display":"","ast-hfb-above-header-display":"","ast-hfb-below-header-display":"","ast-hfb-mobile-header-display":"","site-post-title":"","ast-breadcrumbs-content":"","ast-featured-img":"","footer-sml-layout":"","ast-disable-related-posts":"","theme-transparent-header-meta":"default","adv-header-id-meta":"","stick-header-meta":"","header-above-stick-meta":"","header-main-stick-meta":"","header-below-stick-meta":"","astra-migrate-meta-layouts":"set","ast-page-background-enabled":"default","ast-page-background-meta":{"desktop":{"background-color":"","background-image":"","background-repeat":"repeat","background-position":"center center","background-size":"auto","background-attachment":"scroll","background-type":"","background-media":"","overlay-type":"","overlay-color":"","overlay-opacity":"","overlay-gradient":""},"tablet":{"background-color":"","background-image":"","background-repeat":"repeat","background-position":"center center","background-size":"auto","background-attachment":"scroll","background-type":"","background-media":"","overlay-type":"","overlay-color":"","overlay-opacity":"","overlay-gradient":""},"mobile":{"background-color":"","background-image":"","background-repeat":"repeat","background-position":"center center","background-size":"auto","background-attachment":"scroll","background-type":"","background-media":"","overlay-type":"","overlay-color":"","overlay-opacity":"","overlay-gradient":""}},"ast-content-background-meta":{"desktop":{"background-color":"var(--ast-global-color-5)","background-image":"","background-repeat":"repeat","background-position":"center center","background-size":"auto","background-attachment":"scroll","background-type":"","background-media":"","overlay-type":"","overlay-color":"","overlay-opacity":"","overlay-gradient":""},"tablet":{"background-color":"var(--ast-global-color-5)","background-image":"","background-repeat":"repeat","background-position":"center center","background-size":"auto","background-attachment":"scroll","background-type":"","background-media":"","overlay-type":"","overlay-color":"","overlay-opacity":"","overlay-gradient":""},"mobile":{"background-color":"var(--ast-global-color-5)","background-image":"","background-repeat":"repeat","background-position":"center center","background-size":"auto","background-attachment":"scroll","background-type":"","background-media":"","overlay-type":"","overlay-color":"","overlay-opacity":"","overlay-gradient":""}},"iawp_total_views":6},"product_brand":[],"product_cat":[238,679],"product_tag":[],"class_list":{"0":"post-15029","1":"product","2":"type-product","3":"status-publish","4":"has-post-thumbnail","6":"product_cat-panel-mount","7":"product_cat-panel-mount-couplers","8":"desktop-align-left","9":"tablet-align-left","10":"mobile-align-left","12":"first","13":"instock","14":"shipping-taxable","15":"purchasable","16":"product-type-simple"},"acf":[],"_links":{"self":[{"href":"https:\/\/www.fjpremium.com\/pt\/wp-json\/wp\/v2\/product\/15029","targetHints":{"allow":["GET"]}}],"collection":[{"href":"https:\/\/www.fjpremium.com\/pt\/wp-json\/wp\/v2\/product"}],"about":[{"href":"https:\/\/www.fjpremium.com\/pt\/wp-json\/wp\/v2\/types\/product"}],"wp:featuredmedia":[{"embeddable":true,"href":"https:\/\/www.fjpremium.com\/pt\/wp-json\/wp\/v2\/media\/15030"}],"wp:attachment":[{"href":"https:\/\/www.fjpremium.com\/pt\/wp-json\/wp\/v2\/media?parent=15029"}],"wp:term":[{"taxonomy":"product_brand","embeddable":true,"href":"https:\/\/www.fjpremium.com\/pt\/wp-json\/wp\/v2\/product_brand?post=15029"},{"taxonomy":"product_cat","embeddable":true,"href":"https:\/\/www.fjpremium.com\/pt\/wp-json\/wp\/v2\/product_cat?post=15029"},{"taxonomy":"product_tag","embeddable":true,"href":"https:\/\/www.fjpremium.com\/pt\/wp-json\/wp\/v2\/product_tag?post=15029"}],"curies":[{"name":"wp","href":"https:\/\/api.w.org\/{rel}","templated":true}]}}