{"id":14987,"date":"2020-05-25T15:55:50","date_gmt":"2020-05-25T07:55:50","guid":{"rendered":"https:\/\/www.fjpremium.com\/?post_type=product&#038;p=14987"},"modified":"2024-03-14T14:36:31","modified_gmt":"2024-03-14T06:36:31","slug":"40gbps-thunderbolt-3-male-to-female-ethernet-panel-mount-extension-cable","status":"publish","type":"product","link":"https:\/\/www.fjpremium.com\/pt\/product\/40gbps-thunderbolt-3-male-to-female-ethernet-panel-mount-extension-cable\/","title":{"rendered":"Cabo de extens\u00e3o Thunderbolt de 40Gbps USB4 Thunderbolt 3 macho para f\u00eamea para montagem em painel Ethernet"},"content":{"rendered":"<div class=\"ast-oembed-container\" style=\"height: 100%;\"><iframe title=\"A extens\u00e3o de montagem em painel USB4 Thunderbolt 3 macho para f\u00eamea funciona na perfei\u00e7\u00e3o em testes de 40 Gbps\" width=\"500\" height=\"281\" src=\"https:\/\/www.youtube.com\/embed\/BC1wiqakjcQ?feature=oembed\" frameborder=\"0\" allow=\"accelerometer; autoplay; clipboard-write; encrypted-media; gyroscope; picture-in-picture; web-share\" referrerpolicy=\"strict-origin-when-cross-origin\" allowfullscreen><\/iframe><\/div>\n<p>&nbsp;<\/p>\n<p>Este cabo de elevado desempenho \u00e9 a solu\u00e7\u00e3o perfeita para prolongar a conetividade Thunderbolt 3 e USB4 atrav\u00e9s de um painel, ideal para conetividade de ecr\u00e3s em locais seguros.<\/p>\n<p>Foi concebido para uma perda m\u00ednima de sinal, transmitindo eficazmente sinais de \u00e1udio e v\u00eddeo para uma transmiss\u00e3o de v\u00eddeo ou experi\u00eancias de jogo de alto n\u00edvel.<\/p>\n<p>O nosso cabo de extens\u00e3o thunderbolt possui um design de parafuso para liga\u00e7\u00f5es seguras e suporta 40Gbps para comprimentos inferiores a 0,8m ou 20Gbps para comprimentos inferiores a 2,0m.<\/p>\n<p>Pode alimentar duas resolu\u00e7\u00f5es 4K ou uma \u00fanica resolu\u00e7\u00e3o 8K, tornando-o um recurso indispens\u00e1vel para o seu arsenal tecnol\u00f3gico.<\/p>\n<p>As suas especifica\u00e7\u00f5es:<\/p>\n<ul>\n<li>Conector 1: Thunderbolt 3 e USB4 (USB Type-C) macho<\/li>\n<li>Conector 2: Thunderbolt 3 e USB 4 (USB Type-C) F\u00eamea com fecho de rosca<\/li>\n<li>Tipo de porca e parafuso: #4-40 niquelado<\/li>\n<li>Passo do furo: 25\u00b10,2mm<\/li>\n<li>Contacto banhado a ouro, concha banhada a n\u00edquel<\/li>\n<li>Condutor do cabo: Cobre estanhado<\/li>\n<li>Tipo de cabo: Torcido ou coaxial<\/li>\n<li>Isolamento: Espuma de PE SKIN\/HDPE<\/li>\n<li>Bitola do fio: 30AWG<\/li>\n<li>Blindagem: par entran\u00e7ado de folha de alum\u00ednio, folha de alum\u00ednio geral, tran\u00e7a de cobre estanhado<\/li>\n<li>Carca\u00e7a: Moldagem por inje\u00e7\u00e3o<\/li>\n<li>Revestimento: PVC<\/li>\n<li>Di\u00e2metro exterior: 4,5\u00b10,2mm<\/li>\n<li>Taxa de transfer\u00eancia de dados: 40Gbps<\/li>\n<li>Resolu\u00e7\u00e3o de v\u00eddeo: at\u00e9 8K@60Hz<\/li>\n<\/ul>\n<p>Al\u00e9m disso, o cabo est\u00e1 em conformidade com as normas RoHS, REACH e CE, garantindo a seguran\u00e7a e a qualidade do produto. Assim, contacte-nos hoje mesmo e invista neste cabo de extens\u00e3o Thunderbolt.<\/p>","protected":false},"excerpt":{"rendered":"<p>Liberte a conetividade de alta velocidade com o cabo de extens\u00e3o Thunderbolt de 40 Gbps da FARSINCE, concebido para uma perda m\u00ednima de sinal e compat\u00edvel com a resolu\u00e7\u00e3o de v\u00eddeo 5K.<\/p>","protected":false},"featured_media":23741,"template":"","meta":{"_acf_changed":false,"_seopress_robots_primary_cat":"","_seopress_titles_title":"Best Thunderbolt Extension Cable - Farsince","_seopress_titles_desc":"","_seopress_robots_index":"","site-sidebar-layout":"default","site-content-layout":"default","ast-site-content-layout":"default","site-content-style":"default","site-sidebar-style":"default","ast-global-header-display":"","ast-banner-title-visibility":"","ast-main-header-display":"","ast-hfb-above-header-display":"","ast-hfb-below-header-display":"","ast-hfb-mobile-header-display":"","site-post-title":"","ast-breadcrumbs-content":"","ast-featured-img":"","footer-sml-layout":"","ast-disable-related-posts":"","theme-transparent-header-meta":"default","adv-header-id-meta":"","stick-header-meta":"","header-above-stick-meta":"","header-main-stick-meta":"","header-below-stick-meta":"","astra-migrate-meta-layouts":"set","ast-page-background-enabled":"default","ast-page-background-meta":{"desktop":{"background-color":"","background-image":"","background-repeat":"repeat","background-position":"center center","background-size":"auto","background-attachment":"scroll","background-type":"","background-media":"","overlay-type":"","overlay-color":"","overlay-opacity":"","overlay-gradient":""},"tablet":{"background-color":"","background-image":"","background-repeat":"repeat","background-position":"center center","background-size":"auto","background-attachment":"scroll","background-type":"","background-media":"","overlay-type":"","overlay-color":"","overlay-opacity":"","overlay-gradient":""},"mobile":{"background-color":"","background-image":"","background-repeat":"repeat","background-position":"center center","background-size":"auto","background-attachment":"scroll","background-type":"","background-media":"","overlay-type":"","overlay-color":"","overlay-opacity":"","overlay-gradient":""}},"ast-content-background-meta":{"desktop":{"background-color":"var(--ast-global-color-5)","background-image":"","background-repeat":"repeat","background-position":"center center","background-size":"auto","background-attachment":"scroll","background-type":"","background-media":"","overlay-type":"","overlay-color":"","overlay-opacity":"","overlay-gradient":""},"tablet":{"background-color":"var(--ast-global-color-5)","background-image":"","background-repeat":"repeat","background-position":"center center","background-size":"auto","background-attachment":"scroll","background-type":"","background-media":"","overlay-type":"","overlay-color":"","overlay-opacity":"","overlay-gradient":""},"mobile":{"background-color":"var(--ast-global-color-5)","background-image":"","background-repeat":"repeat","background-position":"center center","background-size":"auto","background-attachment":"scroll","background-type":"","background-media":"","overlay-type":"","overlay-color":"","overlay-opacity":"","overlay-gradient":""}},"iawp_total_views":671},"product_brand":[],"product_cat":[460,653,634,238,678],"product_tag":[],"class_list":{"0":"post-14987","1":"product","2":"type-product","3":"status-publish","4":"has-post-thumbnail","6":"product_cat-featured-products","7":"product_cat-usb-c","8":"product_cat-usb4-thunderbolt","9":"product_cat-panel-mount","10":"product_cat-panel-mount-cables","11":"desktop-align-left","12":"tablet-align-left","13":"mobile-align-left","15":"first","16":"instock","17":"featured","18":"shipping-taxable","19":"purchasable","20":"product-type-simple"},"acf":[],"_links":{"self":[{"href":"https:\/\/www.fjpremium.com\/pt\/wp-json\/wp\/v2\/product\/14987","targetHints":{"allow":["GET"]}}],"collection":[{"href":"https:\/\/www.fjpremium.com\/pt\/wp-json\/wp\/v2\/product"}],"about":[{"href":"https:\/\/www.fjpremium.com\/pt\/wp-json\/wp\/v2\/types\/product"}],"wp:featuredmedia":[{"embeddable":true,"href":"https:\/\/www.fjpremium.com\/pt\/wp-json\/wp\/v2\/media\/23741"}],"wp:attachment":[{"href":"https:\/\/www.fjpremium.com\/pt\/wp-json\/wp\/v2\/media?parent=14987"}],"wp:term":[{"taxonomy":"product_brand","embeddable":true,"href":"https:\/\/www.fjpremium.com\/pt\/wp-json\/wp\/v2\/product_brand?post=14987"},{"taxonomy":"product_cat","embeddable":true,"href":"https:\/\/www.fjpremium.com\/pt\/wp-json\/wp\/v2\/product_cat?post=14987"},{"taxonomy":"product_tag","embeddable":true,"href":"https:\/\/www.fjpremium.com\/pt\/wp-json\/wp\/v2\/product_tag?post=14987"}],"curies":[{"name":"wp","href":"https:\/\/api.w.org\/{rel}","templated":true}]}}