{"id":14984,"date":"2020-05-25T15:55:40","date_gmt":"2020-05-25T07:55:40","guid":{"rendered":"https:\/\/www.fjpremium.com\/?post_type=product&#038;p=14984"},"modified":"2024-03-14T10:39:22","modified_gmt":"2024-03-14T02:39:22","slug":"usb-3-1-type-c-male-to-female-panel-mount-extension-cable","status":"publish","type":"product","link":"https:\/\/www.fjpremium.com\/pt\/product\/usb-3-1-type-c-male-to-female-panel-mount-extension-cable\/","title":{"rendered":"Cabo de extens\u00e3o USB 3.1 tipo C macho para f\u00eamea para montagem em painel"},"content":{"rendered":"<p>O nosso cabo \u00e9 a solu\u00e7\u00e3o ideal para ligar dois cabos USB tipo C atrav\u00e9s de um painel, oferecendo-lhe uma forma segura de fornecer conetividade a partir de uma fonte confinada.<\/p>\n<p>E com o seu design conciso e comprimento limitado, garante uma perda m\u00ednima de sinal.<\/p>\n<p>Com a sua liga\u00e7\u00e3o r\u00e1pida e sem esfor\u00e7o a qualquer dispositivo USB, este cabo de extens\u00e3o USB 3.1 oferece uma taxa de transfer\u00eancia de at\u00e9 10 Gbps.<\/p>\n<p>Um conetor angular de 90 graus \u00e9 uma carater\u00edstica de destaque, oferecendo acesso f\u00e1cil \u00e0 porta, reduzindo a tens\u00e3o no ponto de liga\u00e7\u00e3o e evitando poss\u00edveis danos no cabo e na porta dos seus dispositivos.<\/p>\n<p>As suas especifica\u00e7\u00f5es:<\/p>\n<ul>\n<li>Tipo de porca e parafuso: #4-40 niquelado<\/li>\n<li>Contacto banhado a ouro, concha banhada a n\u00edquel<\/li>\n<li>Condutor do cabo: Cobre estanhado<\/li>\n<li>Isolamento: Espuma de PE SKIN\/HDPE<\/li>\n<li>Bitola do fio: 34\/32\/26AWG<\/li>\n<li>Carca\u00e7a: Moldagem por inje\u00e7\u00e3o<\/li>\n<li>Revestimento: PVC<\/li>\n<li>Di\u00e2metro exterior: 4,2\u00b10,2 mm<\/li>\n<li>Conformidade: RoHS, REACH, CE<\/li>\n<\/ul>\n<p>Al\u00e9m disso, a sua blindagem de folha e tran\u00e7a proporciona uma prote\u00e7\u00e3o completa contra interfer\u00eancias EMI\/RFI, e o design de par entran\u00e7ado reduz a diafonia, prometendo uma transmiss\u00e3o de dados de alta velocidade e sem erros.<\/p>\n<p>Testado para um desempenho \u00f3timo de acordo com as normas da ind\u00fastria, este cabo de extens\u00e3o USB 3.1 de alta qualidade est\u00e1 totalmente operacional e tem uma garantia de 2 anos da Farsince. Em geral, contacte-nos hoje e invista nele.<\/p>","protected":false},"excerpt":{"rendered":"<p>Desfrute da transfer\u00eancia de dados a alta velocidade com o cabo de extens\u00e3o USB 3.1 angular da Farsine, compat\u00edvel com o carregamento r\u00e1pido USB, a melhor escolha para o desempenho.<\/p>","protected":false},"featured_media":15004,"template":"","meta":{"_acf_changed":false,"_seopress_robots_primary_cat":"","_seopress_titles_title":"Best Panel Mount USB 3.1 Extension Cable - Farsince","_seopress_titles_desc":"","_seopress_robots_index":"","site-sidebar-layout":"default","site-content-layout":"default","ast-site-content-layout":"default","site-content-style":"default","site-sidebar-style":"default","ast-global-header-display":"","ast-banner-title-visibility":"","ast-main-header-display":"","ast-hfb-above-header-display":"","ast-hfb-below-header-display":"","ast-hfb-mobile-header-display":"","site-post-title":"","ast-breadcrumbs-content":"","ast-featured-img":"","footer-sml-layout":"","ast-disable-related-posts":"","theme-transparent-header-meta":"default","adv-header-id-meta":"","stick-header-meta":"","header-above-stick-meta":"","header-main-stick-meta":"","header-below-stick-meta":"","astra-migrate-meta-layouts":"set","ast-page-background-enabled":"default","ast-page-background-meta":{"desktop":{"background-color":"","background-image":"","background-repeat":"repeat","background-position":"center center","background-size":"auto","background-attachment":"scroll","background-type":"","background-media":"","overlay-type":"","overlay-color":"","overlay-opacity":"","overlay-gradient":""},"tablet":{"background-color":"","background-image":"","background-repeat":"repeat","background-position":"center center","background-size":"auto","background-attachment":"scroll","background-type":"","background-media":"","overlay-type":"","overlay-color":"","overlay-opacity":"","overlay-gradient":""},"mobile":{"background-color":"","background-image":"","background-repeat":"repeat","background-position":"center center","background-size":"auto","background-attachment":"scroll","background-type":"","background-media":"","overlay-type":"","overlay-color":"","overlay-opacity":"","overlay-gradient":""}},"ast-content-background-meta":{"desktop":{"background-color":"var(--ast-global-color-5)","background-image":"","background-repeat":"repeat","background-position":"center center","background-size":"auto","background-attachment":"scroll","background-type":"","background-media":"","overlay-type":"","overlay-color":"","overlay-opacity":"","overlay-gradient":""},"tablet":{"background-color":"var(--ast-global-color-5)","background-image":"","background-repeat":"repeat","background-position":"center center","background-size":"auto","background-attachment":"scroll","background-type":"","background-media":"","overlay-type":"","overlay-color":"","overlay-opacity":"","overlay-gradient":""},"mobile":{"background-color":"var(--ast-global-color-5)","background-image":"","background-repeat":"repeat","background-position":"center center","background-size":"auto","background-attachment":"scroll","background-type":"","background-media":"","overlay-type":"","overlay-color":"","overlay-opacity":"","overlay-gradient":""}},"iawp_total_views":113},"product_brand":[],"product_cat":[460,238,678],"product_tag":[],"class_list":{"0":"post-14984","1":"product","2":"type-product","3":"status-publish","4":"has-post-thumbnail","6":"product_cat-featured-products","7":"product_cat-panel-mount","8":"product_cat-panel-mount-cables","9":"desktop-align-left","10":"tablet-align-left","11":"mobile-align-left","13":"first","14":"instock","15":"featured","16":"shipping-taxable","17":"purchasable","18":"product-type-simple"},"acf":[],"_links":{"self":[{"href":"https:\/\/www.fjpremium.com\/pt\/wp-json\/wp\/v2\/product\/14984","targetHints":{"allow":["GET"]}}],"collection":[{"href":"https:\/\/www.fjpremium.com\/pt\/wp-json\/wp\/v2\/product"}],"about":[{"href":"https:\/\/www.fjpremium.com\/pt\/wp-json\/wp\/v2\/types\/product"}],"wp:featuredmedia":[{"embeddable":true,"href":"https:\/\/www.fjpremium.com\/pt\/wp-json\/wp\/v2\/media\/15004"}],"wp:attachment":[{"href":"https:\/\/www.fjpremium.com\/pt\/wp-json\/wp\/v2\/media?parent=14984"}],"wp:term":[{"taxonomy":"product_brand","embeddable":true,"href":"https:\/\/www.fjpremium.com\/pt\/wp-json\/wp\/v2\/product_brand?post=14984"},{"taxonomy":"product_cat","embeddable":true,"href":"https:\/\/www.fjpremium.com\/pt\/wp-json\/wp\/v2\/product_cat?post=14984"},{"taxonomy":"product_tag","embeddable":true,"href":"https:\/\/www.fjpremium.com\/pt\/wp-json\/wp\/v2\/product_tag?post=14984"}],"curies":[{"name":"wp","href":"https:\/\/api.w.org\/{rel}","templated":true}]}}