{"id":14982,"date":"2020-05-25T15:55:28","date_gmt":"2020-05-25T07:55:28","guid":{"rendered":"https:\/\/www.fjpremium.com\/?post_type=product&#038;p=14982"},"modified":"2024-03-13T13:37:23","modified_gmt":"2024-03-13T05:37:23","slug":"usb-3-0-male-to-female-panel-mount-extension-cable","status":"publish","type":"product","link":"https:\/\/www.fjpremium.com\/pt\/product\/usb-3-0-male-to-female-panel-mount-extension-cable\/","title":{"rendered":"Cabo de extens\u00e3o USB 3 macho para f\u00eamea para montagem em painel"},"content":{"rendered":"<p>O nosso cabo foi concebido para ligar sem problemas dois cabos USB para uma conetividade \u00f3ptima atrav\u00e9s de um painel. Esta disposi\u00e7\u00e3o permite-lhe estabelecer uma liga\u00e7\u00e3o a partir de uma fonte de localiza\u00e7\u00e3o segura.<\/p>\n<p>Constru\u00eddo com precis\u00e3o, o cabo curto garante uma perda m\u00ednima de sinal. Apresenta uma taxa de transfer\u00eancia at\u00e9 5 Gbps, consoante a vers\u00e3o USB do perif\u00e9rico, e oferece uma liga\u00e7\u00e3o sem esfor\u00e7o a qualquer dispositivo USB.<\/p>\n<p>Tamb\u00e9m possui blindagem de folha e tran\u00e7a que protege contra interfer\u00eancias EMI\/RFI, enquanto o seu design de par entran\u00e7ado minimiza a diafonia, assegurando uma transfer\u00eancia de dados de alta velocidade e sem erros.<\/p>\n<p>As suas especifica\u00e7\u00f5es:<\/p>\n<ul>\n<li>Tipo de porca e parafuso: #4-40 niquelado<\/li>\n<li>Contacto banhado a ouro, concha banhada a n\u00edquel<\/li>\n<li>Condutor do cabo: Cobre estanhado<\/li>\n<li>Isolamento: Espuma de PE SKIN\/HDPE<\/li>\n<li>Bitola do fio: 28\/24AWG<\/li>\n<li>Carca\u00e7a: Moldagem por inje\u00e7\u00e3o<\/li>\n<li>Revestimento: PVC<\/li>\n<li>Di\u00e2metro exterior: 5,5\u00b10,2mm<\/li>\n<li>Conformidade: RoHS, REACH, CE<\/li>\n<\/ul>\n<p>Al\u00e9m disso, como prova da sua qualidade, este cabo de extens\u00e3o USB 3 totalmente operacional foi submetido a testes rigorosos para se alinhar com as normas da ind\u00fastria e \u00e9 apoiado pela garantia de 2 anos da FARSINCE.<\/p>\n<p>Por isso, contacte-nos hoje mesmo e adicione-o ao seu invent\u00e1rio.<\/p>","protected":false},"excerpt":{"rendered":"<p>Revolucione sua conectividade com o cabo de extens\u00e3o USB 3 da FARSINCE, mesclando facilmente dois cabos USB para conectividade ideal do painel e experimente transfer\u00eancia de dados em alta velocidade e sem erros.<\/p>","protected":false},"featured_media":14989,"template":"","meta":{"_acf_changed":false,"_seopress_robots_primary_cat":"","_seopress_titles_title":"Panel Mount USB 3 Extension Cable Male to Female - FARSINCE","_seopress_titles_desc":"Revolutionize your connectivity with our USB 3 extension cable, merging two USB cables for optimal panel connectivity and experience high-speed data transfer.","_seopress_robots_index":"","site-sidebar-layout":"default","site-content-layout":"default","ast-site-content-layout":"default","site-content-style":"default","site-sidebar-style":"default","ast-global-header-display":"","ast-banner-title-visibility":"","ast-main-header-display":"","ast-hfb-above-header-display":"","ast-hfb-below-header-display":"","ast-hfb-mobile-header-display":"","site-post-title":"","ast-breadcrumbs-content":"","ast-featured-img":"","footer-sml-layout":"","ast-disable-related-posts":"","theme-transparent-header-meta":"default","adv-header-id-meta":"","stick-header-meta":"","header-above-stick-meta":"","header-main-stick-meta":"","header-below-stick-meta":"","astra-migrate-meta-layouts":"set","ast-page-background-enabled":"default","ast-page-background-meta":{"desktop":{"background-color":"","background-image":"","background-repeat":"repeat","background-position":"center center","background-size":"auto","background-attachment":"scroll","background-type":"","background-media":"","overlay-type":"","overlay-color":"","overlay-opacity":"","overlay-gradient":""},"tablet":{"background-color":"","background-image":"","background-repeat":"repeat","background-position":"center center","background-size":"auto","background-attachment":"scroll","background-type":"","background-media":"","overlay-type":"","overlay-color":"","overlay-opacity":"","overlay-gradient":""},"mobile":{"background-color":"","background-image":"","background-repeat":"repeat","background-position":"center center","background-size":"auto","background-attachment":"scroll","background-type":"","background-media":"","overlay-type":"","overlay-color":"","overlay-opacity":"","overlay-gradient":""}},"ast-content-background-meta":{"desktop":{"background-color":"var(--ast-global-color-5)","background-image":"","background-repeat":"repeat","background-position":"center center","background-size":"auto","background-attachment":"scroll","background-type":"","background-media":"","overlay-type":"","overlay-color":"","overlay-opacity":"","overlay-gradient":""},"tablet":{"background-color":"var(--ast-global-color-5)","background-image":"","background-repeat":"repeat","background-position":"center center","background-size":"auto","background-attachment":"scroll","background-type":"","background-media":"","overlay-type":"","overlay-color":"","overlay-opacity":"","overlay-gradient":""},"mobile":{"background-color":"var(--ast-global-color-5)","background-image":"","background-repeat":"repeat","background-position":"center center","background-size":"auto","background-attachment":"scroll","background-type":"","background-media":"","overlay-type":"","overlay-color":"","overlay-opacity":"","overlay-gradient":""}},"iawp_total_views":23},"product_brand":[],"product_cat":[238,678],"product_tag":[],"class_list":{"0":"post-14982","1":"product","2":"type-product","3":"status-publish","4":"has-post-thumbnail","6":"product_cat-panel-mount","7":"product_cat-panel-mount-cables","8":"desktop-align-left","9":"tablet-align-left","10":"mobile-align-left","12":"first","13":"instock","14":"shipping-taxable","15":"purchasable","16":"product-type-simple"},"acf":[],"_links":{"self":[{"href":"https:\/\/www.fjpremium.com\/pt\/wp-json\/wp\/v2\/product\/14982","targetHints":{"allow":["GET"]}}],"collection":[{"href":"https:\/\/www.fjpremium.com\/pt\/wp-json\/wp\/v2\/product"}],"about":[{"href":"https:\/\/www.fjpremium.com\/pt\/wp-json\/wp\/v2\/types\/product"}],"wp:featuredmedia":[{"embeddable":true,"href":"https:\/\/www.fjpremium.com\/pt\/wp-json\/wp\/v2\/media\/14989"}],"wp:attachment":[{"href":"https:\/\/www.fjpremium.com\/pt\/wp-json\/wp\/v2\/media?parent=14982"}],"wp:term":[{"taxonomy":"product_brand","embeddable":true,"href":"https:\/\/www.fjpremium.com\/pt\/wp-json\/wp\/v2\/product_brand?post=14982"},{"taxonomy":"product_cat","embeddable":true,"href":"https:\/\/www.fjpremium.com\/pt\/wp-json\/wp\/v2\/product_cat?post=14982"},{"taxonomy":"product_tag","embeddable":true,"href":"https:\/\/www.fjpremium.com\/pt\/wp-json\/wp\/v2\/product_tag?post=14982"}],"curies":[{"name":"wp","href":"https:\/\/api.w.org\/{rel}","templated":true}]}}