{"id":14976,"date":"2020-05-25T15:45:37","date_gmt":"2020-05-25T07:45:37","guid":{"rendered":"https:\/\/www.fjpremium.com\/?post_type=product&#038;p=14976"},"modified":"2024-03-13T13:30:46","modified_gmt":"2024-03-13T05:30:46","slug":"usb-3-0-female-to-female-panel-mount-cable","status":"publish","type":"product","link":"https:\/\/www.fjpremium.com\/pt\/product\/usb-3-0-female-to-female-panel-mount-cable\/","title":{"rendered":"Cabo de montagem em painel USB 3.0 F\u00eamea para F\u00eamea"},"content":{"rendered":"<p>O cabo USB 3.0 para montagem em painel foi concebido para fornecer conetividade a partir de uma fonte de localiza\u00e7\u00e3o segura. O seu design curto e meticuloso foi concebido para uma perda m\u00ednima de sinal.<\/p>\n<p>Al\u00e9m disso, proporciona uma taxa de transfer\u00eancia r\u00e1pida at\u00e9 4,8 Gbps, dependendo da vers\u00e3o USB do perif\u00e9rico, e fixa-se sem esfor\u00e7o a qualquer dispositivo USB.<\/p>\n<p>Equipado com blindagem de folha e tran\u00e7a, este cabo combate completamente a interfer\u00eancia EMI\/RFI, enquanto a sua constru\u00e7\u00e3o de par entran\u00e7ado minimiza a diafonia, prometendo uma transfer\u00eancia de dados de alta velocidade e sem erros.<\/p>\n<p>As suas especifica\u00e7\u00f5es:<\/p>\n<ul>\n<li>Tipo de porca e parafuso: #4-40 niquelado<\/li>\n<li>Contacto banhado a ouro, concha banhada a n\u00edquel<\/li>\n<li>Condutor do cabo: Cobre estanhado<\/li>\n<li>Isolamento: Espuma de PE SKIN\/HDPE<\/li>\n<li>Bitola do fio: 28\/24AWG<\/li>\n<li>Carca\u00e7a: Moldagem por inje\u00e7\u00e3o<\/li>\n<li>Revestimento: PVC<\/li>\n<li>Di\u00e2metro exterior: 5,5\u00b10,2 mm<\/li>\n<li>Conformidade: RoHS, REACH, CE<\/li>\n<\/ul>\n<p>Al\u00e9m disso, \u00e9 testado para se alinhar com os padr\u00f5es da ind\u00fastria e vem com a garantia de 2 anos da FARSINCE. Assim, encomende-o hoje e eleve o seu invent\u00e1rio.<\/p>","protected":false},"excerpt":{"rendered":"<p>Familiarize-se com o cabo USB 3.0 premium para montagem em painel da FARSINCE, que oferece uma solu\u00e7\u00e3o eficiente para estender a conectividade USB atrav\u00e9s de um painel, combinando dois cabos USB.<\/p>","protected":false},"featured_media":14977,"template":"","meta":{"_acf_changed":false,"_seopress_robots_primary_cat":"","_seopress_titles_title":"USB 3.0 Panel Mount Cable Female to Female - FARSINCE","_seopress_titles_desc":"Get acquainted with this USB 3.0 panel mount cable, offering an efficient solution to extend USB connectivity through a panel by combining two USB cables. ","_seopress_robots_index":"","site-sidebar-layout":"default","site-content-layout":"default","ast-site-content-layout":"default","site-content-style":"default","site-sidebar-style":"default","ast-global-header-display":"","ast-banner-title-visibility":"","ast-main-header-display":"","ast-hfb-above-header-display":"","ast-hfb-below-header-display":"","ast-hfb-mobile-header-display":"","site-post-title":"","ast-breadcrumbs-content":"","ast-featured-img":"","footer-sml-layout":"","ast-disable-related-posts":"","theme-transparent-header-meta":"default","adv-header-id-meta":"","stick-header-meta":"","header-above-stick-meta":"","header-main-stick-meta":"","header-below-stick-meta":"","astra-migrate-meta-layouts":"set","ast-page-background-enabled":"default","ast-page-background-meta":{"desktop":{"background-color":"","background-image":"","background-repeat":"repeat","background-position":"center center","background-size":"auto","background-attachment":"scroll","background-type":"","background-media":"","overlay-type":"","overlay-color":"","overlay-opacity":"","overlay-gradient":""},"tablet":{"background-color":"","background-image":"","background-repeat":"repeat","background-position":"center center","background-size":"auto","background-attachment":"scroll","background-type":"","background-media":"","overlay-type":"","overlay-color":"","overlay-opacity":"","overlay-gradient":""},"mobile":{"background-color":"","background-image":"","background-repeat":"repeat","background-position":"center center","background-size":"auto","background-attachment":"scroll","background-type":"","background-media":"","overlay-type":"","overlay-color":"","overlay-opacity":"","overlay-gradient":""}},"ast-content-background-meta":{"desktop":{"background-color":"var(--ast-global-color-5)","background-image":"","background-repeat":"repeat","background-position":"center center","background-size":"auto","background-attachment":"scroll","background-type":"","background-media":"","overlay-type":"","overlay-color":"","overlay-opacity":"","overlay-gradient":""},"tablet":{"background-color":"var(--ast-global-color-5)","background-image":"","background-repeat":"repeat","background-position":"center center","background-size":"auto","background-attachment":"scroll","background-type":"","background-media":"","overlay-type":"","overlay-color":"","overlay-opacity":"","overlay-gradient":""},"mobile":{"background-color":"var(--ast-global-color-5)","background-image":"","background-repeat":"repeat","background-position":"center center","background-size":"auto","background-attachment":"scroll","background-type":"","background-media":"","overlay-type":"","overlay-color":"","overlay-opacity":"","overlay-gradient":""}},"iawp_total_views":18},"product_brand":[],"product_cat":[238,678],"product_tag":[],"class_list":{"0":"post-14976","1":"product","2":"type-product","3":"status-publish","4":"has-post-thumbnail","6":"product_cat-panel-mount","7":"product_cat-panel-mount-cables","8":"desktop-align-left","9":"tablet-align-left","10":"mobile-align-left","12":"first","13":"instock","14":"shipping-taxable","15":"purchasable","16":"product-type-simple"},"acf":[],"_links":{"self":[{"href":"https:\/\/www.fjpremium.com\/pt\/wp-json\/wp\/v2\/product\/14976","targetHints":{"allow":["GET"]}}],"collection":[{"href":"https:\/\/www.fjpremium.com\/pt\/wp-json\/wp\/v2\/product"}],"about":[{"href":"https:\/\/www.fjpremium.com\/pt\/wp-json\/wp\/v2\/types\/product"}],"wp:featuredmedia":[{"embeddable":true,"href":"https:\/\/www.fjpremium.com\/pt\/wp-json\/wp\/v2\/media\/14977"}],"wp:attachment":[{"href":"https:\/\/www.fjpremium.com\/pt\/wp-json\/wp\/v2\/media?parent=14976"}],"wp:term":[{"taxonomy":"product_brand","embeddable":true,"href":"https:\/\/www.fjpremium.com\/pt\/wp-json\/wp\/v2\/product_brand?post=14976"},{"taxonomy":"product_cat","embeddable":true,"href":"https:\/\/www.fjpremium.com\/pt\/wp-json\/wp\/v2\/product_cat?post=14976"},{"taxonomy":"product_tag","embeddable":true,"href":"https:\/\/www.fjpremium.com\/pt\/wp-json\/wp\/v2\/product_tag?post=14976"}],"curies":[{"name":"wp","href":"https:\/\/api.w.org\/{rel}","templated":true}]}}