{"id":14956,"date":"2020-05-25T11:27:37","date_gmt":"2020-05-25T03:27:37","guid":{"rendered":"https:\/\/www.fjpremium.com\/?post_type=product&#038;p=14956"},"modified":"2024-03-12T13:09:57","modified_gmt":"2024-03-12T05:09:57","slug":"displayport-female-to-female-panel-mount-cable","status":"publish","type":"product","link":"https:\/\/www.fjpremium.com\/pt\/product\/displayport-female-to-female-panel-mount-cable\/","title":{"rendered":"Cabo de montagem em painel com adaptador DisplayPort f\u00eamea"},"content":{"rendered":"<p>O nosso cabo adaptador foi meticulosamente concebido para fundir dois cabos DisplayPort, oferecendo uma conetividade perfeita atrav\u00e9s de um painel.<\/p>\n<p>Constitui uma solu\u00e7\u00e3o ideal para estabelecer a conetividade do ecr\u00e3 de forma segura, assegurando simultaneamente uma perda m\u00ednima de sinal.<\/p>\n<p>Este adaptador DisplayPort f\u00eamea transmite sem esfor\u00e7o sinais de \u00e1udio e v\u00eddeo do seu computador para o monitor.<\/p>\n<p>Suporta resolu\u00e7\u00f5es de v\u00eddeo at\u00e9 4K e 1080P, com passagem de \u00e1udio cristalino para 7.1, 5.1 ou 2 canais digitais n\u00e3o comprimidos. Constru\u00eddo de acordo com a norma DisplayPort 1.2, tamb\u00e9m se destina a aplica\u00e7\u00f5es de elevado desempenho.<\/p>\n<p>As suas especifica\u00e7\u00f5es:<\/p>\n<ul>\n<li>Tipo de porca e parafuso: #4-40 niquelado<\/li>\n<li>Condutor do cabo: Cobre estanhado<\/li>\n<li>Isolamento: Espuma de PE SKIN\/HDPE<\/li>\n<li>Bitola do fio: 28AWG 7\/0,12mm<\/li>\n<li>Blindagem: par entran\u00e7ado de folha de alum\u00ednio, folha de alum\u00ednio geral, entran\u00e7ado<\/li>\n<li>Carca\u00e7a: Moldagem por inje\u00e7\u00e3o<\/li>\n<li>Revestimento: PVC<\/li>\n<li>Di\u00e2metro externo: 7,0\u00b10,2 mm<\/li>\n<li>Conformidade: RoHS, REACH, CE<\/li>\n<\/ul>\n<p>Al\u00e9m disso, os condutores totalmente blindados do cabo resistem \u00e0 interfer\u00eancia EMI\/RFI, enquanto os conectores banhados a ouro 24-K garantem uma transmiss\u00e3o de sinal superior.<\/p>\n<p>Al\u00e9m disso, foi exaustivamente testado para cumprir as normas da ind\u00fastria e inclui a garantia de 2 anos da FARSINCE. Em conclus\u00e3o, contacte-nos hoje mesmo e adicione-o ao seu invent\u00e1rio.<\/p>","protected":false},"excerpt":{"rendered":"<p>Envolva-se em um novo mundo de conectividade com o adaptador f\u00eamea DisplayPort de alta qualidade da FARSINCE, combinando dois cabos DisplayPort para transmiss\u00e3o audiovisual de alta resolu\u00e7\u00e3o.<\/p>","protected":false},"featured_media":14966,"template":"","meta":{"_acf_changed":false,"_seopress_robots_primary_cat":"","_seopress_titles_title":"DisplayPort Female Adapter Panel Mount Cable - FARSINCE","_seopress_titles_desc":"Engage in a new realm of connectivity with our DisplayPort female adapter, combining two DisplayPort cables for high-resolution audio-visual transmission. ","_seopress_robots_index":"","site-sidebar-layout":"default","site-content-layout":"default","ast-site-content-layout":"default","site-content-style":"default","site-sidebar-style":"default","ast-global-header-display":"","ast-banner-title-visibility":"","ast-main-header-display":"","ast-hfb-above-header-display":"","ast-hfb-below-header-display":"","ast-hfb-mobile-header-display":"","site-post-title":"","ast-breadcrumbs-content":"","ast-featured-img":"","footer-sml-layout":"","ast-disable-related-posts":"","theme-transparent-header-meta":"default","adv-header-id-meta":"","stick-header-meta":"","header-above-stick-meta":"","header-main-stick-meta":"","header-below-stick-meta":"","astra-migrate-meta-layouts":"set","ast-page-background-enabled":"default","ast-page-background-meta":{"desktop":{"background-color":"","background-image":"","background-repeat":"repeat","background-position":"center center","background-size":"auto","background-attachment":"scroll","background-type":"","background-media":"","overlay-type":"","overlay-color":"","overlay-opacity":"","overlay-gradient":""},"tablet":{"background-color":"","background-image":"","background-repeat":"repeat","background-position":"center center","background-size":"auto","background-attachment":"scroll","background-type":"","background-media":"","overlay-type":"","overlay-color":"","overlay-opacity":"","overlay-gradient":""},"mobile":{"background-color":"","background-image":"","background-repeat":"repeat","background-position":"center center","background-size":"auto","background-attachment":"scroll","background-type":"","background-media":"","overlay-type":"","overlay-color":"","overlay-opacity":"","overlay-gradient":""}},"ast-content-background-meta":{"desktop":{"background-color":"var(--ast-global-color-5)","background-image":"","background-repeat":"repeat","background-position":"center center","background-size":"auto","background-attachment":"scroll","background-type":"","background-media":"","overlay-type":"","overlay-color":"","overlay-opacity":"","overlay-gradient":""},"tablet":{"background-color":"var(--ast-global-color-5)","background-image":"","background-repeat":"repeat","background-position":"center center","background-size":"auto","background-attachment":"scroll","background-type":"","background-media":"","overlay-type":"","overlay-color":"","overlay-opacity":"","overlay-gradient":""},"mobile":{"background-color":"var(--ast-global-color-5)","background-image":"","background-repeat":"repeat","background-position":"center center","background-size":"auto","background-attachment":"scroll","background-type":"","background-media":"","overlay-type":"","overlay-color":"","overlay-opacity":"","overlay-gradient":""}},"iawp_total_views":9},"product_brand":[],"product_cat":[238,678],"product_tag":[],"class_list":{"0":"post-14956","1":"product","2":"type-product","3":"status-publish","4":"has-post-thumbnail","6":"product_cat-panel-mount","7":"product_cat-panel-mount-cables","8":"desktop-align-left","9":"tablet-align-left","10":"mobile-align-left","12":"first","13":"instock","14":"shipping-taxable","15":"purchasable","16":"product-type-simple"},"acf":[],"_links":{"self":[{"href":"https:\/\/www.fjpremium.com\/pt\/wp-json\/wp\/v2\/product\/14956","targetHints":{"allow":["GET"]}}],"collection":[{"href":"https:\/\/www.fjpremium.com\/pt\/wp-json\/wp\/v2\/product"}],"about":[{"href":"https:\/\/www.fjpremium.com\/pt\/wp-json\/wp\/v2\/types\/product"}],"wp:featuredmedia":[{"embeddable":true,"href":"https:\/\/www.fjpremium.com\/pt\/wp-json\/wp\/v2\/media\/14966"}],"wp:attachment":[{"href":"https:\/\/www.fjpremium.com\/pt\/wp-json\/wp\/v2\/media?parent=14956"}],"wp:term":[{"taxonomy":"product_brand","embeddable":true,"href":"https:\/\/www.fjpremium.com\/pt\/wp-json\/wp\/v2\/product_brand?post=14956"},{"taxonomy":"product_cat","embeddable":true,"href":"https:\/\/www.fjpremium.com\/pt\/wp-json\/wp\/v2\/product_cat?post=14956"},{"taxonomy":"product_tag","embeddable":true,"href":"https:\/\/www.fjpremium.com\/pt\/wp-json\/wp\/v2\/product_tag?post=14956"}],"curies":[{"name":"wp","href":"https:\/\/api.w.org\/{rel}","templated":true}]}}