{"id":14955,"date":"2020-05-25T11:27:35","date_gmt":"2020-05-25T03:27:35","guid":{"rendered":"https:\/\/www.fjpremium.com\/?post_type=product&#038;p=14955"},"modified":"2024-03-18T13:31:40","modified_gmt":"2024-03-18T05:31:40","slug":"displayport-female-to-female-panel-mount-coupler-adapter-with-screw-locking","status":"publish","type":"product","link":"https:\/\/www.fjpremium.com\/pt\/product\/displayport-female-to-female-panel-mount-coupler-adapter-with-screw-locking\/","title":{"rendered":"Melhor adaptador DisplayPort f\u00eamea para f\u00eamea acoplador de montagem em painel"},"content":{"rendered":"<p>O melhor adaptador DisplayPort oferece conetividade f\u00eamea-f\u00eamea com um design de parafuso inovador que garante uma liga\u00e7\u00e3o firme.<\/p>\n<p>Simplifica a sua configura\u00e7\u00e3o, combinando dois cabos DisplayPort atrav\u00e9s de um painel com zero perda de sinal ou alargando o seu alcance a um hub DisplayPort MST para um ambiente de trabalho sem confus\u00e3o.<\/p>\n<p>Com suporte para largura de banda de alta taxa de bits (HBR) e capacidades de resolu\u00e7\u00e3o at\u00e9 4k, este acoplador garante um desempenho excecional.<\/p>\n<p>As suas especifica\u00e7\u00f5es:<\/p>\n<ul>\n<li>Tipo de porca e parafuso: #4-40 niquelado<\/li>\n<li>Contacto banhado a ouro; inv\u00f3lucro banhado a ouro<\/li>\n<li>Moldagem interior: LDPE<\/li>\n<li>Moldagem exterior: PVC 45P, preto<\/li>\n<li>Conformidade: RoHS, REACH<\/li>\n<\/ul>\n<p>Al\u00e9m disso, apoiado pela garantia de anos da FARSINCE, cumpre as normas DisplayPort 1.2. Em resumo, invista nele e eleve o seu invent\u00e1rio.<\/p>","protected":false},"excerpt":{"rendered":"<p>Atualize sua experi\u00eancia audiovisual com o melhor adaptador DisplayPort da FARSINCE, projetado para transmitir \u00e1udio e v\u00eddeo HD superiores do seu computador para o seu monitor.<\/p>","protected":false},"featured_media":14958,"template":"","meta":{"_acf_changed":false,"_seopress_robots_primary_cat":"","_seopress_titles_title":"Best DisplayPort Adapter Female to Female - Farsince","_seopress_titles_desc":"Upgrade your audio-visual experience with this best DisplayPort adapter, engineered to transmit superior HD audio and video from your computer to your display. ","_seopress_robots_index":"","site-sidebar-layout":"default","site-content-layout":"default","ast-site-content-layout":"default","site-content-style":"default","site-sidebar-style":"default","ast-global-header-display":"","ast-banner-title-visibility":"","ast-main-header-display":"","ast-hfb-above-header-display":"","ast-hfb-below-header-display":"","ast-hfb-mobile-header-display":"","site-post-title":"","ast-breadcrumbs-content":"","ast-featured-img":"","footer-sml-layout":"","ast-disable-related-posts":"","theme-transparent-header-meta":"default","adv-header-id-meta":"","stick-header-meta":"","header-above-stick-meta":"","header-main-stick-meta":"","header-below-stick-meta":"","astra-migrate-meta-layouts":"set","ast-page-background-enabled":"default","ast-page-background-meta":{"desktop":{"background-color":"","background-image":"","background-repeat":"repeat","background-position":"center center","background-size":"auto","background-attachment":"scroll","background-type":"","background-media":"","overlay-type":"","overlay-color":"","overlay-opacity":"","overlay-gradient":""},"tablet":{"background-color":"","background-image":"","background-repeat":"repeat","background-position":"center center","background-size":"auto","background-attachment":"scroll","background-type":"","background-media":"","overlay-type":"","overlay-color":"","overlay-opacity":"","overlay-gradient":""},"mobile":{"background-color":"","background-image":"","background-repeat":"repeat","background-position":"center center","background-size":"auto","background-attachment":"scroll","background-type":"","background-media":"","overlay-type":"","overlay-color":"","overlay-opacity":"","overlay-gradient":""}},"ast-content-background-meta":{"desktop":{"background-color":"var(--ast-global-color-5)","background-image":"","background-repeat":"repeat","background-position":"center center","background-size":"auto","background-attachment":"scroll","background-type":"","background-media":"","overlay-type":"","overlay-color":"","overlay-opacity":"","overlay-gradient":""},"tablet":{"background-color":"var(--ast-global-color-5)","background-image":"","background-repeat":"repeat","background-position":"center center","background-size":"auto","background-attachment":"scroll","background-type":"","background-media":"","overlay-type":"","overlay-color":"","overlay-opacity":"","overlay-gradient":""},"mobile":{"background-color":"var(--ast-global-color-5)","background-image":"","background-repeat":"repeat","background-position":"center center","background-size":"auto","background-attachment":"scroll","background-type":"","background-media":"","overlay-type":"","overlay-color":"","overlay-opacity":"","overlay-gradient":""}},"iawp_total_views":11},"product_brand":[],"product_cat":[238,679],"product_tag":[],"class_list":{"0":"post-14955","1":"product","2":"type-product","3":"status-publish","4":"has-post-thumbnail","6":"product_cat-panel-mount","7":"product_cat-panel-mount-couplers","8":"desktop-align-left","9":"tablet-align-left","10":"mobile-align-left","12":"first","13":"instock","14":"shipping-taxable","15":"purchasable","16":"product-type-simple"},"acf":[],"_links":{"self":[{"href":"https:\/\/www.fjpremium.com\/pt\/wp-json\/wp\/v2\/product\/14955","targetHints":{"allow":["GET"]}}],"collection":[{"href":"https:\/\/www.fjpremium.com\/pt\/wp-json\/wp\/v2\/product"}],"about":[{"href":"https:\/\/www.fjpremium.com\/pt\/wp-json\/wp\/v2\/types\/product"}],"wp:featuredmedia":[{"embeddable":true,"href":"https:\/\/www.fjpremium.com\/pt\/wp-json\/wp\/v2\/media\/14958"}],"wp:attachment":[{"href":"https:\/\/www.fjpremium.com\/pt\/wp-json\/wp\/v2\/media?parent=14955"}],"wp:term":[{"taxonomy":"product_brand","embeddable":true,"href":"https:\/\/www.fjpremium.com\/pt\/wp-json\/wp\/v2\/product_brand?post=14955"},{"taxonomy":"product_cat","embeddable":true,"href":"https:\/\/www.fjpremium.com\/pt\/wp-json\/wp\/v2\/product_cat?post=14955"},{"taxonomy":"product_tag","embeddable":true,"href":"https:\/\/www.fjpremium.com\/pt\/wp-json\/wp\/v2\/product_tag?post=14955"}],"curies":[{"name":"wp","href":"https:\/\/api.w.org\/{rel}","templated":true}]}}