{"id":14860,"date":"2020-05-22T10:25:02","date_gmt":"2020-05-22T02:25:02","guid":{"rendered":"https:\/\/www.fjpremium.com\/?post_type=product&#038;p=14860"},"modified":"2023-09-21T18:01:36","modified_gmt":"2023-09-21T10:01:36","slug":"mini-displayport-to-displayport-adapter-mini-dp-to-dp-4k-resolution-ready-thunderbolt-2-port-compatible","status":"publish","type":"product","link":"https:\/\/www.fjpremium.com\/pt\/product\/mini-displayport-to-displayport-adapter-mini-dp-to-dp-4k-resolution-ready-thunderbolt-2-port-compatible\/","title":{"rendered":"Conversor Mini DisplayPort 1.2 para DisplayPort Adaptador Mini DP para DP F\u00eamea 4K 60hz"},"content":{"rendered":"<p>O adaptador constitui a solu\u00e7\u00e3o perfeita para ligar a sa\u00edda de v\u00eddeo de um Chromebook ou port\u00e1til com suporte para mini DisplayPort a um ecr\u00e3 com entrada DisplayPort.<\/p>\n<p>Ir\u00e1 desfrutar de imagens impressionantes com suporte para resolu\u00e7\u00f5es de v\u00eddeo at\u00e9 4K@30 (3840\u00d72160, Ultra HD) e 1080P (Full HD).<\/p>\n<p>E pode mergulhar na passagem de \u00e1udio sem falhas, fornecendo \u00e1udio digital n\u00e3o comprimido de 7.1, 5.1 ou 2 canais para uma experi\u00eancia de \u00e1udio melhorada.<\/p>\n<p>Fabricados com materiais e constru\u00e7\u00e3o de alta qualidade, os condutores totalmente blindados do nosso adaptador mini DP para DP f\u00eamea proporcionam uma imunidade total \u00e0 interfer\u00eancia EMI\/RFI. Ao mesmo tempo, os conectores banhados a ouro 24-K garantem uma transfer\u00eancia de sinal superior.<\/p>\n<p>As suas especifica\u00e7\u00f5es:<\/p>\n<ul>\n<li>Condutor do cabo: Cobre estanhado<\/li>\n<li>Isolamento: Espuma de PE SKIN\/HDPE<\/li>\n<li>Bitola do fio: 32AWG<\/li>\n<li>Blindagem tripla: par entran\u00e7ado de folha de alum\u00ednio, folha de alum\u00ednio geral, entran\u00e7ado<\/li>\n<li>Caixa: Concha em ABS<\/li>\n<li>Chipset: nenhum<\/li>\n<li>Revestimento: PVC<\/li>\n<li>Di\u00e2metro exterior: 4,8\u00b10,2 mm<\/li>\n<li>Conformidade: RoHS, REACH, CE, UL<\/li>\n<\/ul>\n<p>Al\u00e9m disso, pode ter a certeza de que foi rigorosamente testado para cumprir as normas da ind\u00fastria.<\/p>\n<p>Em geral, com o apoio da nossa garantia de 5 anos, pode confiar na qualidade e fiabilidade deste adaptador durante muitos anos. Contacte-nos hoje mesmo!<\/p>","protected":false},"excerpt":{"rendered":"<p>Experimente uma conetividade sem falhas com o adaptador FARSINCE mini DP para DP f\u00eamea, com resolu\u00e7\u00f5es de v\u00eddeo espantosas e passagem de \u00e1udio sem falhas.<\/p>","protected":false},"featured_media":14885,"template":"","meta":{"_acf_changed":false,"_seopress_robots_primary_cat":"","_seopress_titles_title":"Best Mini DP to DP Female Adapter 4K 60hz - Farsince","_seopress_titles_desc":"","_seopress_robots_index":"","site-sidebar-layout":"default","site-content-layout":"default","ast-site-content-layout":"default","site-content-style":"default","site-sidebar-style":"default","ast-global-header-display":"","ast-banner-title-visibility":"","ast-main-header-display":"","ast-hfb-above-header-display":"","ast-hfb-below-header-display":"","ast-hfb-mobile-header-display":"","site-post-title":"","ast-breadcrumbs-content":"","ast-featured-img":"","footer-sml-layout":"","ast-disable-related-posts":"","theme-transparent-header-meta":"default","adv-header-id-meta":"","stick-header-meta":"","header-above-stick-meta":"","header-main-stick-meta":"","header-below-stick-meta":"","astra-migrate-meta-layouts":"set","ast-page-background-enabled":"default","ast-page-background-meta":{"desktop":{"background-color":"","background-image":"","background-repeat":"repeat","background-position":"center center","background-size":"auto","background-attachment":"scroll","background-type":"","background-media":"","overlay-type":"","overlay-color":"","overlay-opacity":"","overlay-gradient":""},"tablet":{"background-color":"","background-image":"","background-repeat":"repeat","background-position":"center center","background-size":"auto","background-attachment":"scroll","background-type":"","background-media":"","overlay-type":"","overlay-color":"","overlay-opacity":"","overlay-gradient":""},"mobile":{"background-color":"","background-image":"","background-repeat":"repeat","background-position":"center center","background-size":"auto","background-attachment":"scroll","background-type":"","background-media":"","overlay-type":"","overlay-color":"","overlay-opacity":"","overlay-gradient":""}},"ast-content-background-meta":{"desktop":{"background-color":"var(--ast-global-color-5)","background-image":"","background-repeat":"repeat","background-position":"center center","background-size":"auto","background-attachment":"scroll","background-type":"","background-media":"","overlay-type":"","overlay-color":"","overlay-opacity":"","overlay-gradient":""},"tablet":{"background-color":"var(--ast-global-color-5)","background-image":"","background-repeat":"repeat","background-position":"center center","background-size":"auto","background-attachment":"scroll","background-type":"","background-media":"","overlay-type":"","overlay-color":"","overlay-opacity":"","overlay-gradient":""},"mobile":{"background-color":"var(--ast-global-color-5)","background-image":"","background-repeat":"repeat","background-position":"center center","background-size":"auto","background-attachment":"scroll","background-type":"","background-media":"","overlay-type":"","overlay-color":"","overlay-opacity":"","overlay-gradient":""}},"iawp_total_views":12},"product_brand":[],"product_cat":[212],"product_tag":[],"class_list":{"0":"post-14860","1":"product","2":"type-product","3":"status-publish","4":"has-post-thumbnail","6":"product_cat-displayport","7":"desktop-align-left","8":"tablet-align-left","9":"mobile-align-left","11":"first","12":"instock","13":"shipping-taxable","14":"purchasable","15":"product-type-simple"},"acf":[],"_links":{"self":[{"href":"https:\/\/www.fjpremium.com\/pt\/wp-json\/wp\/v2\/product\/14860","targetHints":{"allow":["GET"]}}],"collection":[{"href":"https:\/\/www.fjpremium.com\/pt\/wp-json\/wp\/v2\/product"}],"about":[{"href":"https:\/\/www.fjpremium.com\/pt\/wp-json\/wp\/v2\/types\/product"}],"wp:featuredmedia":[{"embeddable":true,"href":"https:\/\/www.fjpremium.com\/pt\/wp-json\/wp\/v2\/media\/14885"}],"wp:attachment":[{"href":"https:\/\/www.fjpremium.com\/pt\/wp-json\/wp\/v2\/media?parent=14860"}],"wp:term":[{"taxonomy":"product_brand","embeddable":true,"href":"https:\/\/www.fjpremium.com\/pt\/wp-json\/wp\/v2\/product_brand?post=14860"},{"taxonomy":"product_cat","embeddable":true,"href":"https:\/\/www.fjpremium.com\/pt\/wp-json\/wp\/v2\/product_cat?post=14860"},{"taxonomy":"product_tag","embeddable":true,"href":"https:\/\/www.fjpremium.com\/pt\/wp-json\/wp\/v2\/product_tag?post=14860"}],"curies":[{"name":"wp","href":"https:\/\/api.w.org\/{rel}","templated":true}]}}