{"id":14858,"date":"2020-05-22T10:24:56","date_gmt":"2020-05-22T02:24:56","guid":{"rendered":"https:\/\/www.fjpremium.com\/?post_type=product&#038;p=14858"},"modified":"2023-07-17T15:07:50","modified_gmt":"2023-07-17T07:07:50","slug":"mini-displayport-to-hdmi-vga-dvi-3-in-1-adapter-converter","status":"publish","type":"product","link":"https:\/\/www.fjpremium.com\/pt\/product\/mini-displayport-to-hdmi-vga-dvi-3-in-1-adapter-converter\/","title":{"rendered":"Adaptador (Thunderbolt 2) Mini DP para HDMI VGA DVI 3 em 1 Conversor 4K 1080P"},"content":{"rendered":"<p>Concebido para ir ao encontro das suas necessidades, o nosso adaptador \u00e9 a solu\u00e7\u00e3o perfeita para ligar a sa\u00edda de v\u00eddeo de um Chromebook ou port\u00e1til compat\u00edvel com mini DisplayPort a um ecr\u00e3 HDMI, DVI ou VGA.<\/p>\n<p>A sa\u00edda HDMI suporta uma resolu\u00e7\u00e3o 4K@30 (3840\u00d72160, Ultra HD) de cortar a respira\u00e7\u00e3o, enquanto as sa\u00eddas DVI e VGA proporcionam uma resolu\u00e7\u00e3o 1080P (1920\u00d71080, Full HD) impressionante. Independentemente da escolha do ecr\u00e3, este adaptador garante imagens vibrantes e realistas que captam todos os detalhes.<\/p>\n<p>Fabricado com materiais e constru\u00e7\u00e3o de alta qualidade, este adaptador mini DP para HDMI VGA DVI 3 em 1 garante uma vida inteira de desempenho fi\u00e1vel.<\/p>\n<p>Os seus condutores totalmente blindados proporcionam uma imunidade total \u00e0s interfer\u00eancias EMI\/RFI, enquanto os conectores banhados a ouro de 24K asseguram uma transfer\u00eancia de sinal superior.<\/p>\n<p>As suas especifica\u00e7\u00f5es:<\/p>\n<ul>\n<li>Conector 1: Mini DisplayPort macho<\/li>\n<li>Conector 2: HDMI f\u00eamea<\/li>\n<li>Conector 3: VGA HD15 f\u00eamea<\/li>\n<li>Conector 4: DVI-I de liga\u00e7\u00e3o dupla (24+5) f\u00eamea<\/li>\n<li>Condutor do cabo: Cobre estanhado<\/li>\n<li>Isolamento: Espuma de PE SKIN\/HDPE<\/li>\n<li>Bitola do fio: 32AWG<\/li>\n<li>Blindagem tripla: par entran\u00e7ado de folha de alum\u00ednio, folha de alum\u00ednio geral, entran\u00e7ado<\/li>\n<li>Caixa: Concha em ABS<\/li>\n<li>Chipset: PS8339+ANX9833+PS8222B<\/li>\n<li>Revestimento: PVC<\/li>\n<li>Di\u00e2metro exterior: 4,8\u00b10,2 mm<\/li>\n<li>Conformidade: RoHS, REACH, CE, UL<\/li>\n<\/ul>\n<p>Al\u00e9m disso, com o apoio da nossa garantia de 5 anos, pode confiar na sua durabilidade e fiabilidade. Em resumo, contacte-nos hoje e encomende o nosso adaptador mini DP para HDMI VGA DVI 3 em 1.<\/p>","protected":false},"excerpt":{"rendered":"<p>Descubra o poder da versatilidade com o adaptador FARSINCE mini DP para HDMI VGA DVI 3 em 1, fabricado com materiais de alta qualidade e condutores totalmente blindados.<\/p>","protected":false},"featured_media":14897,"template":"","meta":{"_acf_changed":false,"_seopress_robots_primary_cat":"","_seopress_titles_title":"","_seopress_titles_desc":"","_seopress_robots_index":"","site-sidebar-layout":"default","site-content-layout":"default","ast-site-content-layout":"default","site-content-style":"default","site-sidebar-style":"default","ast-global-header-display":"","ast-banner-title-visibility":"","ast-main-header-display":"","ast-hfb-above-header-display":"","ast-hfb-below-header-display":"","ast-hfb-mobile-header-display":"","site-post-title":"","ast-breadcrumbs-content":"","ast-featured-img":"","footer-sml-layout":"","ast-disable-related-posts":"","theme-transparent-header-meta":"default","adv-header-id-meta":"","stick-header-meta":"","header-above-stick-meta":"","header-main-stick-meta":"","header-below-stick-meta":"","astra-migrate-meta-layouts":"default","ast-page-background-enabled":"default","ast-page-background-meta":{"desktop":{"background-color":"","background-image":"","background-repeat":"repeat","background-position":"center center","background-size":"auto","background-attachment":"scroll","background-type":"","background-media":"","overlay-type":"","overlay-color":"","overlay-opacity":"","overlay-gradient":""},"tablet":{"background-color":"","background-image":"","background-repeat":"repeat","background-position":"center center","background-size":"auto","background-attachment":"scroll","background-type":"","background-media":"","overlay-type":"","overlay-color":"","overlay-opacity":"","overlay-gradient":""},"mobile":{"background-color":"","background-image":"","background-repeat":"repeat","background-position":"center center","background-size":"auto","background-attachment":"scroll","background-type":"","background-media":"","overlay-type":"","overlay-color":"","overlay-opacity":"","overlay-gradient":""}},"ast-content-background-meta":{"desktop":{"background-color":"var(--ast-global-color-5)","background-image":"","background-repeat":"repeat","background-position":"center center","background-size":"auto","background-attachment":"scroll","background-type":"","background-media":"","overlay-type":"","overlay-color":"","overlay-opacity":"","overlay-gradient":""},"tablet":{"background-color":"var(--ast-global-color-5)","background-image":"","background-repeat":"repeat","background-position":"center center","background-size":"auto","background-attachment":"scroll","background-type":"","background-media":"","overlay-type":"","overlay-color":"","overlay-opacity":"","overlay-gradient":""},"mobile":{"background-color":"var(--ast-global-color-5)","background-image":"","background-repeat":"repeat","background-position":"center center","background-size":"auto","background-attachment":"scroll","background-type":"","background-media":"","overlay-type":"","overlay-color":"","overlay-opacity":"","overlay-gradient":""}},"iawp_total_views":9},"product_brand":[],"product_cat":[212],"product_tag":[],"class_list":{"0":"post-14858","1":"product","2":"type-product","3":"status-publish","4":"has-post-thumbnail","6":"product_cat-displayport","7":"desktop-align-left","8":"tablet-align-left","9":"mobile-align-left","11":"first","12":"instock","13":"shipping-taxable","14":"purchasable","15":"product-type-simple"},"acf":[],"_links":{"self":[{"href":"https:\/\/www.fjpremium.com\/pt\/wp-json\/wp\/v2\/product\/14858","targetHints":{"allow":["GET"]}}],"collection":[{"href":"https:\/\/www.fjpremium.com\/pt\/wp-json\/wp\/v2\/product"}],"about":[{"href":"https:\/\/www.fjpremium.com\/pt\/wp-json\/wp\/v2\/types\/product"}],"wp:featuredmedia":[{"embeddable":true,"href":"https:\/\/www.fjpremium.com\/pt\/wp-json\/wp\/v2\/media\/14897"}],"wp:attachment":[{"href":"https:\/\/www.fjpremium.com\/pt\/wp-json\/wp\/v2\/media?parent=14858"}],"wp:term":[{"taxonomy":"product_brand","embeddable":true,"href":"https:\/\/www.fjpremium.com\/pt\/wp-json\/wp\/v2\/product_brand?post=14858"},{"taxonomy":"product_cat","embeddable":true,"href":"https:\/\/www.fjpremium.com\/pt\/wp-json\/wp\/v2\/product_cat?post=14858"},{"taxonomy":"product_tag","embeddable":true,"href":"https:\/\/www.fjpremium.com\/pt\/wp-json\/wp\/v2\/product_tag?post=14858"}],"curies":[{"name":"wp","href":"https:\/\/api.w.org\/{rel}","templated":true}]}}