{"id":14822,"date":"2020-05-22T10:12:20","date_gmt":"2020-05-22T02:12:20","guid":{"rendered":"https:\/\/www.fjpremium.com\/?post_type=product&#038;p=14822"},"modified":"2023-10-11T09:34:48","modified_gmt":"2023-10-11T01:34:48","slug":"mini-displayport-thunderbolt-2-compatible-to-displayport-mini-dp-to-dp-adapter-cable","status":"publish","type":"product","link":"https:\/\/www.fjpremium.com\/pt\/product\/mini-displayport-thunderbolt-2-compatible-to-displayport-mini-dp-to-dp-adapter-cable\/","title":{"rendered":"Cabo conversor de Mini DisplayPort 1.2 para DisplayPort Cabo adaptador de Mini DP para DP 1,8 m 4K 60hz"},"content":{"rendered":"<p>Perfeito para cinema em casa ou utiliza\u00e7\u00e3o no escrit\u00f3rio, o nosso cabo conversor liga um dispositivo mini DisplayPort ou Thunderbolt 2 a um dispositivo de entrada DisplayPort.<\/p>\n<p>Desfrutar\u00e1 de jogos e transmiss\u00e3o de v\u00eddeo envolventes com suporte para resolu\u00e7\u00f5es de v\u00eddeo at\u00e9 Ultra HD 4K.<\/p>\n<p>E ao fornecer sinais de \u00e1udio e v\u00eddeo, oferece uma passagem de \u00e1udio sem falhas para 7.1, 5.1 ou 2 canais digitais n\u00e3o comprimidos.<\/p>\n<p>Este cabo adaptador mini DP para DP \u00e9 constru\u00eddo a partir de materiais de alta qualidade e fornece imunidade completa a interfer\u00eancias EMI\/RFI e conectores banhados a ouro 24K para uma transfer\u00eancia de sinal superior.<\/p>\n<p>As suas especifica\u00e7\u00f5es:<\/p>\n<ul>\n<li>Contacto banhado a ouro, concha banhada a ouro<\/li>\n<li>Condutor do cabo: Cobre estanhado<\/li>\n<li>Isolamento: Espuma de PE SKIN\/HDPE<\/li>\n<li>Bitola do fio: 32AWG<\/li>\n<li>Blindagem tripla: par entran\u00e7ado de folha de alum\u00ednio, folha de alum\u00ednio geral, entran\u00e7ado<\/li>\n<li>Caixa: Concha em ABS<\/li>\n<li>Chipset: nenhum<\/li>\n<li>Revestimento: PVC<\/li>\n<li>Di\u00e2metro exterior: 4,8\u00b10,2 mm<\/li>\n<li>Conformidade: RoHS, REACH, CE, UL<\/li>\n<\/ul>\n<p>Al\u00e9m disso, com uma garantia FARSINCE de 2 anos, promete um desempenho fi\u00e1vel. Por conseguinte, contacte-nos hoje mesmo e adicione-o ao seu invent\u00e1rio.<\/p>","protected":false},"excerpt":{"rendered":"<p>Descubra uma qualidade visual inigual\u00e1vel com o cabo adaptador FARSINCE mini DP para DP, que oferece uma resolu\u00e7\u00e3o at\u00e9 Ultra HD 4K, com uma garantia de 2 anos.<\/p>","protected":false},"featured_media":14847,"template":"","meta":{"_acf_changed":false,"_seopress_robots_primary_cat":"","_seopress_titles_title":"Mini DP to DP Adapter Cable 1.8m 4K 60hz %%sep%% %%sitetitle%%","_seopress_titles_desc":"","_seopress_robots_index":"","site-sidebar-layout":"default","site-content-layout":"default","ast-site-content-layout":"default","site-content-style":"default","site-sidebar-style":"default","ast-global-header-display":"","ast-banner-title-visibility":"","ast-main-header-display":"","ast-hfb-above-header-display":"","ast-hfb-below-header-display":"","ast-hfb-mobile-header-display":"","site-post-title":"","ast-breadcrumbs-content":"","ast-featured-img":"","footer-sml-layout":"","ast-disable-related-posts":"","theme-transparent-header-meta":"default","adv-header-id-meta":"","stick-header-meta":"","header-above-stick-meta":"","header-main-stick-meta":"","header-below-stick-meta":"","astra-migrate-meta-layouts":"set","ast-page-background-enabled":"default","ast-page-background-meta":{"desktop":{"background-color":"","background-image":"","background-repeat":"repeat","background-position":"center center","background-size":"auto","background-attachment":"scroll","background-type":"","background-media":"","overlay-type":"","overlay-color":"","overlay-opacity":"","overlay-gradient":""},"tablet":{"background-color":"","background-image":"","background-repeat":"repeat","background-position":"center center","background-size":"auto","background-attachment":"scroll","background-type":"","background-media":"","overlay-type":"","overlay-color":"","overlay-opacity":"","overlay-gradient":""},"mobile":{"background-color":"","background-image":"","background-repeat":"repeat","background-position":"center center","background-size":"auto","background-attachment":"scroll","background-type":"","background-media":"","overlay-type":"","overlay-color":"","overlay-opacity":"","overlay-gradient":""}},"ast-content-background-meta":{"desktop":{"background-color":"var(--ast-global-color-5)","background-image":"","background-repeat":"repeat","background-position":"center center","background-size":"auto","background-attachment":"scroll","background-type":"","background-media":"","overlay-type":"","overlay-color":"","overlay-opacity":"","overlay-gradient":""},"tablet":{"background-color":"var(--ast-global-color-5)","background-image":"","background-repeat":"repeat","background-position":"center center","background-size":"auto","background-attachment":"scroll","background-type":"","background-media":"","overlay-type":"","overlay-color":"","overlay-opacity":"","overlay-gradient":""},"mobile":{"background-color":"var(--ast-global-color-5)","background-image":"","background-repeat":"repeat","background-position":"center center","background-size":"auto","background-attachment":"scroll","background-type":"","background-media":"","overlay-type":"","overlay-color":"","overlay-opacity":"","overlay-gradient":""}},"iawp_total_views":8},"product_brand":[],"product_cat":[212],"product_tag":[],"class_list":{"0":"post-14822","1":"product","2":"type-product","3":"status-publish","4":"has-post-thumbnail","6":"product_cat-displayport","7":"desktop-align-left","8":"tablet-align-left","9":"mobile-align-left","11":"first","12":"instock","13":"shipping-taxable","14":"purchasable","15":"product-type-simple"},"acf":[],"_links":{"self":[{"href":"https:\/\/www.fjpremium.com\/pt\/wp-json\/wp\/v2\/product\/14822","targetHints":{"allow":["GET"]}}],"collection":[{"href":"https:\/\/www.fjpremium.com\/pt\/wp-json\/wp\/v2\/product"}],"about":[{"href":"https:\/\/www.fjpremium.com\/pt\/wp-json\/wp\/v2\/types\/product"}],"wp:featuredmedia":[{"embeddable":true,"href":"https:\/\/www.fjpremium.com\/pt\/wp-json\/wp\/v2\/media\/14847"}],"wp:attachment":[{"href":"https:\/\/www.fjpremium.com\/pt\/wp-json\/wp\/v2\/media?parent=14822"}],"wp:term":[{"taxonomy":"product_brand","embeddable":true,"href":"https:\/\/www.fjpremium.com\/pt\/wp-json\/wp\/v2\/product_brand?post=14822"},{"taxonomy":"product_cat","embeddable":true,"href":"https:\/\/www.fjpremium.com\/pt\/wp-json\/wp\/v2\/product_cat?post=14822"},{"taxonomy":"product_tag","embeddable":true,"href":"https:\/\/www.fjpremium.com\/pt\/wp-json\/wp\/v2\/product_tag?post=14822"}],"curies":[{"name":"wp","href":"https:\/\/api.w.org\/{rel}","templated":true}]}}