{"id":14819,"date":"2020-05-22T10:11:55","date_gmt":"2020-05-22T02:11:55","guid":{"rendered":"https:\/\/www.fjpremium.com\/?post_type=product&#038;p=14819"},"modified":"2023-07-17T13:46:43","modified_gmt":"2023-07-17T05:46:43","slug":"mini-displayport-thunderbolt-2-compatible-to-hdmi-mini-dp-to-hdmi-adapter-cable","status":"publish","type":"product","link":"https:\/\/www.fjpremium.com\/pt\/product\/mini-displayport-thunderbolt-2-compatible-to-hdmi-mini-dp-to-hdmi-adapter-cable\/","title":{"rendered":"Adaptador HDMI Mini Thunderbolt 2 de 1,8 m Sa\u00edda HDMI para DisplayPort Adaptador de entrada at\u00e9 4K 60hz"},"content":{"rendered":"<p>Concebido para ligar um dispositivo equipado com mini DisplayPort ou Thunderbolt 2 a uma HDTV, monitor, projetor ou qualquer dispositivo de entrada HDMI, o nosso vers\u00e1til adaptador permite uma transmiss\u00e3o de v\u00eddeo vibrante ou experi\u00eancias de jogo imersivas.<\/p>\n<p>Desfrutar\u00e1 de resolu\u00e7\u00f5es de v\u00eddeo de ultra-alta defini\u00e7\u00e3o at\u00e9 4Kx2K e de uma passagem de \u00e1udio digital sem falhas para 7.1, 5.1 ou 2 canais.<\/p>\n<p>Concebido com condutores totalmente blindados para uma imunidade completa \u00e0s interfer\u00eancias EMI\/RFI e conectores banhados a ouro de 24K para uma transfer\u00eancia de sinal superior, este adaptador HDMI mini Thunderbolt 2 de elevado desempenho garante uma funcionalidade duradoura.<\/p>\n<p>As suas especifica\u00e7\u00f5es:<\/p>\n<ul>\n<li>Contacto banhado a ouro; concha banhada a ouro<\/li>\n<li>Condutor do cabo: Cobre estanhado<\/li>\n<li>Isolamento: Espuma de PE SKIN\/HDPE<\/li>\n<li>Bitola do fio: 32AWG<\/li>\n<li>Blindagem tripla: par entran\u00e7ado de folha de alum\u00ednio, folha de alum\u00ednio geral, entran\u00e7ado<\/li>\n<li>Caixa: Concha em ABS<\/li>\n<li>Chipset: PS8121E<\/li>\n<li>Revestimento: PVC<\/li>\n<li>Di\u00e2metro exterior: 4,8\u00b10,2 mm<\/li>\n<li>Conformidade: RoHS, REACH, CE, UL<\/li>\n<\/ul>\n<p>Al\u00e9m disso, \u00e9 fornecido com a garantia de 2 anos da FARSINCE. Em geral, contacte-nos hoje mesmo e adicione-o ao seu invent\u00e1rio.<\/p>","protected":false},"excerpt":{"rendered":"<p>Liberte todo o potencial do sistema audiovisual de cinema em casa ou de secret\u00e1ria com o adaptador HDMI mini Thunderbolt 2 de alta qualidade da FARSINCE.<\/p>","protected":false},"featured_media":14823,"template":"","meta":{"_acf_changed":false,"_seopress_robots_primary_cat":"","_seopress_titles_title":"","_seopress_titles_desc":"","_seopress_robots_index":"","site-sidebar-layout":"default","site-content-layout":"default","ast-site-content-layout":"default","site-content-style":"default","site-sidebar-style":"default","ast-global-header-display":"","ast-banner-title-visibility":"","ast-main-header-display":"","ast-hfb-above-header-display":"","ast-hfb-below-header-display":"","ast-hfb-mobile-header-display":"","site-post-title":"","ast-breadcrumbs-content":"","ast-featured-img":"","footer-sml-layout":"","ast-disable-related-posts":"","theme-transparent-header-meta":"default","adv-header-id-meta":"","stick-header-meta":"","header-above-stick-meta":"","header-main-stick-meta":"","header-below-stick-meta":"","astra-migrate-meta-layouts":"default","ast-page-background-enabled":"default","ast-page-background-meta":{"desktop":{"background-color":"","background-image":"","background-repeat":"repeat","background-position":"center center","background-size":"auto","background-attachment":"scroll","background-type":"","background-media":"","overlay-type":"","overlay-color":"","overlay-opacity":"","overlay-gradient":""},"tablet":{"background-color":"","background-image":"","background-repeat":"repeat","background-position":"center center","background-size":"auto","background-attachment":"scroll","background-type":"","background-media":"","overlay-type":"","overlay-color":"","overlay-opacity":"","overlay-gradient":""},"mobile":{"background-color":"","background-image":"","background-repeat":"repeat","background-position":"center center","background-size":"auto","background-attachment":"scroll","background-type":"","background-media":"","overlay-type":"","overlay-color":"","overlay-opacity":"","overlay-gradient":""}},"ast-content-background-meta":{"desktop":{"background-color":"var(--ast-global-color-5)","background-image":"","background-repeat":"repeat","background-position":"center center","background-size":"auto","background-attachment":"scroll","background-type":"","background-media":"","overlay-type":"","overlay-color":"","overlay-opacity":"","overlay-gradient":""},"tablet":{"background-color":"var(--ast-global-color-5)","background-image":"","background-repeat":"repeat","background-position":"center center","background-size":"auto","background-attachment":"scroll","background-type":"","background-media":"","overlay-type":"","overlay-color":"","overlay-opacity":"","overlay-gradient":""},"mobile":{"background-color":"var(--ast-global-color-5)","background-image":"","background-repeat":"repeat","background-position":"center center","background-size":"auto","background-attachment":"scroll","background-type":"","background-media":"","overlay-type":"","overlay-color":"","overlay-opacity":"","overlay-gradient":""}},"iawp_total_views":53},"product_brand":[],"product_cat":[460,212],"product_tag":[],"class_list":{"0":"post-14819","1":"product","2":"type-product","3":"status-publish","4":"has-post-thumbnail","6":"product_cat-featured-products","7":"product_cat-displayport","8":"desktop-align-left","9":"tablet-align-left","10":"mobile-align-left","12":"first","13":"instock","14":"featured","15":"shipping-taxable","16":"purchasable","17":"product-type-simple"},"acf":[],"_links":{"self":[{"href":"https:\/\/www.fjpremium.com\/pt\/wp-json\/wp\/v2\/product\/14819","targetHints":{"allow":["GET"]}}],"collection":[{"href":"https:\/\/www.fjpremium.com\/pt\/wp-json\/wp\/v2\/product"}],"about":[{"href":"https:\/\/www.fjpremium.com\/pt\/wp-json\/wp\/v2\/types\/product"}],"wp:featuredmedia":[{"embeddable":true,"href":"https:\/\/www.fjpremium.com\/pt\/wp-json\/wp\/v2\/media\/14823"}],"wp:attachment":[{"href":"https:\/\/www.fjpremium.com\/pt\/wp-json\/wp\/v2\/media?parent=14819"}],"wp:term":[{"taxonomy":"product_brand","embeddable":true,"href":"https:\/\/www.fjpremium.com\/pt\/wp-json\/wp\/v2\/product_brand?post=14819"},{"taxonomy":"product_cat","embeddable":true,"href":"https:\/\/www.fjpremium.com\/pt\/wp-json\/wp\/v2\/product_cat?post=14819"},{"taxonomy":"product_tag","embeddable":true,"href":"https:\/\/www.fjpremium.com\/pt\/wp-json\/wp\/v2\/product_tag?post=14819"}],"curies":[{"name":"wp","href":"https:\/\/api.w.org\/{rel}","templated":true}]}}