{"id":14791,"date":"2020-05-22T09:55:28","date_gmt":"2020-05-22T01:55:28","guid":{"rendered":"https:\/\/www.fjpremium.com\/?post_type=product&#038;p=14791"},"modified":"2023-07-17T13:17:02","modified_gmt":"2023-07-17T05:17:02","slug":"displayport-to-vga-hd15-female-adapter-full-hd1080p-resolution-ready","status":"publish","type":"product","link":"https:\/\/www.fjpremium.com\/pt\/product\/displayport-to-vga-hd15-female-adapter-full-hd1080p-resolution-ready\/","title":{"rendered":"Cabo adaptador DisplayPort 1.4 para VGA Conversor DP 1.2 para VGA 1080p"},"content":{"rendered":"<p>Concebido para melhorar a sua experi\u00eancia de visualiza\u00e7\u00e3o, este cabo liga sem esfor\u00e7o o seu computador port\u00e1til ou de secret\u00e1ria equipado com DisplayPort a v\u00e1rios dispositivos, incluindo HDTVs, monitores, projectores, ecr\u00e3s de ecr\u00e3 plano e ecr\u00e3s CRT digitais.<\/p>\n<p>Pode mergulhar em imagens deslumbrantes com suporte para resolu\u00e7\u00f5es de v\u00eddeo at\u00e9 1080P (Full HD), garantindo que todos os detalhes ganham vida no seu ecr\u00e3.<\/p>\n<p>Mas n\u00e3o se fica por aqui. O cabo adaptador DisplayPort 1.4 para VGA tamb\u00e9m proporciona uma passagem de \u00e1udio sem falhas, fornecendo \u00e1udio digital n\u00e3o comprimido de 7.1, 5.1 ou 2 canais para uma experi\u00eancia de \u00e1udio verdadeiramente envolvente.<\/p>\n<p>Fabricado com materiais e constru\u00e7\u00e3o de alta qualidade, garante uma vida \u00fatil de desempenho fi\u00e1vel. Os seus condutores totalmente blindados proporcionam uma imunidade total \u00e0s interfer\u00eancias EMI\/RFI, garantindo uma transmiss\u00e3o de sinal cristalina.<\/p>\n<p>E com conectores banhados a ouro 24-K, pode esperar nada menos do que uma transfer\u00eancia de sinal superior, dando vida ao seu conte\u00fado de \u00e1udio e v\u00eddeo como nunca antes.<\/p>\n<p>As suas especifica\u00e7\u00f5es:<\/p>\n<ul>\n<li>Condutor do cabo: Cobre estanhado<\/li>\n<li>Isolamento: Espuma de PE SKIN\/HDPE<\/li>\n<li>Bitola do fio: 32AWG<\/li>\n<li>Blindagem tripla: par entran\u00e7ado de folha de alum\u00ednio, folha de alum\u00ednio geral, entran\u00e7ado<\/li>\n<li>Caixa: Concha em ABS<\/li>\n<li>Chipset: ANX9833<\/li>\n<li>Revestimento: PVC<\/li>\n<li>Di\u00e2metro exterior: 4,8\u00b10,2 mm<\/li>\n<li>Conformidade: RoHS, REACH, CE, UL<\/li>\n<\/ul>\n<p>Al\u00e9m disso, com a nossa garantia de 2 anos, pode comprar com confian\u00e7a, sabendo que garantimos a qualidade do nosso produto.<\/p>\n<p>Em suma, contacte-nos hoje e escolha o nosso cabo adaptador DisplayPort 1.4 para VGA.<\/p>","protected":false},"excerpt":{"rendered":"<p>Apresentamos o cabo adaptador FARSINCE DisplayPort 1.4 para VGA, a solu\u00e7\u00e3o definitiva para as necessidades de \u00e1udio e v\u00eddeo do cinema em casa ou do computador de secret\u00e1ria.<\/p>","protected":false},"featured_media":14811,"template":"","meta":{"_acf_changed":false,"_seopress_robots_primary_cat":"","_seopress_titles_title":"","_seopress_titles_desc":"","_seopress_robots_index":"","site-sidebar-layout":"default","site-content-layout":"default","ast-site-content-layout":"default","site-content-style":"default","site-sidebar-style":"default","ast-global-header-display":"","ast-banner-title-visibility":"","ast-main-header-display":"","ast-hfb-above-header-display":"","ast-hfb-below-header-display":"","ast-hfb-mobile-header-display":"","site-post-title":"","ast-breadcrumbs-content":"","ast-featured-img":"","footer-sml-layout":"","ast-disable-related-posts":"","theme-transparent-header-meta":"default","adv-header-id-meta":"","stick-header-meta":"","header-above-stick-meta":"","header-main-stick-meta":"","header-below-stick-meta":"","astra-migrate-meta-layouts":"default","ast-page-background-enabled":"default","ast-page-background-meta":{"desktop":{"background-color":"","background-image":"","background-repeat":"repeat","background-position":"center center","background-size":"auto","background-attachment":"scroll","background-type":"","background-media":"","overlay-type":"","overlay-color":"","overlay-opacity":"","overlay-gradient":""},"tablet":{"background-color":"","background-image":"","background-repeat":"repeat","background-position":"center center","background-size":"auto","background-attachment":"scroll","background-type":"","background-media":"","overlay-type":"","overlay-color":"","overlay-opacity":"","overlay-gradient":""},"mobile":{"background-color":"","background-image":"","background-repeat":"repeat","background-position":"center center","background-size":"auto","background-attachment":"scroll","background-type":"","background-media":"","overlay-type":"","overlay-color":"","overlay-opacity":"","overlay-gradient":""}},"ast-content-background-meta":{"desktop":{"background-color":"var(--ast-global-color-5)","background-image":"","background-repeat":"repeat","background-position":"center center","background-size":"auto","background-attachment":"scroll","background-type":"","background-media":"","overlay-type":"","overlay-color":"","overlay-opacity":"","overlay-gradient":""},"tablet":{"background-color":"var(--ast-global-color-5)","background-image":"","background-repeat":"repeat","background-position":"center center","background-size":"auto","background-attachment":"scroll","background-type":"","background-media":"","overlay-type":"","overlay-color":"","overlay-opacity":"","overlay-gradient":""},"mobile":{"background-color":"var(--ast-global-color-5)","background-image":"","background-repeat":"repeat","background-position":"center center","background-size":"auto","background-attachment":"scroll","background-type":"","background-media":"","overlay-type":"","overlay-color":"","overlay-opacity":"","overlay-gradient":""}},"iawp_total_views":11},"product_brand":[],"product_cat":[460,212],"product_tag":[],"class_list":{"0":"post-14791","1":"product","2":"type-product","3":"status-publish","4":"has-post-thumbnail","6":"product_cat-featured-products","7":"product_cat-displayport","8":"desktop-align-left","9":"tablet-align-left","10":"mobile-align-left","12":"first","13":"instock","14":"shipping-taxable","15":"purchasable","16":"product-type-simple"},"acf":[],"_links":{"self":[{"href":"https:\/\/www.fjpremium.com\/pt\/wp-json\/wp\/v2\/product\/14791","targetHints":{"allow":["GET"]}}],"collection":[{"href":"https:\/\/www.fjpremium.com\/pt\/wp-json\/wp\/v2\/product"}],"about":[{"href":"https:\/\/www.fjpremium.com\/pt\/wp-json\/wp\/v2\/types\/product"}],"wp:featuredmedia":[{"embeddable":true,"href":"https:\/\/www.fjpremium.com\/pt\/wp-json\/wp\/v2\/media\/14811"}],"wp:attachment":[{"href":"https:\/\/www.fjpremium.com\/pt\/wp-json\/wp\/v2\/media?parent=14791"}],"wp:term":[{"taxonomy":"product_brand","embeddable":true,"href":"https:\/\/www.fjpremium.com\/pt\/wp-json\/wp\/v2\/product_brand?post=14791"},{"taxonomy":"product_cat","embeddable":true,"href":"https:\/\/www.fjpremium.com\/pt\/wp-json\/wp\/v2\/product_cat?post=14791"},{"taxonomy":"product_tag","embeddable":true,"href":"https:\/\/www.fjpremium.com\/pt\/wp-json\/wp\/v2\/product_tag?post=14791"}],"curies":[{"name":"wp","href":"https:\/\/api.w.org\/{rel}","templated":true}]}}