{"id":14752,"date":"2020-05-22T09:21:08","date_gmt":"2020-05-22T01:21:08","guid":{"rendered":"https:\/\/www.fjpremium.com\/?post_type=product&#038;p=14752"},"modified":"2023-07-17T11:46:53","modified_gmt":"2023-07-17T03:46:53","slug":"8k-displayport-aoc-fiber-optic-cable","status":"publish","type":"product","link":"https:\/\/www.fjpremium.com\/pt\/product\/8k-displayport-aoc-fiber-optic-cable\/","title":{"rendered":"Cabo AOC DisplayPort ativo 1.4v a 8K sobre cabo de fibra \u00f3tica para aplica\u00e7\u00f5es de longa dist\u00e2ncia"},"content":{"rendered":"<p>O design exclusivo do nosso cabo AOC DisplayPort combina entradas el\u00e9ctricas tradicionais de cabos de cobre com fibra \u00f3tica, prolongando os sinais DisplayPort sem perda ou lat\u00eancia, mesmo a longas dist\u00e2ncias.<\/p>\n<p>A sua estrutura h\u00edbrida \u00e9 constitu\u00edda por fibras \u00f3pticas multimodo e fios de cobre, transmitindo sinais de controlo de alta velocidade e de baixa frequ\u00eancia.<\/p>\n<p>E estes cabos \u00f3pticos activos oferecem-lhe uma dist\u00e2ncia impressionante de 100 m, mantendo uma qualidade de sinal superior sem necessitar de uma fonte de alimenta\u00e7\u00e3o separada.<\/p>\n<p>Este cabo padr\u00e3o DisplayPort 1.4 suporta at\u00e9 8K@60Hz UHD e 4K (3840\u00d72160) @144Hz, oferecendo uma largura de banda de 32,4 Gbps.<\/p>\n<p>Com um elevado grau de flexibilidade e resist\u00eancia a EMI e RFI, \u00e9 mais fino, mais leve e mais macio do que os cabos convencionais.<\/p>\n<p>A capacidade \"plug-and-play\" elimina a necessidade de depend\u00eancia de controladores. Al\u00e9m disso, note-se que n\u00e3o suporta Ethernet e ARC.<\/p>\n<p>O cabo AOC DisplayPort \u00e9 perfeito para v\u00e1rias aplica\u00e7\u00f5es, incluindo configura\u00e7\u00f5es de cinema em casa, reuni\u00f5es de v\u00eddeo de alta defini\u00e7\u00e3o, sistemas de v\u00eddeo m\u00e9dico, sistemas de vigil\u00e2ncia por v\u00eddeo de alta defini\u00e7\u00e3o e sinaliza\u00e7\u00e3o digital e paredes de TV.<\/p>\n<p>As suas especifica\u00e7\u00f5es:<\/p>\n<ul>\n<li>Revestimento: TPE<\/li>\n<li>Di\u00e2metro: 4,5-5,0 mm<\/li>\n<li>Conformidade: RoHS, REACH<\/li>\n<li>Alimenta\u00e7\u00e3o el\u00e9ctrica: 5V (n\u00e3o \u00e9 necess\u00e1ria alimenta\u00e7\u00e3o externa)<\/li>\n<li>Consumo de energia: Fonte: 85mW\/3,3v, Ecr\u00e3: 290mW\/3,3v<\/li>\n<li>For\u00e7a de tra\u00e7\u00e3o: 100N\/200N<\/li>\n<li>Resist\u00eancia ao esmagamento: 200N\/400N<\/li>\n<li>Raio de curvatura m\u00ednimo: 20mm\/10mm<\/li>\n<li>Temperatura de trabalho\/armazenamento: 0~50\u00b0C\/-20~70\u00b0C<\/li>\n<\/ul>\n<p>Al\u00e9m disso, constru\u00eddo com um inv\u00f3lucro de alum\u00ednio e conectores banhados a ouro, possui um condutor de cabo de fibra e blindagem tripla para um desempenho \u00f3timo. Em suma, contacte-nos hoje mesmo e encomende-o.<\/p>","protected":false},"excerpt":{"rendered":"<p>Eleve a configura\u00e7\u00e3o audiovisual com o cabo DisplayPort da AOC, uma mistura perfeita de tecnologia de cobre e fibra \u00f3tica, suportando at\u00e9 8K@60Hz UHD e 4K@144Hz.<\/p>","protected":false},"featured_media":14783,"template":"","meta":{"_acf_changed":false,"_seopress_robots_primary_cat":"","_seopress_titles_title":"","_seopress_titles_desc":"","_seopress_robots_index":"","site-sidebar-layout":"default","site-content-layout":"default","ast-site-content-layout":"default","site-content-style":"default","site-sidebar-style":"default","ast-global-header-display":"","ast-banner-title-visibility":"","ast-main-header-display":"","ast-hfb-above-header-display":"","ast-hfb-below-header-display":"","ast-hfb-mobile-header-display":"","site-post-title":"","ast-breadcrumbs-content":"","ast-featured-img":"","footer-sml-layout":"","ast-disable-related-posts":"","theme-transparent-header-meta":"default","adv-header-id-meta":"","stick-header-meta":"","header-above-stick-meta":"","header-main-stick-meta":"","header-below-stick-meta":"","astra-migrate-meta-layouts":"default","ast-page-background-enabled":"default","ast-page-background-meta":{"desktop":{"background-color":"","background-image":"","background-repeat":"repeat","background-position":"center center","background-size":"auto","background-attachment":"scroll","background-type":"","background-media":"","overlay-type":"","overlay-color":"","overlay-opacity":"","overlay-gradient":""},"tablet":{"background-color":"","background-image":"","background-repeat":"repeat","background-position":"center center","background-size":"auto","background-attachment":"scroll","background-type":"","background-media":"","overlay-type":"","overlay-color":"","overlay-opacity":"","overlay-gradient":""},"mobile":{"background-color":"","background-image":"","background-repeat":"repeat","background-position":"center center","background-size":"auto","background-attachment":"scroll","background-type":"","background-media":"","overlay-type":"","overlay-color":"","overlay-opacity":"","overlay-gradient":""}},"ast-content-background-meta":{"desktop":{"background-color":"var(--ast-global-color-5)","background-image":"","background-repeat":"repeat","background-position":"center center","background-size":"auto","background-attachment":"scroll","background-type":"","background-media":"","overlay-type":"","overlay-color":"","overlay-opacity":"","overlay-gradient":""},"tablet":{"background-color":"var(--ast-global-color-5)","background-image":"","background-repeat":"repeat","background-position":"center center","background-size":"auto","background-attachment":"scroll","background-type":"","background-media":"","overlay-type":"","overlay-color":"","overlay-opacity":"","overlay-gradient":""},"mobile":{"background-color":"var(--ast-global-color-5)","background-image":"","background-repeat":"repeat","background-position":"center center","background-size":"auto","background-attachment":"scroll","background-type":"","background-media":"","overlay-type":"","overlay-color":"","overlay-opacity":"","overlay-gradient":""}},"iawp_total_views":22},"product_brand":[],"product_cat":[212],"product_tag":[],"class_list":{"0":"post-14752","1":"product","2":"type-product","3":"status-publish","4":"has-post-thumbnail","6":"product_cat-displayport","7":"desktop-align-left","8":"tablet-align-left","9":"mobile-align-left","11":"first","12":"instock","13":"featured","14":"shipping-taxable","15":"purchasable","16":"product-type-simple"},"acf":[],"_links":{"self":[{"href":"https:\/\/www.fjpremium.com\/pt\/wp-json\/wp\/v2\/product\/14752","targetHints":{"allow":["GET"]}}],"collection":[{"href":"https:\/\/www.fjpremium.com\/pt\/wp-json\/wp\/v2\/product"}],"about":[{"href":"https:\/\/www.fjpremium.com\/pt\/wp-json\/wp\/v2\/types\/product"}],"wp:featuredmedia":[{"embeddable":true,"href":"https:\/\/www.fjpremium.com\/pt\/wp-json\/wp\/v2\/media\/14783"}],"wp:attachment":[{"href":"https:\/\/www.fjpremium.com\/pt\/wp-json\/wp\/v2\/media?parent=14752"}],"wp:term":[{"taxonomy":"product_brand","embeddable":true,"href":"https:\/\/www.fjpremium.com\/pt\/wp-json\/wp\/v2\/product_brand?post=14752"},{"taxonomy":"product_cat","embeddable":true,"href":"https:\/\/www.fjpremium.com\/pt\/wp-json\/wp\/v2\/product_cat?post=14752"},{"taxonomy":"product_tag","embeddable":true,"href":"https:\/\/www.fjpremium.com\/pt\/wp-json\/wp\/v2\/product_tag?post=14752"}],"curies":[{"name":"wp","href":"https:\/\/api.w.org\/{rel}","templated":true}]}}