{"id":14749,"date":"2020-05-22T09:21:01","date_gmt":"2020-05-22T01:21:01","guid":{"rendered":"https:\/\/www.fjpremium.com\/?post_type=product&#038;p=14749"},"modified":"2023-11-02T13:33:22","modified_gmt":"2023-11-02T05:33:22","slug":"displayport-dp-1-2-to-hdmi-adapter-cable4k-resolution-ready","status":"publish","type":"product","link":"https:\/\/www.fjpremium.com\/pt\/product\/displayport-dp-1-2-to-hdmi-adapter-cable4k-resolution-ready\/","title":{"rendered":"Adaptador DisplayPort para HDMI de 1,8 m Cabo 4K Sa\u00edda HDMI para DisplayPort Adaptador de entrada at\u00e9 4K 60hz"},"content":{"rendered":"<p>Ideal para home theaters e computadores de secret\u00e1ria, o cabo de 1,8 m permite que computadores port\u00e1teis ou de secret\u00e1ria equipados com DisplayPort se liguem a HDTVs, monitores ou projectores com entradas HDMI, melhorando as suas experi\u00eancias de jogo ou de transmiss\u00e3o.<\/p>\n<p>Desfrutar\u00e1 de resolu\u00e7\u00f5es de v\u00eddeo at\u00e9 4Kx2K e de \u00e1udio sem falhas com 7.1, 5.1 ou 2 canais digitais n\u00e3o comprimidos.<\/p>\n<p>A constru\u00e7\u00e3o do nosso cabo, utilizando materiais de alta qualidade, garante um desempenho fi\u00e1vel ao longo do tempo.<\/p>\n<p>Diga adeus \u00e0s interfer\u00eancias com condutores totalmente blindados e aprecie uma transmiss\u00e3o de sinal superior com conectores banhados a ouro de 24K.<\/p>\n<p>As suas especifica\u00e7\u00f5es:<\/p>\n<ul>\n<li>Condutor do cabo: Cobre estanhado<\/li>\n<li>Isolamento: Espuma de PE SKIN\/HDPE<\/li>\n<li>Bitola do fio: 32AWG<\/li>\n<li>Blindagem tripla: par entran\u00e7ado de folha de alum\u00ednio, folha de alum\u00ednio geral, entran\u00e7ado<\/li>\n<li>Chipset: PS8121E<\/li>\n<li>Revestimento: PVC<\/li>\n<li>Di\u00e2metro exterior: 4,8\u00b10,2 mm<\/li>\n<li>Conformidade: RoHS, REACH, CE, UL<\/li>\n<\/ul>\n<p>Constru\u00eddo com uma caixa em ABS de alta qualidade para maior durabilidade, assegura uma liga\u00e7\u00e3o segura com um conetor DisplayPort de bloqueio.<\/p>\n<p>Al\u00e9m disso, com a garantia de 2 anos da Farsince, este cabo adaptador DisplayPort para HDMI 4K \u00e9 rent\u00e1vel. Por isso, contacte-nos hoje mesmo e encomende-o.<\/p>","protected":false},"excerpt":{"rendered":"<p>Aprimore a experi\u00eancia audiovisual com o cabo adaptador DisplayPort para HDMI 4K da Farsince, prometendo constru\u00e7\u00e3o dur\u00e1vel, conex\u00e3o segura e garantia de 2 anos.<\/p>","protected":false},"featured_media":14761,"template":"","meta":{"_acf_changed":false,"_seopress_robots_primary_cat":"","_seopress_titles_title":"DP 1.2 DisplayPort to HDMI Adapter 4K Cable Resolution %%sep%% %%sitetitle%%","_seopress_titles_desc":"Experience the best in video quality with Farsince&#039;s DisplayPort to HDMI Adapter 4K. Our cable supports 4K resolution and high refresh rates for crisp and clear visuals.","_seopress_robots_index":"","site-sidebar-layout":"default","site-content-layout":"default","ast-site-content-layout":"default","site-content-style":"default","site-sidebar-style":"default","ast-global-header-display":"","ast-banner-title-visibility":"","ast-main-header-display":"","ast-hfb-above-header-display":"","ast-hfb-below-header-display":"","ast-hfb-mobile-header-display":"","site-post-title":"","ast-breadcrumbs-content":"","ast-featured-img":"","footer-sml-layout":"","ast-disable-related-posts":"","theme-transparent-header-meta":"default","adv-header-id-meta":"","stick-header-meta":"","header-above-stick-meta":"","header-main-stick-meta":"","header-below-stick-meta":"","astra-migrate-meta-layouts":"set","ast-page-background-enabled":"default","ast-page-background-meta":{"desktop":{"background-color":"","background-image":"","background-repeat":"repeat","background-position":"center center","background-size":"auto","background-attachment":"scroll","background-type":"","background-media":"","overlay-type":"","overlay-color":"","overlay-opacity":"","overlay-gradient":""},"tablet":{"background-color":"","background-image":"","background-repeat":"repeat","background-position":"center center","background-size":"auto","background-attachment":"scroll","background-type":"","background-media":"","overlay-type":"","overlay-color":"","overlay-opacity":"","overlay-gradient":""},"mobile":{"background-color":"","background-image":"","background-repeat":"repeat","background-position":"center center","background-size":"auto","background-attachment":"scroll","background-type":"","background-media":"","overlay-type":"","overlay-color":"","overlay-opacity":"","overlay-gradient":""}},"ast-content-background-meta":{"desktop":{"background-color":"var(--ast-global-color-5)","background-image":"","background-repeat":"repeat","background-position":"center center","background-size":"auto","background-attachment":"scroll","background-type":"","background-media":"","overlay-type":"","overlay-color":"","overlay-opacity":"","overlay-gradient":""},"tablet":{"background-color":"var(--ast-global-color-5)","background-image":"","background-repeat":"repeat","background-position":"center center","background-size":"auto","background-attachment":"scroll","background-type":"","background-media":"","overlay-type":"","overlay-color":"","overlay-opacity":"","overlay-gradient":""},"mobile":{"background-color":"var(--ast-global-color-5)","background-image":"","background-repeat":"repeat","background-position":"center center","background-size":"auto","background-attachment":"scroll","background-type":"","background-media":"","overlay-type":"","overlay-color":"","overlay-opacity":"","overlay-gradient":""}},"iawp_total_views":12},"product_brand":[],"product_cat":[212],"product_tag":[],"class_list":{"0":"post-14749","1":"product","2":"type-product","3":"status-publish","4":"has-post-thumbnail","6":"product_cat-displayport","7":"desktop-align-left","8":"tablet-align-left","9":"mobile-align-left","11":"first","12":"instock","13":"shipping-taxable","14":"purchasable","15":"product-type-simple"},"acf":[],"_links":{"self":[{"href":"https:\/\/www.fjpremium.com\/pt\/wp-json\/wp\/v2\/product\/14749","targetHints":{"allow":["GET"]}}],"collection":[{"href":"https:\/\/www.fjpremium.com\/pt\/wp-json\/wp\/v2\/product"}],"about":[{"href":"https:\/\/www.fjpremium.com\/pt\/wp-json\/wp\/v2\/types\/product"}],"wp:featuredmedia":[{"embeddable":true,"href":"https:\/\/www.fjpremium.com\/pt\/wp-json\/wp\/v2\/media\/14761"}],"wp:attachment":[{"href":"https:\/\/www.fjpremium.com\/pt\/wp-json\/wp\/v2\/media?parent=14749"}],"wp:term":[{"taxonomy":"product_brand","embeddable":true,"href":"https:\/\/www.fjpremium.com\/pt\/wp-json\/wp\/v2\/product_brand?post=14749"},{"taxonomy":"product_cat","embeddable":true,"href":"https:\/\/www.fjpremium.com\/pt\/wp-json\/wp\/v2\/product_cat?post=14749"},{"taxonomy":"product_tag","embeddable":true,"href":"https:\/\/www.fjpremium.com\/pt\/wp-json\/wp\/v2\/product_tag?post=14749"}],"curies":[{"name":"wp","href":"https:\/\/api.w.org\/{rel}","templated":true}]}}