{"id":14748,"date":"2020-05-22T09:20:59","date_gmt":"2020-05-22T01:20:59","guid":{"rendered":"https:\/\/www.fjpremium.com\/?post_type=product&#038;p=14748"},"modified":"2023-07-17T09:20:03","modified_gmt":"2023-07-17T01:20:03","slug":"8k-displayport-to-displayport-dp-1-4-cable","status":"publish","type":"product","link":"https:\/\/www.fjpremium.com\/pt\/product\/8k-displayport-to-displayport-dp-1-4-cable\/","title":{"rendered":"Cabo met\u00e1lico tran\u00e7ado de alta qualidade Displayport para Displayport 1.4 8K para monitor de 144hz Suporte 8K@60hz, 4K@120hz"},"content":{"rendered":"<p>Este produto revolucion\u00e1rio inaugura uma era de desempenho 8K estelar, suportando at\u00e9 8K@60Hz ou 4K@120Hz, garantindo uma experi\u00eancia visual not\u00e1vel para jogos ou streaming.<\/p>\n<p>O seu entran\u00e7ado dur\u00e1vel, juntamente com a caixa met\u00e1lica, confere-lhe robustez e um toque premium. Tamb\u00e9m suporta HBR3, DSC 1.2, FEC e 32 canais de \u00e1udio, prometendo uma experi\u00eancia multim\u00e9dia rica e envolvente.<\/p>\n<p>Pode experimentar o encanto de um \u00e1udio perfeito com a capacidade do cabo para uma passagem sem falhas para 7.1, 5.1 ou 2 canais digitais n\u00e3o comprimidos.<\/p>\n<p>A sua compatibilidade com DisplayPort 1.2 garante que mesmo os dispositivos mais antigos podem desfrutar deste desempenho excecional.<\/p>\n<p>As suas especifica\u00e7\u00f5es:<\/p>\n<ul>\n<li>Conector coberto por uma caixa de prote\u00e7\u00e3o met\u00e1lica<\/li>\n<li>Condutor do cabo: Cobre estanhado<\/li>\n<li>Isolamento: Espuma de PE SKIN\/HDPE<\/li>\n<li>Bitola do fio: 30AWG(1-3M), 28AWG(5M)<\/li>\n<li>Blindagem tripla: par entran\u00e7ado de folha de alum\u00ednio, folha de alum\u00ednio geral, entran\u00e7ado,<\/li>\n<li>Revestimento: PVC<\/li>\n<\/ul>\n<p>Al\u00e9m disso, em conformidade com as normas RoHS e REACH, \u00e9 a escolha ideal para quem procura solu\u00e7\u00f5es digitais sustent\u00e1veis e de elevado desempenho. Assim, contacte-nos hoje mesmo e invista no nosso cabo met\u00e1lico entran\u00e7ado.<\/p>","protected":false},"excerpt":{"rendered":"<p>Entre em um mundo de precis\u00e3o visual e auditiva incompar\u00e1vel com o cabo de metal tran\u00e7ado DisplayPort para DisplayPort 1.4 de alta qualidade da Farsince.<\/p>","protected":false},"featured_media":14753,"template":"","meta":{"_acf_changed":false,"_seopress_robots_primary_cat":"","_seopress_titles_title":"","_seopress_titles_desc":"","_seopress_robots_index":"","site-sidebar-layout":"default","site-content-layout":"default","ast-site-content-layout":"default","site-content-style":"default","site-sidebar-style":"default","ast-global-header-display":"","ast-banner-title-visibility":"","ast-main-header-display":"","ast-hfb-above-header-display":"","ast-hfb-below-header-display":"","ast-hfb-mobile-header-display":"","site-post-title":"","ast-breadcrumbs-content":"","ast-featured-img":"","footer-sml-layout":"","ast-disable-related-posts":"","theme-transparent-header-meta":"default","adv-header-id-meta":"","stick-header-meta":"","header-above-stick-meta":"","header-main-stick-meta":"","header-below-stick-meta":"","astra-migrate-meta-layouts":"default","ast-page-background-enabled":"default","ast-page-background-meta":{"desktop":{"background-color":"","background-image":"","background-repeat":"repeat","background-position":"center center","background-size":"auto","background-attachment":"scroll","background-type":"","background-media":"","overlay-type":"","overlay-color":"","overlay-opacity":"","overlay-gradient":""},"tablet":{"background-color":"","background-image":"","background-repeat":"repeat","background-position":"center center","background-size":"auto","background-attachment":"scroll","background-type":"","background-media":"","overlay-type":"","overlay-color":"","overlay-opacity":"","overlay-gradient":""},"mobile":{"background-color":"","background-image":"","background-repeat":"repeat","background-position":"center center","background-size":"auto","background-attachment":"scroll","background-type":"","background-media":"","overlay-type":"","overlay-color":"","overlay-opacity":"","overlay-gradient":""}},"ast-content-background-meta":{"desktop":{"background-color":"var(--ast-global-color-5)","background-image":"","background-repeat":"repeat","background-position":"center center","background-size":"auto","background-attachment":"scroll","background-type":"","background-media":"","overlay-type":"","overlay-color":"","overlay-opacity":"","overlay-gradient":""},"tablet":{"background-color":"var(--ast-global-color-5)","background-image":"","background-repeat":"repeat","background-position":"center center","background-size":"auto","background-attachment":"scroll","background-type":"","background-media":"","overlay-type":"","overlay-color":"","overlay-opacity":"","overlay-gradient":""},"mobile":{"background-color":"var(--ast-global-color-5)","background-image":"","background-repeat":"repeat","background-position":"center center","background-size":"auto","background-attachment":"scroll","background-type":"","background-media":"","overlay-type":"","overlay-color":"","overlay-opacity":"","overlay-gradient":""}},"iawp_total_views":25},"product_brand":[],"product_cat":[460,212],"product_tag":[],"class_list":{"0":"post-14748","1":"product","2":"type-product","3":"status-publish","4":"has-post-thumbnail","6":"product_cat-featured-products","7":"product_cat-displayport","8":"desktop-align-left","9":"tablet-align-left","10":"mobile-align-left","12":"first","13":"instock","14":"featured","15":"shipping-taxable","16":"purchasable","17":"product-type-simple"},"acf":[],"_links":{"self":[{"href":"https:\/\/www.fjpremium.com\/pt\/wp-json\/wp\/v2\/product\/14748","targetHints":{"allow":["GET"]}}],"collection":[{"href":"https:\/\/www.fjpremium.com\/pt\/wp-json\/wp\/v2\/product"}],"about":[{"href":"https:\/\/www.fjpremium.com\/pt\/wp-json\/wp\/v2\/types\/product"}],"wp:featuredmedia":[{"embeddable":true,"href":"https:\/\/www.fjpremium.com\/pt\/wp-json\/wp\/v2\/media\/14753"}],"wp:attachment":[{"href":"https:\/\/www.fjpremium.com\/pt\/wp-json\/wp\/v2\/media?parent=14748"}],"wp:term":[{"taxonomy":"product_brand","embeddable":true,"href":"https:\/\/www.fjpremium.com\/pt\/wp-json\/wp\/v2\/product_brand?post=14748"},{"taxonomy":"product_cat","embeddable":true,"href":"https:\/\/www.fjpremium.com\/pt\/wp-json\/wp\/v2\/product_cat?post=14748"},{"taxonomy":"product_tag","embeddable":true,"href":"https:\/\/www.fjpremium.com\/pt\/wp-json\/wp\/v2\/product_tag?post=14748"}],"curies":[{"name":"wp","href":"https:\/\/api.w.org\/{rel}","templated":true}]}}