{"id":14729,"date":"2020-10-14T11:54:51","date_gmt":"2020-10-14T03:54:51","guid":{"rendered":"https:\/\/www.fjpremium.com\/?post_type=product&#038;p=14729"},"modified":"2023-12-06T09:25:06","modified_gmt":"2023-12-06T01:25:06","slug":"ultra-slim-36awg-thin-micro-hdmi-to-hdmi-cable","status":"publish","type":"product","link":"https:\/\/www.fjpremium.com\/pt\/product\/ultra-slim-36awg-thin-micro-hdmi-to-hdmi-cable\/","title":{"rendered":"Cabo de alta velocidade Micro HDMI para HDMI ultra flex\u00edvel"},"content":{"rendered":"<p>O nosso cabo de elevado desempenho est\u00e1 em conformidade com as mais recentes normas HDMI e oferece uma r\u00e1pida transfer\u00eancia de dados, juntamente com uma liga\u00e7\u00e3o perfeita de \u00e1udio, v\u00eddeo e Internet.<\/p>\n<p>Especialmente concebido com um conetor micro HDMI-D, \u00e9 adaptado aos mais recentes telem\u00f3veis e c\u00e2maras digitais, facilitando a transfer\u00eancia de dados.<\/p>\n<p>Al\u00e9m disso, a sua capacidade \u00fanica de ligar telem\u00f3veis com acesso \u00e0 Internet a televisores permite-lhe desfrutar de conte\u00fados da Web em ecr\u00e3s maiores.<\/p>\n<p>Com suporte para resolu\u00e7\u00e3o at\u00e9 4K 60Hz e \u00e1udio True HD Dolby 7.1 e DTS-HD master, este cabo ultra flex\u00edvel de 36AWG garante uma experi\u00eancia multim\u00e9dia vibrante e envolvente.<\/p>\n<p>A sua compatibilidade estende-se a v\u00e1rios dispositivos, como a s\u00e9rie GoPro Hero, Raspberry Pi 4, c\u00e2maras Sony e Nikon, computadores port\u00e1teis Lenovo e muito mais.<\/p>\n<p>As suas especifica\u00e7\u00f5es:<\/p>\n<ul>\n<li>Caixa: Inv\u00f3lucro em ABS<\/li>\n<li>Revestimento: PVC<\/li>\n<li>Di\u00e2metro: 3,6 mm<\/li>\n<li>Conformidade: RoHS, REACH<\/li>\n<li>Est\u00e3o dispon\u00edveis cabo redondo ou cabo plano<\/li>\n<\/ul>\n<p>Al\u00e9m disso, com um inv\u00f3lucro banhado a ouro e um condutor de cobre estanhado, \u00e9 triplamente blindado para um desempenho superior. Em suma, opte por este cabo e ofere\u00e7a uma experi\u00eancia multim\u00e9dia como nunca antes.<\/p>","protected":false},"excerpt":{"rendered":"<p>Revolucione a experi\u00eancia multim\u00e9dia com o cabo micro HDMI para HDMI ultra flex\u00edvel de alta velocidade da FARSINCE, que suporta uma resolu\u00e7\u00e3o at\u00e9 4K 60Hz.<\/p>","protected":false},"featured_media":15869,"template":"","meta":{"_acf_changed":false,"_seopress_robots_primary_cat":"","_seopress_titles_title":"Micro HDMI to HDMI Ultra Flexible Cable - Farsince","_seopress_titles_desc":"","_seopress_robots_index":"","site-sidebar-layout":"default","site-content-layout":"default","ast-site-content-layout":"default","site-content-style":"default","site-sidebar-style":"default","ast-global-header-display":"","ast-banner-title-visibility":"","ast-main-header-display":"","ast-hfb-above-header-display":"","ast-hfb-below-header-display":"","ast-hfb-mobile-header-display":"","site-post-title":"","ast-breadcrumbs-content":"","ast-featured-img":"","footer-sml-layout":"","ast-disable-related-posts":"","theme-transparent-header-meta":"default","adv-header-id-meta":"","stick-header-meta":"","header-above-stick-meta":"","header-main-stick-meta":"","header-below-stick-meta":"","astra-migrate-meta-layouts":"set","ast-page-background-enabled":"default","ast-page-background-meta":{"desktop":{"background-color":"","background-image":"","background-repeat":"repeat","background-position":"center center","background-size":"auto","background-attachment":"scroll","background-type":"","background-media":"","overlay-type":"","overlay-color":"","overlay-opacity":"","overlay-gradient":""},"tablet":{"background-color":"","background-image":"","background-repeat":"repeat","background-position":"center center","background-size":"auto","background-attachment":"scroll","background-type":"","background-media":"","overlay-type":"","overlay-color":"","overlay-opacity":"","overlay-gradient":""},"mobile":{"background-color":"","background-image":"","background-repeat":"repeat","background-position":"center center","background-size":"auto","background-attachment":"scroll","background-type":"","background-media":"","overlay-type":"","overlay-color":"","overlay-opacity":"","overlay-gradient":""}},"ast-content-background-meta":{"desktop":{"background-color":"var(--ast-global-color-5)","background-image":"","background-repeat":"repeat","background-position":"center center","background-size":"auto","background-attachment":"scroll","background-type":"","background-media":"","overlay-type":"","overlay-color":"","overlay-opacity":"","overlay-gradient":""},"tablet":{"background-color":"var(--ast-global-color-5)","background-image":"","background-repeat":"repeat","background-position":"center center","background-size":"auto","background-attachment":"scroll","background-type":"","background-media":"","overlay-type":"","overlay-color":"","overlay-opacity":"","overlay-gradient":""},"mobile":{"background-color":"var(--ast-global-color-5)","background-image":"","background-repeat":"repeat","background-position":"center center","background-size":"auto","background-attachment":"scroll","background-type":"","background-media":"","overlay-type":"","overlay-color":"","overlay-opacity":"","overlay-gradient":""}},"iawp_total_views":5},"product_brand":[],"product_cat":[211],"product_tag":[],"class_list":{"0":"post-14729","1":"product","2":"type-product","3":"status-publish","4":"has-post-thumbnail","6":"product_cat-hdmi","7":"desktop-align-left","8":"tablet-align-left","9":"mobile-align-left","11":"first","12":"instock","13":"shipping-taxable","14":"purchasable","15":"product-type-simple"},"acf":[],"_links":{"self":[{"href":"https:\/\/www.fjpremium.com\/pt\/wp-json\/wp\/v2\/product\/14729","targetHints":{"allow":["GET"]}}],"collection":[{"href":"https:\/\/www.fjpremium.com\/pt\/wp-json\/wp\/v2\/product"}],"about":[{"href":"https:\/\/www.fjpremium.com\/pt\/wp-json\/wp\/v2\/types\/product"}],"wp:featuredmedia":[{"embeddable":true,"href":"https:\/\/www.fjpremium.com\/pt\/wp-json\/wp\/v2\/media\/15869"}],"wp:attachment":[{"href":"https:\/\/www.fjpremium.com\/pt\/wp-json\/wp\/v2\/media?parent=14729"}],"wp:term":[{"taxonomy":"product_brand","embeddable":true,"href":"https:\/\/www.fjpremium.com\/pt\/wp-json\/wp\/v2\/product_brand?post=14729"},{"taxonomy":"product_cat","embeddable":true,"href":"https:\/\/www.fjpremium.com\/pt\/wp-json\/wp\/v2\/product_cat?post=14729"},{"taxonomy":"product_tag","embeddable":true,"href":"https:\/\/www.fjpremium.com\/pt\/wp-json\/wp\/v2\/product_tag?post=14729"}],"curies":[{"name":"wp","href":"https:\/\/api.w.org\/{rel}","templated":true}]}}