{"id":14686,"date":"2020-10-13T16:10:32","date_gmt":"2020-10-13T08:10:32","guid":{"rendered":"https:\/\/www.fjpremium.com\/?post_type=product&#038;p=14686"},"modified":"2023-12-14T13:51:16","modified_gmt":"2023-12-14T05:51:16","slug":"hdmi-to-vga-adapter-cable-with-audio-and-power","status":"publish","type":"product","link":"https:\/\/www.fjpremium.com\/pt\/product\/hdmi-to-vga-adapter-cable-with-audio-and-power\/","title":{"rendered":"Adaptador de placa gr\u00e1fica de v\u00eddeo por atacado HDMI macho para VGA 15pin f\u00eamea com alimenta\u00e7\u00e3o de \u00e1udio 1080P para Macbook Pro"},"content":{"rendered":"<p>O nosso adaptador de placa gr\u00e1fica de alta qualidade \u00e9 capaz de transformar sinais digitais HDMI em sinais anal\u00f3gicos VGA e \u00e1udio est\u00e9reo.<\/p>\n<p>Tem a capacidade de ligar facilmente um Chromebook ou port\u00e1til com HDMI a um ecr\u00e3 VGA e a um conjunto de altifalantes.<\/p>\n<p>Al\u00e9m disso, o seu chip IC ativo incorporado garante uma compatibilidade \u00f3ptima, suportando resolu\u00e7\u00f5es de alta defini\u00e7\u00e3o at\u00e9 1920\u00d71080@60Hz para uma nitidez inigual\u00e1vel.<\/p>\n<p>Adornado com conectores banhados a ouro e envolto num inv\u00f3lucro em ABS dur\u00e1vel, este adaptador promete longevidade e uma liga\u00e7\u00e3o fi\u00e1vel.<\/p>\n<p>As suas especifica\u00e7\u00f5es:<\/p>\n<ul>\n<li>Condutor do cabo: Cobre nu 32AWG<\/li>\n<li>Comprimento do cabo: 20cm<\/li>\n<li>Blindagem: Folha de alum\u00ednio, tran\u00e7a<\/li>\n<li>Revestimento: PVC<\/li>\n<li>OD: 4,5MM<\/li>\n<li>Conformidade: RoHS, REACH<\/li>\n<\/ul>\n<p>E cada encomenda vem embalada num saco com fecho de correr e tem uma garantia de 2 anos. Em suma, n\u00e3o comprometa a qualidade; escolha-a.<\/p>","protected":false},"excerpt":{"rendered":"<p>Melhore as suas ofertas tecnol\u00f3gicas com o adaptador de placa gr\u00e1fica HDMI para VGA da FARSINCE, que proporciona uma transforma\u00e7\u00e3o audiovisual de alta defini\u00e7\u00e3o para uma compatibilidade vers\u00e1til com dispositivos.<\/p>","protected":false},"featured_media":23940,"template":"","meta":{"_acf_changed":false,"_seopress_robots_primary_cat":"","_seopress_titles_title":"Graphic Card Adapter with Audio Power - Farsince","_seopress_titles_desc":"Enhance your tech offerings with this HDMI to VGA graphic card adapter, boasting high-definition audiovisual transformation for versatile device compatibility. ","_seopress_robots_index":"","site-sidebar-layout":"default","site-content-layout":"default","ast-site-content-layout":"default","site-content-style":"default","site-sidebar-style":"default","ast-global-header-display":"","ast-banner-title-visibility":"","ast-main-header-display":"","ast-hfb-above-header-display":"","ast-hfb-below-header-display":"","ast-hfb-mobile-header-display":"","site-post-title":"","ast-breadcrumbs-content":"","ast-featured-img":"","footer-sml-layout":"","ast-disable-related-posts":"","theme-transparent-header-meta":"default","adv-header-id-meta":"","stick-header-meta":"","header-above-stick-meta":"","header-main-stick-meta":"","header-below-stick-meta":"","astra-migrate-meta-layouts":"set","ast-page-background-enabled":"default","ast-page-background-meta":{"desktop":{"background-color":"","background-image":"","background-repeat":"repeat","background-position":"center center","background-size":"auto","background-attachment":"scroll","background-type":"","background-media":"","overlay-type":"","overlay-color":"","overlay-opacity":"","overlay-gradient":""},"tablet":{"background-color":"","background-image":"","background-repeat":"repeat","background-position":"center center","background-size":"auto","background-attachment":"scroll","background-type":"","background-media":"","overlay-type":"","overlay-color":"","overlay-opacity":"","overlay-gradient":""},"mobile":{"background-color":"","background-image":"","background-repeat":"repeat","background-position":"center center","background-size":"auto","background-attachment":"scroll","background-type":"","background-media":"","overlay-type":"","overlay-color":"","overlay-opacity":"","overlay-gradient":""}},"ast-content-background-meta":{"desktop":{"background-color":"var(--ast-global-color-5)","background-image":"","background-repeat":"repeat","background-position":"center center","background-size":"auto","background-attachment":"scroll","background-type":"","background-media":"","overlay-type":"","overlay-color":"","overlay-opacity":"","overlay-gradient":""},"tablet":{"background-color":"var(--ast-global-color-5)","background-image":"","background-repeat":"repeat","background-position":"center center","background-size":"auto","background-attachment":"scroll","background-type":"","background-media":"","overlay-type":"","overlay-color":"","overlay-opacity":"","overlay-gradient":""},"mobile":{"background-color":"var(--ast-global-color-5)","background-image":"","background-repeat":"repeat","background-position":"center center","background-size":"auto","background-attachment":"scroll","background-type":"","background-media":"","overlay-type":"","overlay-color":"","overlay-opacity":"","overlay-gradient":""}},"iawp_total_views":14},"product_brand":[],"product_cat":[460,211,638],"product_tag":[],"class_list":{"0":"post-14686","1":"product","2":"type-product","3":"status-publish","4":"has-post-thumbnail","6":"product_cat-featured-products","7":"product_cat-hdmi","8":"product_cat-hdmi-cables","9":"desktop-align-left","10":"tablet-align-left","11":"mobile-align-left","13":"first","14":"instock","15":"shipping-taxable","16":"purchasable","17":"product-type-simple"},"acf":[],"_links":{"self":[{"href":"https:\/\/www.fjpremium.com\/pt\/wp-json\/wp\/v2\/product\/14686","targetHints":{"allow":["GET"]}}],"collection":[{"href":"https:\/\/www.fjpremium.com\/pt\/wp-json\/wp\/v2\/product"}],"about":[{"href":"https:\/\/www.fjpremium.com\/pt\/wp-json\/wp\/v2\/types\/product"}],"wp:featuredmedia":[{"embeddable":true,"href":"https:\/\/www.fjpremium.com\/pt\/wp-json\/wp\/v2\/media\/23940"}],"wp:attachment":[{"href":"https:\/\/www.fjpremium.com\/pt\/wp-json\/wp\/v2\/media?parent=14686"}],"wp:term":[{"taxonomy":"product_brand","embeddable":true,"href":"https:\/\/www.fjpremium.com\/pt\/wp-json\/wp\/v2\/product_brand?post=14686"},{"taxonomy":"product_cat","embeddable":true,"href":"https:\/\/www.fjpremium.com\/pt\/wp-json\/wp\/v2\/product_cat?post=14686"},{"taxonomy":"product_tag","embeddable":true,"href":"https:\/\/www.fjpremium.com\/pt\/wp-json\/wp\/v2\/product_tag?post=14686"}],"curies":[{"name":"wp","href":"https:\/\/api.w.org\/{rel}","templated":true}]}}