{"id":25132,"date":"2024-01-24T14:48:20","date_gmt":"2024-01-24T06:48:20","guid":{"rendered":"https:\/\/www.fjpremium.com\/?post_type=product&#038;p=25132"},"modified":"2024-03-19T17:00:07","modified_gmt":"2024-03-19T09:00:07","slug":"sata-to-esata-bracket-4pin-power-slot-plate-adapter","status":"publish","type":"product","link":"https:\/\/www.fjpremium.com\/fr\/product\/sata-to-esata-bracket-4pin-power-slot-plate-adapter\/","title":{"rendered":"Support 2 SATA vers eSATA C\u00e2ble adaptateur de plaque d&#039;alimentation IDE 4 broches"},"content":{"rendered":"<p>Farsince High Quality 2 Port SATA to eSATA Bracket IDE 4 Pin Power Slot Plate Adapter Cable peut convertir n'importe quelle carte m\u00e8re avec une interface SATA en une interface ESATA, parfaitement compatible avec les disques durs externes ESATA dans la bo\u00eete. Il permet d'\u00e9tendre l'interface SATA de la carte m\u00e8re \u00e0 l'interface ESATA sur le cadre du ch\u00e2ssis. Il dispose \u00e9galement d'une interface d'alimentation. Convertit commod\u00e9ment l'interface d'alimentation ordinaire de type D \u00e0 4 broches en interface d'alimentation de p\u00e9riph\u00e9rique s\u00e9rie.<\/p>\n<p>L'eSATA offre des vitesses de transfert de donn\u00e9es plus rapides que l'USB 3.0, avec des vitesses allant jusqu'\u00e0 6 Gbps pour la sauvegarde de fichiers et l'extension du stockage. Ce c\u00e2ble convient aux c\u00e2bles de donn\u00e9es des disques durs SATA (port s\u00e9rie) et des lecteurs optiques SATA, ainsi qu'\u00e0 d'autres dispositifs d'interface SATA. Le c\u00e2ble plat permet d'\u00e9conomiser de l'espace et du temps dans les composants d'interconnexion de circuits.<\/p>\n<p><!-- notionvc: 1083c63b-6dbb-420b-b0d2-fe697e37e524 --><\/p>\n<p><!-- notionvc: b095f5fd-12ca-4e3c-aa4a-6b7b9d201367 --><\/p>\n<p><!-- notionvc: d1bf7134-081f-4dda-91f6-fa2bc73c01d9 --><\/p>\n<p><!-- notionvc: 7691773d-0462-4a7f-b41c-a58ee20dbfad --><\/p>\n<p><!-- notionvc: e16f256b-1002-40c7-afcf-7c7c760a7e79 --><\/p>\n<p><span style=\"font-size: 16px;\">Ses caract\u00e9ristiques :<\/span><\/p>\n<ul>\n<li>Connecteur 1 : SATA 7Pin femelle interne x2\/ 5.25\u2033 4 pin male interne<\/li>\n<li>Connecteur 2 : eSATA femelle externe x2\/ 5,25\u2033 4 broches m\u00e2le externe<\/li>\n<li>Contact plaqu\u00e9 or, coque plaqu\u00e9e nickel<\/li>\n<li>Conducteur du c\u00e2ble : Cuivre nu<\/li>\n<li>Bo\u00eetier : Moulage par injection<\/li>\n<li>Gaine : PVC<\/li>\n<li>Connecteur eSATA Taux de transfert de donn\u00e9es jusqu'\u00e0 6 Gbps<\/li>\n<li>Conformit\u00e9 : RoHS, REACH<\/li>\n<\/ul>","protected":false},"excerpt":{"rendered":"<p>2 Port SATA to eSATA Bracket IDE 4 Pin Power Slot Plate Adapter Cable 0.5M<\/p>","protected":false},"featured_media":25134,"template":"","meta":{"_acf_changed":false,"_seopress_robots_primary_cat":"","_seopress_titles_title":"SATA to eSATA Bracket IDE 4Pin Power Slot Plate Adapter","_seopress_titles_desc":"","_seopress_robots_index":"","site-sidebar-layout":"default","site-content-layout":"default","ast-site-content-layout":"default","site-content-style":"default","site-sidebar-style":"default","ast-global-header-display":"","ast-banner-title-visibility":"","ast-main-header-display":"","ast-hfb-above-header-display":"","ast-hfb-below-header-display":"","ast-hfb-mobile-header-display":"","site-post-title":"","ast-breadcrumbs-content":"","ast-featured-img":"","footer-sml-layout":"","ast-disable-related-posts":"","theme-transparent-header-meta":"default","adv-header-id-meta":"","stick-header-meta":"","header-above-stick-meta":"","header-main-stick-meta":"","header-below-stick-meta":"","astra-migrate-meta-layouts":"set","ast-page-background-enabled":"default","ast-page-background-meta":{"desktop":{"background-color":"","background-image":"","background-repeat":"repeat","background-position":"center center","background-size":"auto","background-attachment":"scroll","background-type":"","background-media":"","overlay-type":"","overlay-color":"","overlay-opacity":"","overlay-gradient":""},"tablet":{"background-color":"","background-image":"","background-repeat":"repeat","background-position":"center center","background-size":"auto","background-attachment":"scroll","background-type":"","background-media":"","overlay-type":"","overlay-color":"","overlay-opacity":"","overlay-gradient":""},"mobile":{"background-color":"","background-image":"","background-repeat":"repeat","background-position":"center center","background-size":"auto","background-attachment":"scroll","background-type":"","background-media":"","overlay-type":"","overlay-color":"","overlay-opacity":"","overlay-gradient":""}},"ast-content-background-meta":{"desktop":{"background-color":"var(--ast-global-color-5)","background-image":"","background-repeat":"repeat","background-position":"center center","background-size":"auto","background-attachment":"scroll","background-type":"","background-media":"","overlay-type":"","overlay-color":"","overlay-opacity":"","overlay-gradient":""},"tablet":{"background-color":"var(--ast-global-color-5)","background-image":"","background-repeat":"repeat","background-position":"center center","background-size":"auto","background-attachment":"scroll","background-type":"","background-media":"","overlay-type":"","overlay-color":"","overlay-opacity":"","overlay-gradient":""},"mobile":{"background-color":"var(--ast-global-color-5)","background-image":"","background-repeat":"repeat","background-position":"center center","background-size":"auto","background-attachment":"scroll","background-type":"","background-media":"","overlay-type":"","overlay-color":"","overlay-opacity":"","overlay-gradient":""}},"iawp_total_views":14},"product_brand":[],"product_cat":[238,712],"product_tag":[],"class_list":{"0":"post-25132","1":"product","2":"type-product","3":"status-publish","4":"has-post-thumbnail","6":"product_cat-panel-mount","7":"product_cat-slot-brackets","8":"desktop-align-left","9":"tablet-align-left","10":"mobile-align-left","12":"first","13":"instock","14":"shipping-taxable","15":"purchasable","16":"product-type-simple"},"acf":[],"_links":{"self":[{"href":"https:\/\/www.fjpremium.com\/fr\/wp-json\/wp\/v2\/product\/25132","targetHints":{"allow":["GET"]}}],"collection":[{"href":"https:\/\/www.fjpremium.com\/fr\/wp-json\/wp\/v2\/product"}],"about":[{"href":"https:\/\/www.fjpremium.com\/fr\/wp-json\/wp\/v2\/types\/product"}],"wp:featuredmedia":[{"embeddable":true,"href":"https:\/\/www.fjpremium.com\/fr\/wp-json\/wp\/v2\/media\/25134"}],"wp:attachment":[{"href":"https:\/\/www.fjpremium.com\/fr\/wp-json\/wp\/v2\/media?parent=25132"}],"wp:term":[{"taxonomy":"product_brand","embeddable":true,"href":"https:\/\/www.fjpremium.com\/fr\/wp-json\/wp\/v2\/product_brand?post=25132"},{"taxonomy":"product_cat","embeddable":true,"href":"https:\/\/www.fjpremium.com\/fr\/wp-json\/wp\/v2\/product_cat?post=25132"},{"taxonomy":"product_tag","embeddable":true,"href":"https:\/\/www.fjpremium.com\/fr\/wp-json\/wp\/v2\/product_tag?post=25132"}],"curies":[{"name":"wp","href":"https:\/\/api.w.org\/{rel}","templated":true}]}}