{"id":25108,"date":"2024-01-24T13:55:20","date_gmt":"2024-01-24T05:55:20","guid":{"rendered":"https:\/\/www.fjpremium.com\/?post_type=product&#038;p=25108"},"modified":"2024-03-19T16:26:01","modified_gmt":"2024-03-19T08:26:01","slug":"26pin-idc-to-db25-slot-plate-adapter","status":"publish","type":"product","link":"https:\/\/www.fjpremium.com\/fr\/product\/26pin-idc-to-db25-slot-plate-adapter\/","title":{"rendered":"26Pin IDC Flat Ribbon Cable To DB25 Slot Plate Adapter"},"content":{"rendered":"<p>Farsince High Quality 26Pin IDC Flat Ribbon Cable To DB25 Slot Plate Adapter interface sur la carte m\u00e8re \u00e0 l'int\u00e9rieur du ch\u00e2ssis pour conduire \u00e0 des interfaces DB25 \u00e0 grande vitesse sur le rack arri\u00e8re. Livr\u00e9 avec un connecteur femelle IDC 26PIN pour se connecter \u00e0 la carte m\u00e8re, aucune installation de pilote n'est n\u00e9cessaire, plug and play, port DB25, situ\u00e9 \u00e0 l'ext\u00e9rieur du bo\u00eetier de l'ordinateur. Convient pour SmoothStepper, UC400 et d'autres cartes CNC. Le c\u00e2ble plat permet d'\u00e9conomiser de l'espace et du temps dans l'interconnexion des composants du circuit.<\/p>\n<p>Le mode SPP normal est compatible avec tous les dispositifs parall\u00e8les et est le plus lent. Les donn\u00e9es ECP recommand\u00e9es sont envoy\u00e9es \u00e0 l'aide du protocole DMA et fournissent une communication bidirectionnelle sym\u00e9trique \u00e0 un taux de 2,5 Mbit\/s.<\/p>\n<p><!-- notionvc: b095f5fd-12ca-4e3c-aa4a-6b7b9d201367 --><\/p>\n<p><!-- notionvc: d1bf7134-081f-4dda-91f6-fa2bc73c01d9 --><\/p>\n<p><!-- notionvc: 7691773d-0462-4a7f-b41c-a58ee20dbfad --><\/p>\n<p><!-- notionvc: e16f256b-1002-40c7-afcf-7c7c760a7e79 --><\/p>\n<p><span style=\"font-size: 16px;\">Ses caract\u00e9ristiques :<\/span><\/p>\n<ul>\n<li>Connecteur 1 : IDC 26PIN femelle interne<\/li>\n<li>Connecteur 2 : DB25 m\u00e2le externe<\/li>\n<li>Contact plaqu\u00e9 or, coque plaqu\u00e9e nickel<\/li>\n<li>Conducteur du c\u00e2ble : Cuivre nu<\/li>\n<li>Bo\u00eetier : Moulage par injection<\/li>\n<li>Gaine : PVC<\/li>\n<li>Prend en charge des d\u00e9bits allant jusqu'\u00e0 2,5 Mbit\/s pour une communication bidirectionnelle sym\u00e9trique.<\/li>\n<li>Conformit\u00e9 : RoHS, REACH<\/li>\n<\/ul>","protected":false},"excerpt":{"rendered":"<p>Adaptateur de c\u00e2ble plat IDC 26 broches vers plaque \u00e0 fente DB25, 0.3M<\/p>","protected":false},"featured_media":25144,"template":"","meta":{"_acf_changed":false,"_seopress_robots_primary_cat":"","_seopress_titles_title":"26Pin IDC Flat Ribbon Cable To DB25 Slot Plate Adapter","_seopress_titles_desc":"","_seopress_robots_index":"","site-sidebar-layout":"default","site-content-layout":"default","ast-site-content-layout":"default","site-content-style":"default","site-sidebar-style":"default","ast-global-header-display":"","ast-banner-title-visibility":"","ast-main-header-display":"","ast-hfb-above-header-display":"","ast-hfb-below-header-display":"","ast-hfb-mobile-header-display":"","site-post-title":"","ast-breadcrumbs-content":"","ast-featured-img":"","footer-sml-layout":"","ast-disable-related-posts":"","theme-transparent-header-meta":"default","adv-header-id-meta":"","stick-header-meta":"","header-above-stick-meta":"","header-main-stick-meta":"","header-below-stick-meta":"","astra-migrate-meta-layouts":"set","ast-page-background-enabled":"default","ast-page-background-meta":{"desktop":{"background-color":"","background-image":"","background-repeat":"repeat","background-position":"center center","background-size":"auto","background-attachment":"scroll","background-type":"","background-media":"","overlay-type":"","overlay-color":"","overlay-opacity":"","overlay-gradient":""},"tablet":{"background-color":"","background-image":"","background-repeat":"repeat","background-position":"center center","background-size":"auto","background-attachment":"scroll","background-type":"","background-media":"","overlay-type":"","overlay-color":"","overlay-opacity":"","overlay-gradient":""},"mobile":{"background-color":"","background-image":"","background-repeat":"repeat","background-position":"center center","background-size":"auto","background-attachment":"scroll","background-type":"","background-media":"","overlay-type":"","overlay-color":"","overlay-opacity":"","overlay-gradient":""}},"ast-content-background-meta":{"desktop":{"background-color":"var(--ast-global-color-5)","background-image":"","background-repeat":"repeat","background-position":"center center","background-size":"auto","background-attachment":"scroll","background-type":"","background-media":"","overlay-type":"","overlay-color":"","overlay-opacity":"","overlay-gradient":""},"tablet":{"background-color":"var(--ast-global-color-5)","background-image":"","background-repeat":"repeat","background-position":"center center","background-size":"auto","background-attachment":"scroll","background-type":"","background-media":"","overlay-type":"","overlay-color":"","overlay-opacity":"","overlay-gradient":""},"mobile":{"background-color":"var(--ast-global-color-5)","background-image":"","background-repeat":"repeat","background-position":"center center","background-size":"auto","background-attachment":"scroll","background-type":"","background-media":"","overlay-type":"","overlay-color":"","overlay-opacity":"","overlay-gradient":""}},"iawp_total_views":12},"product_brand":[],"product_cat":[238,712],"product_tag":[],"class_list":{"0":"post-25108","1":"product","2":"type-product","3":"status-publish","4":"has-post-thumbnail","6":"product_cat-panel-mount","7":"product_cat-slot-brackets","8":"desktop-align-left","9":"tablet-align-left","10":"mobile-align-left","12":"first","13":"instock","14":"shipping-taxable","15":"purchasable","16":"product-type-simple"},"acf":[],"_links":{"self":[{"href":"https:\/\/www.fjpremium.com\/fr\/wp-json\/wp\/v2\/product\/25108","targetHints":{"allow":["GET"]}}],"collection":[{"href":"https:\/\/www.fjpremium.com\/fr\/wp-json\/wp\/v2\/product"}],"about":[{"href":"https:\/\/www.fjpremium.com\/fr\/wp-json\/wp\/v2\/types\/product"}],"wp:featuredmedia":[{"embeddable":true,"href":"https:\/\/www.fjpremium.com\/fr\/wp-json\/wp\/v2\/media\/25144"}],"wp:attachment":[{"href":"https:\/\/www.fjpremium.com\/fr\/wp-json\/wp\/v2\/media?parent=25108"}],"wp:term":[{"taxonomy":"product_brand","embeddable":true,"href":"https:\/\/www.fjpremium.com\/fr\/wp-json\/wp\/v2\/product_brand?post=25108"},{"taxonomy":"product_cat","embeddable":true,"href":"https:\/\/www.fjpremium.com\/fr\/wp-json\/wp\/v2\/product_cat?post=25108"},{"taxonomy":"product_tag","embeddable":true,"href":"https:\/\/www.fjpremium.com\/fr\/wp-json\/wp\/v2\/product_tag?post=25108"}],"curies":[{"name":"wp","href":"https:\/\/api.w.org\/{rel}","templated":true}]}}