{"id":25099,"date":"2024-01-24T13:38:51","date_gmt":"2024-01-24T05:38:51","guid":{"rendered":"https:\/\/www.fjpremium.com\/?post_type=product&#038;p=25099"},"modified":"2024-03-19T15:28:32","modified_gmt":"2024-03-19T07:28:32","slug":"pci-e-card-rs232-db9-slot-plate-adapter","status":"publish","type":"product","link":"https:\/\/www.fjpremium.com\/fr\/product\/pci-e-card-rs232-db9-slot-plate-adapter\/","title":{"rendered":"Adaptateur de carte s\u00e9rie PCI-E \u00e0 2 ports vers adaptateur de plaque RS232 DB9"},"content":{"rendered":"<p>FARSINCE 2 Port PCI-E Serial Card to RS232 DB9 Slot Plate Adapter transforme le slot d'extension PCI-E en 2 ports s\u00e9rie RS232 DB9, en utilisant la puce WCH382, un taux de transmission de donn\u00e9es \u00e0 haute vitesse jusqu'\u00e0 250 Kbps, convenant \u00e0 un modem fax, un modem GSM, une imprimante, un lecteur de code-barres, un PDA, une machine POS, un GPS, un adaptateur de terminal ISDN, etc. Le c\u00e2ble plat permet d'\u00e9conomiser de l'espace et du temps dans l'interconnexion des composants du circuit.<br \/>\n<!-- notionvc: c032f2c4-a7c4-4f17-896d-1f07150b8892 --><!-- notionvc: 9cc97f9d-f357-4ffa-a43a-a5c30e0ed0f5 --><!-- notionvc: 39e6d870-2ccd-4bdf-a9fa-167fb191cf76 --><\/p>\n<p><!-- notionvc: b095f5fd-12ca-4e3c-aa4a-6b7b9d201367 --><\/p>\n<p><!-- notionvc: d1bf7134-081f-4dda-91f6-fa2bc73c01d9 --><\/p>\n<p><!-- notionvc: 7691773d-0462-4a7f-b41c-a58ee20dbfad --><\/p>\n<p><!-- notionvc: e16f256b-1002-40c7-afcf-7c7c760a7e79 --><\/p>\n<p><span style=\"font-size: 16px;\">Ses caract\u00e9ristiques :<\/span><\/p>\n<ul>\n<li>Connecteur 1 : Carte PCI-E interne<\/li>\n<li>Connecteur 2 : DB9 m\u00e2le externe<\/li>\n<li>Contact plaqu\u00e9 or, coque plaqu\u00e9e nickel<\/li>\n<li>Conducteur du c\u00e2ble : Cuivre nu<\/li>\n<li>Bo\u00eetier : Moulage par injection<\/li>\n<li>Gaine : PVC<\/li>\n<li>Taux de transmission des donn\u00e9es jusqu'\u00e0 250 Kbps<\/li>\n<li>Conformit\u00e9 : RoHS, REACH<\/li>\n<\/ul>","protected":false},"excerpt":{"rendered":"<p>Adaptateur de plaque pour carte s\u00e9rie PCI-E \u00e0 2 ports vers RS232 DB9, 0.3M<\/p>","protected":false},"featured_media":25100,"template":"","meta":{"_acf_changed":false,"_seopress_robots_primary_cat":"","_seopress_titles_title":"2 Port PCI-E Serial Card to RS232 DB9 Slot Plate Adapter","_seopress_titles_desc":"","_seopress_robots_index":"","site-sidebar-layout":"default","site-content-layout":"default","ast-site-content-layout":"default","site-content-style":"default","site-sidebar-style":"default","ast-global-header-display":"","ast-banner-title-visibility":"","ast-main-header-display":"","ast-hfb-above-header-display":"","ast-hfb-below-header-display":"","ast-hfb-mobile-header-display":"","site-post-title":"","ast-breadcrumbs-content":"","ast-featured-img":"","footer-sml-layout":"","ast-disable-related-posts":"","theme-transparent-header-meta":"default","adv-header-id-meta":"","stick-header-meta":"","header-above-stick-meta":"","header-main-stick-meta":"","header-below-stick-meta":"","astra-migrate-meta-layouts":"set","ast-page-background-enabled":"default","ast-page-background-meta":{"desktop":{"background-color":"","background-image":"","background-repeat":"repeat","background-position":"center center","background-size":"auto","background-attachment":"scroll","background-type":"","background-media":"","overlay-type":"","overlay-color":"","overlay-opacity":"","overlay-gradient":""},"tablet":{"background-color":"","background-image":"","background-repeat":"repeat","background-position":"center center","background-size":"auto","background-attachment":"scroll","background-type":"","background-media":"","overlay-type":"","overlay-color":"","overlay-opacity":"","overlay-gradient":""},"mobile":{"background-color":"","background-image":"","background-repeat":"repeat","background-position":"center center","background-size":"auto","background-attachment":"scroll","background-type":"","background-media":"","overlay-type":"","overlay-color":"","overlay-opacity":"","overlay-gradient":""}},"ast-content-background-meta":{"desktop":{"background-color":"var(--ast-global-color-5)","background-image":"","background-repeat":"repeat","background-position":"center center","background-size":"auto","background-attachment":"scroll","background-type":"","background-media":"","overlay-type":"","overlay-color":"","overlay-opacity":"","overlay-gradient":""},"tablet":{"background-color":"var(--ast-global-color-5)","background-image":"","background-repeat":"repeat","background-position":"center center","background-size":"auto","background-attachment":"scroll","background-type":"","background-media":"","overlay-type":"","overlay-color":"","overlay-opacity":"","overlay-gradient":""},"mobile":{"background-color":"var(--ast-global-color-5)","background-image":"","background-repeat":"repeat","background-position":"center center","background-size":"auto","background-attachment":"scroll","background-type":"","background-media":"","overlay-type":"","overlay-color":"","overlay-opacity":"","overlay-gradient":""}},"iawp_total_views":3},"product_brand":[],"product_cat":[238,712],"product_tag":[],"class_list":{"0":"post-25099","1":"product","2":"type-product","3":"status-publish","4":"has-post-thumbnail","6":"product_cat-panel-mount","7":"product_cat-slot-brackets","8":"desktop-align-left","9":"tablet-align-left","10":"mobile-align-left","12":"first","13":"instock","14":"shipping-taxable","15":"purchasable","16":"product-type-simple"},"acf":[],"_links":{"self":[{"href":"https:\/\/www.fjpremium.com\/fr\/wp-json\/wp\/v2\/product\/25099","targetHints":{"allow":["GET"]}}],"collection":[{"href":"https:\/\/www.fjpremium.com\/fr\/wp-json\/wp\/v2\/product"}],"about":[{"href":"https:\/\/www.fjpremium.com\/fr\/wp-json\/wp\/v2\/types\/product"}],"wp:featuredmedia":[{"embeddable":true,"href":"https:\/\/www.fjpremium.com\/fr\/wp-json\/wp\/v2\/media\/25100"}],"wp:attachment":[{"href":"https:\/\/www.fjpremium.com\/fr\/wp-json\/wp\/v2\/media?parent=25099"}],"wp:term":[{"taxonomy":"product_brand","embeddable":true,"href":"https:\/\/www.fjpremium.com\/fr\/wp-json\/wp\/v2\/product_brand?post=25099"},{"taxonomy":"product_cat","embeddable":true,"href":"https:\/\/www.fjpremium.com\/fr\/wp-json\/wp\/v2\/product_cat?post=25099"},{"taxonomy":"product_tag","embeddable":true,"href":"https:\/\/www.fjpremium.com\/fr\/wp-json\/wp\/v2\/product_tag?post=25099"}],"curies":[{"name":"wp","href":"https:\/\/api.w.org\/{rel}","templated":true}]}}