{"id":25067,"date":"2024-01-24T10:44:28","date_gmt":"2024-01-24T02:44:28","guid":{"rendered":"https:\/\/www.fjpremium.com\/?post_type=product&#038;p=25067"},"modified":"2024-04-03T14:04:31","modified_gmt":"2024-04-03T06:04:31","slug":"usb-slot-bracket-usb-slot-plate-adapter","status":"publish","type":"product","link":"https:\/\/www.fjpremium.com\/fr\/product\/usb-slot-bracket-usb-slot-plate-adapter\/","title":{"rendered":"Support d'emplacement USB 3.1 Type E vers USB C, 20PIN vers USB A C\u00e2ble adaptateur de plaque d'emplacement"},"content":{"rendered":"<p>Am\u00e9liorez la configuration de votre PC sans effort avec le c\u00e2ble adaptateur de support de fente USB Farsince.<\/p>\n<p>Il se connecte parfaitement \u00e0 l&#039;interface USB 3.1 Type-E ou USB 3.0 20 broches de votre carte m\u00e8re, s&#039;\u00e9tendant aux ports USB 3.1 Type C ou USB 3.0 Type A haut d\u00e9bit \u00e0 l&#039;ext\u00e9rieur de votre ch\u00e2ssis.<\/p>\n<p>Une installation plug-and-play simple, une construction durable et des vitesses ultra-rapides allant jusqu&#039;\u00e0 10 Gbit\/s en font un incontournable.<\/p>\n<p>De plus, avec la prise en charge d&#039;une charge rapide jusqu&#039;\u00e0 100 W et une r\u00e9trocompatibilit\u00e9 avec les appareils USB 3.0 et 2.0, cela change la donne. Ne manquez pas cette mise \u00e0 niveau\u00a0!<\/p>\n<p><!-- notionvc: 9cc97f9d-f357-4ffa-a43a-a5c30e0ed0f5 --><!-- notionvc: 39e6d870-2ccd-4bdf-a9fa-167fb191cf76 --><\/p>\n<p><!-- notionvc: b095f5fd-12ca-4e3c-aa4a-6b7b9d201367 --><\/p>\n<p><!-- notionvc: d1bf7134-081f-4dda-91f6-fa2bc73c01d9 --><\/p>\n<p><!-- notionvc: 7691773d-0462-4a7f-b41c-a58ee20dbfad --><\/p>\n<p><!-- notionvc: e16f256b-1002-40c7-afcf-7c7c760a7e79 --><\/p>\n<p><span style=\"font-size: 16px;\">Ses caract\u00e9ristiques :<\/span><\/p>\n<ul>\n<li>Connecteur 1 : USB 3.1 Type-E m\u00e2le\/ USB 3.0 20PIN femelle interne<\/li>\n<li>Connecteur 2 : USB 3.1 Type-C\/ USB 3.0 Type-A femelle externe<\/li>\n<li>Contact plaqu\u00e9 or, coque plaqu\u00e9e nickel<\/li>\n<li>Type d'\u00e9crou et de vis : M3 nickel\u00e9<\/li>\n<li>Pas des trous : 20\u00b10,5mm ou 30\u00b10,5mm<\/li>\n<li>Conducteur du c\u00e2ble : Cuivre nu<\/li>\n<li>Jauge de fil : 32AWG pour USB 3.1 Type-E OD4.6mm ; 28\/28\/24AWG pour USB 3.0 20PIN OD5.5\u00b10.15mm<\/li>\n<li>Blindage : Feuille d'aluminium, tresse<\/li>\n<li>Bo\u00eetier : Moulage par injection<\/li>\n<li>Gaine : PVC<\/li>\n<li>L'USB 3.1 prend en charge le transfert\/synchronisation de donn\u00e9es ultra-rapide (jusqu'\u00e0 10 Gbps), ainsi que la charge rapide USB jusqu'\u00e0 100 W.<\/li>\n<li>USB 3.1 R\u00e9trocompatible avec l'USB 3.0 (5Gbps) et l'USB 2.0 (480Mbps) \u00e0 haute vitesse<\/li>\n<li>Les connecteurs USB 3.0 A prennent en charge les p\u00e9riph\u00e9riques USB 3.0 \u00e0 grande vitesse et le taux de transfert peut atteindre 5 Gbps.<\/li>\n<li>Conformit\u00e9 : RoHS, REACH<\/li>\n<\/ul>","protected":false},"excerpt":{"rendered":"<p>Support de fente USB 3.1 Type E m\u00e2le vers USB C femelle, 20PIN vers USB 3.0 A femelle C\u00e2ble adaptateur de plaque de fente, 0.3M<\/p>","protected":false},"featured_media":25070,"template":"","meta":{"_acf_changed":false,"_seopress_robots_primary_cat":"","_seopress_titles_title":"USB Slot Bracket USB C USB 3.0 A Slot Plate Adapter Cable","_seopress_titles_desc":"","_seopress_robots_index":"","site-sidebar-layout":"default","site-content-layout":"default","ast-site-content-layout":"default","site-content-style":"default","site-sidebar-style":"default","ast-global-header-display":"","ast-banner-title-visibility":"","ast-main-header-display":"","ast-hfb-above-header-display":"","ast-hfb-below-header-display":"","ast-hfb-mobile-header-display":"","site-post-title":"","ast-breadcrumbs-content":"","ast-featured-img":"","footer-sml-layout":"","ast-disable-related-posts":"","theme-transparent-header-meta":"default","adv-header-id-meta":"","stick-header-meta":"","header-above-stick-meta":"","header-main-stick-meta":"","header-below-stick-meta":"","astra-migrate-meta-layouts":"set","ast-page-background-enabled":"default","ast-page-background-meta":{"desktop":{"background-color":"","background-image":"","background-repeat":"repeat","background-position":"center center","background-size":"auto","background-attachment":"scroll","background-type":"","background-media":"","overlay-type":"","overlay-color":"","overlay-opacity":"","overlay-gradient":""},"tablet":{"background-color":"","background-image":"","background-repeat":"repeat","background-position":"center center","background-size":"auto","background-attachment":"scroll","background-type":"","background-media":"","overlay-type":"","overlay-color":"","overlay-opacity":"","overlay-gradient":""},"mobile":{"background-color":"","background-image":"","background-repeat":"repeat","background-position":"center center","background-size":"auto","background-attachment":"scroll","background-type":"","background-media":"","overlay-type":"","overlay-color":"","overlay-opacity":"","overlay-gradient":""}},"ast-content-background-meta":{"desktop":{"background-color":"var(--ast-global-color-5)","background-image":"","background-repeat":"repeat","background-position":"center center","background-size":"auto","background-attachment":"scroll","background-type":"","background-media":"","overlay-type":"","overlay-color":"","overlay-opacity":"","overlay-gradient":""},"tablet":{"background-color":"var(--ast-global-color-5)","background-image":"","background-repeat":"repeat","background-position":"center center","background-size":"auto","background-attachment":"scroll","background-type":"","background-media":"","overlay-type":"","overlay-color":"","overlay-opacity":"","overlay-gradient":""},"mobile":{"background-color":"var(--ast-global-color-5)","background-image":"","background-repeat":"repeat","background-position":"center center","background-size":"auto","background-attachment":"scroll","background-type":"","background-media":"","overlay-type":"","overlay-color":"","overlay-opacity":"","overlay-gradient":""}},"iawp_total_views":1},"product_brand":[],"product_cat":[238,712],"product_tag":[],"class_list":{"0":"post-25067","1":"product","2":"type-product","3":"status-publish","4":"has-post-thumbnail","6":"product_cat-panel-mount","7":"product_cat-slot-brackets","8":"desktop-align-left","9":"tablet-align-left","10":"mobile-align-left","12":"first","13":"instock","14":"shipping-taxable","15":"purchasable","16":"product-type-simple"},"acf":[],"_links":{"self":[{"href":"https:\/\/www.fjpremium.com\/fr\/wp-json\/wp\/v2\/product\/25067","targetHints":{"allow":["GET"]}}],"collection":[{"href":"https:\/\/www.fjpremium.com\/fr\/wp-json\/wp\/v2\/product"}],"about":[{"href":"https:\/\/www.fjpremium.com\/fr\/wp-json\/wp\/v2\/types\/product"}],"wp:featuredmedia":[{"embeddable":true,"href":"https:\/\/www.fjpremium.com\/fr\/wp-json\/wp\/v2\/media\/25070"}],"wp:attachment":[{"href":"https:\/\/www.fjpremium.com\/fr\/wp-json\/wp\/v2\/media?parent=25067"}],"wp:term":[{"taxonomy":"product_brand","embeddable":true,"href":"https:\/\/www.fjpremium.com\/fr\/wp-json\/wp\/v2\/product_brand?post=25067"},{"taxonomy":"product_cat","embeddable":true,"href":"https:\/\/www.fjpremium.com\/fr\/wp-json\/wp\/v2\/product_cat?post=25067"},{"taxonomy":"product_tag","embeddable":true,"href":"https:\/\/www.fjpremium.com\/fr\/wp-json\/wp\/v2\/product_tag?post=25067"}],"curies":[{"name":"wp","href":"https:\/\/api.w.org\/{rel}","templated":true}]}}