{"id":25059,"date":"2024-01-24T10:37:24","date_gmt":"2024-01-24T02:37:24","guid":{"rendered":"https:\/\/www.fjpremium.com\/?post_type=product&#038;p=25059"},"modified":"2024-04-03T14:00:14","modified_gmt":"2024-04-03T06:00:14","slug":"usb-3-1-type-e-usb-c-slot-plate-adapter","status":"publish","type":"product","link":"https:\/\/www.fjpremium.com\/fr\/product\/usb-3-1-type-e-usb-c-slot-plate-adapter\/","title":{"rendered":"C\u00e2ble adaptateur de plaque USB 3.1 Type E m\u00e2le vers 2 ports USB C femelle"},"content":{"rendered":"<p>Vous cherchez \u00e0 mettre \u00e0 niveau la configuration de votre PC ? Le c\u00e2ble adaptateur double USB 3.1 Type E m\u00e2le vers 2 ports USB C femelle est l\u00e0 pour vous.<\/p>\n<p>Avec deux connecteurs USB 3.1 Type-E m\u00e2le et deux ports USB 3.1 Type-C femelle, vous b\u00e9n\u00e9ficiez d&#039;une flexibilit\u00e9 ultime. Profitez de transferts de donn\u00e9es ultra-rapides jusqu&#039;\u00e0 10 Gbit\/s et d&#039;une prise en charge d&#039;une charge rapide USB jusqu&#039;\u00e0 100 W.<\/p>\n<p>Durable et conforme aux normes RoHS et REACH, cet adaptateur change la donne. De plus, il est r\u00e9trocompatible avec USB 3.0 et USB 2.0 pour une int\u00e9gration transparente.<\/p>\n<p><!-- notionvc: 9cc97f9d-f357-4ffa-a43a-a5c30e0ed0f5 --><!-- notionvc: 39e6d870-2ccd-4bdf-a9fa-167fb191cf76 --><\/p>\n<p><!-- notionvc: b095f5fd-12ca-4e3c-aa4a-6b7b9d201367 --><\/p>\n<p><!-- notionvc: d1bf7134-081f-4dda-91f6-fa2bc73c01d9 --><\/p>\n<p><!-- notionvc: 7691773d-0462-4a7f-b41c-a58ee20dbfad --><\/p>\n<p><!-- notionvc: e16f256b-1002-40c7-afcf-7c7c760a7e79 --><\/p>\n<p><span style=\"font-size: 16px;\">Ses caract\u00e9ristiques :<\/span><\/p>\n<ul>\n<li>Connecteur 1 : 2 x USB 3.1 Type-E m\u00e2le interne<\/li>\n<li>Connecteur 2 : 2 x USB 3.1 Type-C femelle externe<\/li>\n<li>Contact plaqu\u00e9 or, coque plaqu\u00e9e nickel<\/li>\n<li>Type d'\u00e9crou et de vis : M3 nickel\u00e9<\/li>\n<li>Conducteur du c\u00e2ble : Cuivre nu<\/li>\n<li>Calibre des fils : 32AWG<\/li>\n<li>Diam\u00e8tre ext\u00e9rieur : 4,6 mm<\/li>\n<li>Blindage : Feuille d'aluminium, tresse<\/li>\n<li>Bo\u00eetier : Moulage par injection<\/li>\n<li>Gaine : PVC<\/li>\n<li>Transfert\/synchronisation de donn\u00e9es ultra-rapide (jusqu'\u00e0 10 Gbps), prise en charge de la charge rapide USB jusqu'\u00e0 100 W<\/li>\n<li>R\u00e9trocompatibilit\u00e9 avec l'USB 3.0 (5Gbps) et l'USB 2.0 (480Mbps) \u00e0 haute vitesse<\/li>\n<li>Conformit\u00e9 : RoHS, REACH<\/li>\n<\/ul>","protected":false},"excerpt":{"rendered":"<p>C\u00e2ble adaptateur de plaque USB 3.1 Type E m\u00e2le vers 2 ports USB C femelle, 0.3M<\/p>","protected":false},"featured_media":25060,"template":"","meta":{"_acf_changed":false,"_seopress_robots_primary_cat":"","_seopress_titles_title":"USB 3.1 Type E to 2 Port USB C Female Slot Plate Adapter","_seopress_titles_desc":"","_seopress_robots_index":"","site-sidebar-layout":"default","site-content-layout":"default","ast-site-content-layout":"default","site-content-style":"default","site-sidebar-style":"default","ast-global-header-display":"","ast-banner-title-visibility":"","ast-main-header-display":"","ast-hfb-above-header-display":"","ast-hfb-below-header-display":"","ast-hfb-mobile-header-display":"","site-post-title":"","ast-breadcrumbs-content":"","ast-featured-img":"","footer-sml-layout":"","ast-disable-related-posts":"","theme-transparent-header-meta":"default","adv-header-id-meta":"","stick-header-meta":"","header-above-stick-meta":"","header-main-stick-meta":"","header-below-stick-meta":"","astra-migrate-meta-layouts":"set","ast-page-background-enabled":"default","ast-page-background-meta":{"desktop":{"background-color":"","background-image":"","background-repeat":"repeat","background-position":"center center","background-size":"auto","background-attachment":"scroll","background-type":"","background-media":"","overlay-type":"","overlay-color":"","overlay-opacity":"","overlay-gradient":""},"tablet":{"background-color":"","background-image":"","background-repeat":"repeat","background-position":"center center","background-size":"auto","background-attachment":"scroll","background-type":"","background-media":"","overlay-type":"","overlay-color":"","overlay-opacity":"","overlay-gradient":""},"mobile":{"background-color":"","background-image":"","background-repeat":"repeat","background-position":"center center","background-size":"auto","background-attachment":"scroll","background-type":"","background-media":"","overlay-type":"","overlay-color":"","overlay-opacity":"","overlay-gradient":""}},"ast-content-background-meta":{"desktop":{"background-color":"var(--ast-global-color-5)","background-image":"","background-repeat":"repeat","background-position":"center center","background-size":"auto","background-attachment":"scroll","background-type":"","background-media":"","overlay-type":"","overlay-color":"","overlay-opacity":"","overlay-gradient":""},"tablet":{"background-color":"var(--ast-global-color-5)","background-image":"","background-repeat":"repeat","background-position":"center center","background-size":"auto","background-attachment":"scroll","background-type":"","background-media":"","overlay-type":"","overlay-color":"","overlay-opacity":"","overlay-gradient":""},"mobile":{"background-color":"var(--ast-global-color-5)","background-image":"","background-repeat":"repeat","background-position":"center center","background-size":"auto","background-attachment":"scroll","background-type":"","background-media":"","overlay-type":"","overlay-color":"","overlay-opacity":"","overlay-gradient":""}},"iawp_total_views":33},"product_brand":[],"product_cat":[238,712],"product_tag":[],"class_list":{"0":"post-25059","1":"product","2":"type-product","3":"status-publish","4":"has-post-thumbnail","6":"product_cat-panel-mount","7":"product_cat-slot-brackets","8":"desktop-align-left","9":"tablet-align-left","10":"mobile-align-left","12":"first","13":"instock","14":"shipping-taxable","15":"purchasable","16":"product-type-simple"},"acf":[],"_links":{"self":[{"href":"https:\/\/www.fjpremium.com\/fr\/wp-json\/wp\/v2\/product\/25059","targetHints":{"allow":["GET"]}}],"collection":[{"href":"https:\/\/www.fjpremium.com\/fr\/wp-json\/wp\/v2\/product"}],"about":[{"href":"https:\/\/www.fjpremium.com\/fr\/wp-json\/wp\/v2\/types\/product"}],"wp:featuredmedia":[{"embeddable":true,"href":"https:\/\/www.fjpremium.com\/fr\/wp-json\/wp\/v2\/media\/25060"}],"wp:attachment":[{"href":"https:\/\/www.fjpremium.com\/fr\/wp-json\/wp\/v2\/media?parent=25059"}],"wp:term":[{"taxonomy":"product_brand","embeddable":true,"href":"https:\/\/www.fjpremium.com\/fr\/wp-json\/wp\/v2\/product_brand?post=25059"},{"taxonomy":"product_cat","embeddable":true,"href":"https:\/\/www.fjpremium.com\/fr\/wp-json\/wp\/v2\/product_cat?post=25059"},{"taxonomy":"product_tag","embeddable":true,"href":"https:\/\/www.fjpremium.com\/fr\/wp-json\/wp\/v2\/product_tag?post=25059"}],"curies":[{"name":"wp","href":"https:\/\/api.w.org\/{rel}","templated":true}]}}