{"id":24886,"date":"2024-01-23T14:08:02","date_gmt":"2024-01-23T06:08:02","guid":{"rendered":"https:\/\/www.fjpremium.com\/?post_type=product&#038;p=24886"},"modified":"2024-04-02T14:29:10","modified_gmt":"2024-04-02T06:29:10","slug":"hdmi-dual-usb-3-0-a-car-flush-mount-cable","status":"publish","type":"product","link":"https:\/\/www.fjpremium.com\/fr\/product\/hdmi-dual-usb-3-0-a-car-flush-mount-cable\/","title":{"rendered":"C\u00e2ble HDMI 2.0 m\u00e2le vers femelle et double USB 3.0 A m\u00e2le vers femelle pour montage encastr\u00e9 dans la voiture"},"content":{"rendered":"<p>Pr\u00e9sentation du c\u00e2ble de montage encastr\u00e9 pour voiture FARSINCE de haute qualit\u00e9 \u2013 votre solution ultime pour \u00e9tendre la connectivit\u00e9 HDMI et USB sur votre tableau de bord\u00a0!<\/p>\n<p>Avec les connecteurs HDMI 2.0 m\u00e2le vers femelle et double USB 3.0 A m\u00e2le vers femelle, l&#039;installation est un jeu d&#039;enfant : il suffit de le fixer avec l&#039;\u00e9crou en aluminium M26 x 1,5 inclus.<\/p>\n<p>Notre c\u00e2ble est dot\u00e9 d&#039;un rev\u00eatement \u00e9tanche \u00e0 l&#039;eau et \u00e0 la poussi\u00e8re pour une durabilit\u00e9 dans toutes les conditions. Profitez d&#039;un transfert de donn\u00e9es ultra-rapide et d&#039;une r\u00e9solution 4K \u00e0 60 Hz d&#039;une clart\u00e9 cristalline avec des connecteurs plaqu\u00e9s or.<\/p>\n<p>Am\u00e9liorez la technologie de votre voiture d\u00e8s aujourd&#039;hui avec le c\u00e2ble FARSINCE HDMI 2.0 m\u00e2le vers femelle et double USB 3.0 A m\u00e2le vers femelle !<\/p>\n<p><!-- notionvc: 7691773d-0462-4a7f-b41c-a58ee20dbfad --><\/p>\n<p><!-- notionvc: e16f256b-1002-40c7-afcf-7c7c760a7e79 --><\/p>\n<p><span style=\"font-size: 16px;\">Ses caract\u00e9ristiques :<\/span><\/p>\n<ul>\n<li>Connecteur 1 : HDMI 2.0 m\u00e2le, plaqu\u00e9 or<\/li>\n<li>Connecteur 2 : HDMI 2.0 femelle, plaqu\u00e9 or<\/li>\n<li>Connecteur 3 : USB 3.0 Type-A m\u00e2le x2, contact plaqu\u00e9 or, coque plaqu\u00e9e nickel<\/li>\n<li>Connecteur 4 : USB 3.0 Type-A femelle x2, contact plaqu\u00e9 or, coque plaqu\u00e9e nickel<\/li>\n<li>Conducteur du c\u00e2ble : Cuivre nu<\/li>\n<li>Calibre des fils : 32AWG pour HDMI OD6.0mm ; 28\/28\/24AWG pour USB 3.0 Type-A OD5.5mm<\/li>\n<li>Blindage : Feuille d'aluminium, tresse<\/li>\n<li>Bo\u00eetier : Moule \u00e0 injection<\/li>\n<li>Gaine : PVC<\/li>\n<li>Le connecteur HDMI prend en charge une r\u00e9solution jusqu'\u00e0 4K@60Hz, une bande passante jusqu'\u00e0 18Gbps.<\/li>\n<li>Le connecteur USB de type A prend en charge les p\u00e9riph\u00e9riques USB 3.0 \u00e0 grande vitesse et le taux de transfert peut atteindre 5 Gbps.<\/li>\n<li>Conformit\u00e9 : RoHS, REACH<\/li>\n<\/ul>","protected":false},"excerpt":{"rendered":"<p>C\u00e2ble d'encastrement HDMI 2.0 m\u00e2le vers femelle et double USB 3.0 A m\u00e2le vers femelle pour voitures, camions, motos, bateaux, yachts<\/p>","protected":false},"featured_media":24889,"template":"","meta":{"_acf_changed":false,"_seopress_robots_primary_cat":"","_seopress_titles_title":"HDMI 2.0 Dual USB 3.0 A Male to Female Car Flush Mount Cable","_seopress_titles_desc":"","_seopress_robots_index":"","site-sidebar-layout":"default","site-content-layout":"default","ast-site-content-layout":"default","site-content-style":"default","site-sidebar-style":"default","ast-global-header-display":"","ast-banner-title-visibility":"","ast-main-header-display":"","ast-hfb-above-header-display":"","ast-hfb-below-header-display":"","ast-hfb-mobile-header-display":"","site-post-title":"","ast-breadcrumbs-content":"","ast-featured-img":"","footer-sml-layout":"","ast-disable-related-posts":"","theme-transparent-header-meta":"default","adv-header-id-meta":"","stick-header-meta":"","header-above-stick-meta":"","header-main-stick-meta":"","header-below-stick-meta":"","astra-migrate-meta-layouts":"set","ast-page-background-enabled":"default","ast-page-background-meta":{"desktop":{"background-color":"","background-image":"","background-repeat":"repeat","background-position":"center center","background-size":"auto","background-attachment":"scroll","background-type":"","background-media":"","overlay-type":"","overlay-color":"","overlay-opacity":"","overlay-gradient":""},"tablet":{"background-color":"","background-image":"","background-repeat":"repeat","background-position":"center center","background-size":"auto","background-attachment":"scroll","background-type":"","background-media":"","overlay-type":"","overlay-color":"","overlay-opacity":"","overlay-gradient":""},"mobile":{"background-color":"","background-image":"","background-repeat":"repeat","background-position":"center center","background-size":"auto","background-attachment":"scroll","background-type":"","background-media":"","overlay-type":"","overlay-color":"","overlay-opacity":"","overlay-gradient":""}},"ast-content-background-meta":{"desktop":{"background-color":"var(--ast-global-color-5)","background-image":"","background-repeat":"repeat","background-position":"center center","background-size":"auto","background-attachment":"scroll","background-type":"","background-media":"","overlay-type":"","overlay-color":"","overlay-opacity":"","overlay-gradient":""},"tablet":{"background-color":"var(--ast-global-color-5)","background-image":"","background-repeat":"repeat","background-position":"center center","background-size":"auto","background-attachment":"scroll","background-type":"","background-media":"","overlay-type":"","overlay-color":"","overlay-opacity":"","overlay-gradient":""},"mobile":{"background-color":"var(--ast-global-color-5)","background-image":"","background-repeat":"repeat","background-position":"center center","background-size":"auto","background-attachment":"scroll","background-type":"","background-media":"","overlay-type":"","overlay-color":"","overlay-opacity":"","overlay-gradient":""}},"iawp_total_views":17},"product_brand":[],"product_cat":[238,681],"product_tag":[],"class_list":{"0":"post-24886","1":"product","2":"type-product","3":"status-publish","4":"has-post-thumbnail","6":"product_cat-panel-mount","7":"product_cat-waterproof-rugged-cables","8":"desktop-align-left","9":"tablet-align-left","10":"mobile-align-left","12":"first","13":"instock","14":"shipping-taxable","15":"purchasable","16":"product-type-simple"},"acf":[],"_links":{"self":[{"href":"https:\/\/www.fjpremium.com\/fr\/wp-json\/wp\/v2\/product\/24886","targetHints":{"allow":["GET"]}}],"collection":[{"href":"https:\/\/www.fjpremium.com\/fr\/wp-json\/wp\/v2\/product"}],"about":[{"href":"https:\/\/www.fjpremium.com\/fr\/wp-json\/wp\/v2\/types\/product"}],"wp:featuredmedia":[{"embeddable":true,"href":"https:\/\/www.fjpremium.com\/fr\/wp-json\/wp\/v2\/media\/24889"}],"wp:attachment":[{"href":"https:\/\/www.fjpremium.com\/fr\/wp-json\/wp\/v2\/media?parent=24886"}],"wp:term":[{"taxonomy":"product_brand","embeddable":true,"href":"https:\/\/www.fjpremium.com\/fr\/wp-json\/wp\/v2\/product_brand?post=24886"},{"taxonomy":"product_cat","embeddable":true,"href":"https:\/\/www.fjpremium.com\/fr\/wp-json\/wp\/v2\/product_cat?post=24886"},{"taxonomy":"product_tag","embeddable":true,"href":"https:\/\/www.fjpremium.com\/fr\/wp-json\/wp\/v2\/product_tag?post=24886"}],"curies":[{"name":"wp","href":"https:\/\/api.w.org\/{rel}","templated":true}]}}