{"id":24872,"date":"2024-01-23T13:48:15","date_gmt":"2024-01-23T05:48:15","guid":{"rendered":"https:\/\/www.fjpremium.com\/?post_type=product&#038;p=24872"},"modified":"2024-04-02T14:20:41","modified_gmt":"2024-04-02T06:20:41","slug":"hdmi-2-0-and-3-5-mm-panel-mount-m-f-cable","status":"publish","type":"product","link":"https:\/\/www.fjpremium.com\/fr\/product\/hdmi-2-0-and-3-5-mm-panel-mount-m-f-cable\/","title":{"rendered":"C\u00e2ble \u00e9tanche pour voiture HDMI 2.0 et 3.5 mm m\u00e2le-femelle mont\u00e9 sur panneau"},"content":{"rendered":"<p>Voici pourquoi le c\u00e2ble \u00e9tanche FARSINCE Flush HDMI 2.0 et 3,5 mm m\u00e2le vers femelle pour voiture se d\u00e9marque dans le monde du divertissement automobile :<\/p>\n<p>Il s&#039;agit de votre solution tout-en-un pour \u00e9tendre les ports HDMI et st\u00e9r\u00e9o 3,5 mm directement sur le tableau de bord de votre voiture, adapt\u00e9 \u00e0 diff\u00e9rents types de v\u00e9hicules.<\/p>\n<p>Avec la prise en charge de r\u00e9solutions allant jusqu&#039;\u00e0 4K \u00e0 60 Hz et une bande passante allant jusqu&#039;\u00e0 18 Gbit\/s, attendez-vous \u00e0 une qualit\u00e9 de lecture visuelle et audio exceptionnelle.<\/p>\n<p>R\u00e9pondant aux normes RoHS et REACH, ce c\u00e2ble donne la priorit\u00e9 \u00e0 la s\u00e9curit\u00e9 et \u00e0 la responsabilit\u00e9 environnementale.<\/p>\n<p><!-- notionvc: 7691773d-0462-4a7f-b41c-a58ee20dbfad --><\/p>\n<p><!-- notionvc: e16f256b-1002-40c7-afcf-7c7c760a7e79 --><\/p>\n<p><span style=\"font-size: 16px;\">Ses caract\u00e9ristiques :<\/span><\/p>\n<ul>\n<li>Connecteur 1 : HDMI 2.0 m\u00e2le, 3,5 mm st\u00e9r\u00e9o m\u00e2le<\/li>\n<li>Connecteur 2 : HDMI 2.0 femelle, 3,5 mm st\u00e9r\u00e9o femelle<\/li>\n<li>Contact plaqu\u00e9 or, coque plaqu\u00e9e or<\/li>\n<li>Conducteur du c\u00e2ble : Cuivre nu<\/li>\n<li>Calibre des fils : 32AWG pour HDMI, OD6.0mm ; 28AWG pour 3.5mm st\u00e9r\u00e9o, OD3.5mm<\/li>\n<li>Blindage : Feuille d'aluminium, tresse<\/li>\n<li>Bo\u00eetier : Moule \u00e0 injection<\/li>\n<li>Gaine : PVC<\/li>\n<li>Le connecteur HDMI prend en charge une r\u00e9solution jusqu'\u00e0 4K@60Hz, une bande passante jusqu'\u00e0 18Gbps.<\/li>\n<li>La prise audio de 3,5 mm permet l'entr\u00e9e d'un appareil audio externe.<\/li>\n<li>Conformit\u00e9 : RoHS, REACH<\/li>\n<\/ul>","protected":false},"excerpt":{"rendered":"<p>C\u00e2ble HDMI 2.0 et 3.5 mm m\u00e2le-femelle pour montage sur panneau \u00e9tanche pour voitures, camions, motos, bateaux, yachts<\/p>","protected":false},"featured_media":24879,"template":"","meta":{"_acf_changed":false,"_seopress_robots_primary_cat":"","_seopress_titles_title":"HDMI 2.0 and 3.5 mm Panel Mount Male to Female Cable","_seopress_titles_desc":"","_seopress_robots_index":"","site-sidebar-layout":"default","site-content-layout":"default","ast-site-content-layout":"default","site-content-style":"default","site-sidebar-style":"default","ast-global-header-display":"","ast-banner-title-visibility":"","ast-main-header-display":"","ast-hfb-above-header-display":"","ast-hfb-below-header-display":"","ast-hfb-mobile-header-display":"","site-post-title":"","ast-breadcrumbs-content":"","ast-featured-img":"","footer-sml-layout":"","ast-disable-related-posts":"","theme-transparent-header-meta":"default","adv-header-id-meta":"","stick-header-meta":"","header-above-stick-meta":"","header-main-stick-meta":"","header-below-stick-meta":"","astra-migrate-meta-layouts":"set","ast-page-background-enabled":"default","ast-page-background-meta":{"desktop":{"background-color":"","background-image":"","background-repeat":"repeat","background-position":"center center","background-size":"auto","background-attachment":"scroll","background-type":"","background-media":"","overlay-type":"","overlay-color":"","overlay-opacity":"","overlay-gradient":""},"tablet":{"background-color":"","background-image":"","background-repeat":"repeat","background-position":"center center","background-size":"auto","background-attachment":"scroll","background-type":"","background-media":"","overlay-type":"","overlay-color":"","overlay-opacity":"","overlay-gradient":""},"mobile":{"background-color":"","background-image":"","background-repeat":"repeat","background-position":"center center","background-size":"auto","background-attachment":"scroll","background-type":"","background-media":"","overlay-type":"","overlay-color":"","overlay-opacity":"","overlay-gradient":""}},"ast-content-background-meta":{"desktop":{"background-color":"var(--ast-global-color-5)","background-image":"","background-repeat":"repeat","background-position":"center center","background-size":"auto","background-attachment":"scroll","background-type":"","background-media":"","overlay-type":"","overlay-color":"","overlay-opacity":"","overlay-gradient":""},"tablet":{"background-color":"var(--ast-global-color-5)","background-image":"","background-repeat":"repeat","background-position":"center center","background-size":"auto","background-attachment":"scroll","background-type":"","background-media":"","overlay-type":"","overlay-color":"","overlay-opacity":"","overlay-gradient":""},"mobile":{"background-color":"var(--ast-global-color-5)","background-image":"","background-repeat":"repeat","background-position":"center center","background-size":"auto","background-attachment":"scroll","background-type":"","background-media":"","overlay-type":"","overlay-color":"","overlay-opacity":"","overlay-gradient":""}},"iawp_total_views":1},"product_brand":[],"product_cat":[238,681],"product_tag":[],"class_list":{"0":"post-24872","1":"product","2":"type-product","3":"status-publish","4":"has-post-thumbnail","6":"product_cat-panel-mount","7":"product_cat-waterproof-rugged-cables","8":"desktop-align-left","9":"tablet-align-left","10":"mobile-align-left","12":"first","13":"instock","14":"shipping-taxable","15":"purchasable","16":"product-type-simple"},"acf":[],"_links":{"self":[{"href":"https:\/\/www.fjpremium.com\/fr\/wp-json\/wp\/v2\/product\/24872","targetHints":{"allow":["GET"]}}],"collection":[{"href":"https:\/\/www.fjpremium.com\/fr\/wp-json\/wp\/v2\/product"}],"about":[{"href":"https:\/\/www.fjpremium.com\/fr\/wp-json\/wp\/v2\/types\/product"}],"wp:featuredmedia":[{"embeddable":true,"href":"https:\/\/www.fjpremium.com\/fr\/wp-json\/wp\/v2\/media\/24879"}],"wp:attachment":[{"href":"https:\/\/www.fjpremium.com\/fr\/wp-json\/wp\/v2\/media?parent=24872"}],"wp:term":[{"taxonomy":"product_brand","embeddable":true,"href":"https:\/\/www.fjpremium.com\/fr\/wp-json\/wp\/v2\/product_brand?post=24872"},{"taxonomy":"product_cat","embeddable":true,"href":"https:\/\/www.fjpremium.com\/fr\/wp-json\/wp\/v2\/product_cat?post=24872"},{"taxonomy":"product_tag","embeddable":true,"href":"https:\/\/www.fjpremium.com\/fr\/wp-json\/wp\/v2\/product_tag?post=24872"}],"curies":[{"name":"wp","href":"https:\/\/api.w.org\/{rel}","templated":true}]}}