{"id":24868,"date":"2024-01-23T13:41:21","date_gmt":"2024-01-23T05:41:21","guid":{"rendered":"https:\/\/www.fjpremium.com\/?post_type=product&#038;p=24868"},"modified":"2024-04-02T14:15:05","modified_gmt":"2024-04-02T06:15:05","slug":"micro-hdmi-2-0-to-panel-mount-hdmi-cable","status":"publish","type":"product","link":"https:\/\/www.fjpremium.com\/fr\/product\/micro-hdmi-2-0-to-panel-mount-hdmi-cable\/","title":{"rendered":"Micro HDMI 2.0 to Panel Mount HDMI Cable Male to Female Car Waterproof Cable (C\u00e2ble HDMI m\u00e2le-femelle pour montage sur panneau)"},"content":{"rendered":"<p>Allons droit au but avec le c\u00e2ble \u00e9tanche Micro HDMI 2.0 vers montage sur panneau HDMI m\u00e2le vers femelle pour voiture. Voici pourquoi c&#039;est un choix remarquable\u00a0:<\/p>\n<p>Micro HDMI 2.0 m\u00e2le et HDMI 2.0 femelle plaqu\u00e9s or pour une connectivit\u00e9 de premier ordre.<\/p>\n<p>Construit pour durer avec un conducteur en cuivre nu, une feuille d&#039;aluminium et un blindage tress\u00e9. Bo\u00eetier moul\u00e9 par injection et gaine en PVC pour plus de durabilit\u00e9.<\/p>\n<p>Prend en charge une r\u00e9solution jusqu&#039;\u00e0 4K \u00e0 60 Hz et une bande passante jusqu&#039;\u00e0 18 Gbit\/s pour des visuels \u00e9poustouflants.<\/p>\n<p>Conforme aux normes RoHS et REACH en mati\u00e8re de s\u00e9curit\u00e9 et de respect de l&#039;environnement.<\/p>\n<p><!-- notionvc: 7691773d-0462-4a7f-b41c-a58ee20dbfad --><\/p>\n<p><!-- notionvc: e16f256b-1002-40c7-afcf-7c7c760a7e79 --><\/p>\n<p><span style=\"font-size: 16px;\">Ses caract\u00e9ristiques :<\/span><\/p>\n<ul>\n<li>Connecteur 1 : Micro HDMI 2.0 m\u00e2le, plaqu\u00e9 or<\/li>\n<li>Connecteur 2 : HDMI 2.0 femelle, plaqu\u00e9 or<\/li>\n<li>Conducteur du c\u00e2ble : Cuivre nu<\/li>\n<li>Calibre des fils : 32AWG<\/li>\n<li>Diam\u00e8tre ext\u00e9rieur : 6,0 mm<\/li>\n<li>Blindage : Feuille d'aluminium, tresse<\/li>\n<li>Bo\u00eetier : Moule \u00e0 injection<\/li>\n<li>Gaine : PVC<\/li>\n<li>Le connecteur HDMI prend en charge une r\u00e9solution jusqu'\u00e0 4K@60Hz, une bande passante jusqu'\u00e0 18Gbps.<\/li>\n<li>Conformit\u00e9 : RoHS, REACH<\/li>\n<\/ul>","protected":false},"excerpt":{"rendered":"<p>Micro HDMI 2.0 to Panel Mount HDMI Cable Male to Female Car Waterproof Cable for Cars, trucks, motorcycles, boats, yachts<\/p>","protected":false},"featured_media":24870,"template":"","meta":{"_acf_changed":false,"_seopress_robots_primary_cat":"","_seopress_titles_title":"Micro HDMI 2.0 to Panel Mount HDMI Cable Car Waterproof","_seopress_titles_desc":"","_seopress_robots_index":"","site-sidebar-layout":"default","site-content-layout":"default","ast-site-content-layout":"default","site-content-style":"default","site-sidebar-style":"default","ast-global-header-display":"","ast-banner-title-visibility":"","ast-main-header-display":"","ast-hfb-above-header-display":"","ast-hfb-below-header-display":"","ast-hfb-mobile-header-display":"","site-post-title":"","ast-breadcrumbs-content":"","ast-featured-img":"","footer-sml-layout":"","ast-disable-related-posts":"","theme-transparent-header-meta":"default","adv-header-id-meta":"","stick-header-meta":"","header-above-stick-meta":"","header-main-stick-meta":"","header-below-stick-meta":"","astra-migrate-meta-layouts":"set","ast-page-background-enabled":"default","ast-page-background-meta":{"desktop":{"background-color":"","background-image":"","background-repeat":"repeat","background-position":"center center","background-size":"auto","background-attachment":"scroll","background-type":"","background-media":"","overlay-type":"","overlay-color":"","overlay-opacity":"","overlay-gradient":""},"tablet":{"background-color":"","background-image":"","background-repeat":"repeat","background-position":"center center","background-size":"auto","background-attachment":"scroll","background-type":"","background-media":"","overlay-type":"","overlay-color":"","overlay-opacity":"","overlay-gradient":""},"mobile":{"background-color":"","background-image":"","background-repeat":"repeat","background-position":"center center","background-size":"auto","background-attachment":"scroll","background-type":"","background-media":"","overlay-type":"","overlay-color":"","overlay-opacity":"","overlay-gradient":""}},"ast-content-background-meta":{"desktop":{"background-color":"var(--ast-global-color-5)","background-image":"","background-repeat":"repeat","background-position":"center center","background-size":"auto","background-attachment":"scroll","background-type":"","background-media":"","overlay-type":"","overlay-color":"","overlay-opacity":"","overlay-gradient":""},"tablet":{"background-color":"var(--ast-global-color-5)","background-image":"","background-repeat":"repeat","background-position":"center center","background-size":"auto","background-attachment":"scroll","background-type":"","background-media":"","overlay-type":"","overlay-color":"","overlay-opacity":"","overlay-gradient":""},"mobile":{"background-color":"var(--ast-global-color-5)","background-image":"","background-repeat":"repeat","background-position":"center center","background-size":"auto","background-attachment":"scroll","background-type":"","background-media":"","overlay-type":"","overlay-color":"","overlay-opacity":"","overlay-gradient":""}},"iawp_total_views":8},"product_brand":[],"product_cat":[238,681],"product_tag":[],"class_list":{"0":"post-24868","1":"product","2":"type-product","3":"status-publish","4":"has-post-thumbnail","6":"product_cat-panel-mount","7":"product_cat-waterproof-rugged-cables","8":"desktop-align-left","9":"tablet-align-left","10":"mobile-align-left","12":"first","13":"instock","14":"shipping-taxable","15":"purchasable","16":"product-type-simple"},"acf":[],"_links":{"self":[{"href":"https:\/\/www.fjpremium.com\/fr\/wp-json\/wp\/v2\/product\/24868","targetHints":{"allow":["GET"]}}],"collection":[{"href":"https:\/\/www.fjpremium.com\/fr\/wp-json\/wp\/v2\/product"}],"about":[{"href":"https:\/\/www.fjpremium.com\/fr\/wp-json\/wp\/v2\/types\/product"}],"wp:featuredmedia":[{"embeddable":true,"href":"https:\/\/www.fjpremium.com\/fr\/wp-json\/wp\/v2\/media\/24870"}],"wp:attachment":[{"href":"https:\/\/www.fjpremium.com\/fr\/wp-json\/wp\/v2\/media?parent=24868"}],"wp:term":[{"taxonomy":"product_brand","embeddable":true,"href":"https:\/\/www.fjpremium.com\/fr\/wp-json\/wp\/v2\/product_brand?post=24868"},{"taxonomy":"product_cat","embeddable":true,"href":"https:\/\/www.fjpremium.com\/fr\/wp-json\/wp\/v2\/product_cat?post=24868"},{"taxonomy":"product_tag","embeddable":true,"href":"https:\/\/www.fjpremium.com\/fr\/wp-json\/wp\/v2\/product_tag?post=24868"}],"curies":[{"name":"wp","href":"https:\/\/api.w.org\/{rel}","templated":true}]}}