{"id":24862,"date":"2024-01-23T13:35:28","date_gmt":"2024-01-23T05:35:28","guid":{"rendered":"https:\/\/www.fjpremium.com\/?post_type=product&#038;p=24862"},"modified":"2024-04-02T14:10:57","modified_gmt":"2024-04-02T06:10:57","slug":"dual-hdmi-cable-panel-mount-m-f-car-cable","status":"publish","type":"product","link":"https:\/\/www.fjpremium.com\/fr\/product\/dual-hdmi-cable-panel-mount-m-f-car-cable\/","title":{"rendered":"C\u00e2ble HDMI double m\u00e2le\/femelle pour montage sur panneau C\u00e2ble \u00e9tanche pour voiture"},"content":{"rendered":"<p>Am\u00e9liorez le divertissement de votre voiture avec le support de panneau \u00e0 double c\u00e2ble HDMI. Voici pourquoi c&#039;est un incontournable\u00a0:<\/p>\n<p>Connectivit\u00e9 ? Doublez les ports HDMI pour plus d&#039;options.<\/p>\n<p>Durabilit\u00e9? La conception \u00e9tanche \u00e0 l&#039;eau et \u00e0 la poussi\u00e8re le prot\u00e8ge des \u00e9l\u00e9ments.<\/p>\n<p>Performance? Prend en charge une r\u00e9solution jusqu&#039;\u00e0 4K \u00e0 60 Hz et une bande passante jusqu&#039;\u00e0 18 Gbit\/s pour un affichage de premier ordre.<\/p>\n<p>Conformit\u00e9? R\u00e9pond aux normes de s\u00e9curit\u00e9.<\/p>\n<p><!-- notionvc: e16f256b-1002-40c7-afcf-7c7c760a7e79 --><\/p>\n<p><span style=\"font-size: 16px;\">Ses caract\u00e9ristiques :<\/span><\/p>\n<ul>\n<li>Connecteur 1 : HDMI 2.0 m\u00e2le x2, plaqu\u00e9 or<\/li>\n<li>Connecteur 2 : HDMI 2.0 femelle x2, plaqu\u00e9 or<\/li>\n<li>Conducteur du c\u00e2ble : Cuivre nu<\/li>\n<li>Calibre des fils : 32AWG<\/li>\n<li>Diam\u00e8tre ext\u00e9rieur : 6,0 mm<\/li>\n<li>Blindage : Feuille d'aluminium, tresse<\/li>\n<li>Bo\u00eetier : Moule \u00e0 injection<\/li>\n<li>Gaine : PVC<\/li>\n<li>Le connecteur HDMI prend en charge une r\u00e9solution jusqu'\u00e0 4K@60Hz, une bande passante jusqu'\u00e0 18Gbps.<\/li>\n<li>Conformit\u00e9 : RoHS, REACH<\/li>\n<\/ul>","protected":false},"excerpt":{"rendered":"<p>C\u00e2ble HDMI double m\u00e2le\/femelle pour montage sur panneau C\u00e2ble \u00e9tanche pour voitures, camions, motos, bateaux, yachts<\/p>","protected":false},"featured_media":24863,"template":"","meta":{"_acf_changed":false,"_seopress_robots_primary_cat":"","_seopress_titles_title":"Dual HDMI Cable Panel Mount Male to Female Car Cable","_seopress_titles_desc":"","_seopress_robots_index":"","site-sidebar-layout":"default","site-content-layout":"default","ast-site-content-layout":"default","site-content-style":"default","site-sidebar-style":"default","ast-global-header-display":"","ast-banner-title-visibility":"","ast-main-header-display":"","ast-hfb-above-header-display":"","ast-hfb-below-header-display":"","ast-hfb-mobile-header-display":"","site-post-title":"","ast-breadcrumbs-content":"","ast-featured-img":"","footer-sml-layout":"","ast-disable-related-posts":"","theme-transparent-header-meta":"default","adv-header-id-meta":"","stick-header-meta":"","header-above-stick-meta":"","header-main-stick-meta":"","header-below-stick-meta":"","astra-migrate-meta-layouts":"set","ast-page-background-enabled":"default","ast-page-background-meta":{"desktop":{"background-color":"","background-image":"","background-repeat":"repeat","background-position":"center center","background-size":"auto","background-attachment":"scroll","background-type":"","background-media":"","overlay-type":"","overlay-color":"","overlay-opacity":"","overlay-gradient":""},"tablet":{"background-color":"","background-image":"","background-repeat":"repeat","background-position":"center center","background-size":"auto","background-attachment":"scroll","background-type":"","background-media":"","overlay-type":"","overlay-color":"","overlay-opacity":"","overlay-gradient":""},"mobile":{"background-color":"","background-image":"","background-repeat":"repeat","background-position":"center center","background-size":"auto","background-attachment":"scroll","background-type":"","background-media":"","overlay-type":"","overlay-color":"","overlay-opacity":"","overlay-gradient":""}},"ast-content-background-meta":{"desktop":{"background-color":"var(--ast-global-color-5)","background-image":"","background-repeat":"repeat","background-position":"center center","background-size":"auto","background-attachment":"scroll","background-type":"","background-media":"","overlay-type":"","overlay-color":"","overlay-opacity":"","overlay-gradient":""},"tablet":{"background-color":"var(--ast-global-color-5)","background-image":"","background-repeat":"repeat","background-position":"center center","background-size":"auto","background-attachment":"scroll","background-type":"","background-media":"","overlay-type":"","overlay-color":"","overlay-opacity":"","overlay-gradient":""},"mobile":{"background-color":"var(--ast-global-color-5)","background-image":"","background-repeat":"repeat","background-position":"center center","background-size":"auto","background-attachment":"scroll","background-type":"","background-media":"","overlay-type":"","overlay-color":"","overlay-opacity":"","overlay-gradient":""}},"iawp_total_views":10},"product_brand":[],"product_cat":[238,681],"product_tag":[],"class_list":{"0":"post-24862","1":"product","2":"type-product","3":"status-publish","4":"has-post-thumbnail","6":"product_cat-panel-mount","7":"product_cat-waterproof-rugged-cables","8":"desktop-align-left","9":"tablet-align-left","10":"mobile-align-left","12":"first","13":"instock","14":"shipping-taxable","15":"purchasable","16":"product-type-simple"},"acf":[],"_links":{"self":[{"href":"https:\/\/www.fjpremium.com\/fr\/wp-json\/wp\/v2\/product\/24862","targetHints":{"allow":["GET"]}}],"collection":[{"href":"https:\/\/www.fjpremium.com\/fr\/wp-json\/wp\/v2\/product"}],"about":[{"href":"https:\/\/www.fjpremium.com\/fr\/wp-json\/wp\/v2\/types\/product"}],"wp:featuredmedia":[{"embeddable":true,"href":"https:\/\/www.fjpremium.com\/fr\/wp-json\/wp\/v2\/media\/24863"}],"wp:attachment":[{"href":"https:\/\/www.fjpremium.com\/fr\/wp-json\/wp\/v2\/media?parent=24862"}],"wp:term":[{"taxonomy":"product_brand","embeddable":true,"href":"https:\/\/www.fjpremium.com\/fr\/wp-json\/wp\/v2\/product_brand?post=24862"},{"taxonomy":"product_cat","embeddable":true,"href":"https:\/\/www.fjpremium.com\/fr\/wp-json\/wp\/v2\/product_cat?post=24862"},{"taxonomy":"product_tag","embeddable":true,"href":"https:\/\/www.fjpremium.com\/fr\/wp-json\/wp\/v2\/product_tag?post=24862"}],"curies":[{"name":"wp","href":"https:\/\/api.w.org\/{rel}","templated":true}]}}