{"id":24842,"date":"2024-01-23T13:11:20","date_gmt":"2024-01-23T05:11:20","guid":{"rendered":"https:\/\/www.fjpremium.com\/?post_type=product&#038;p=24842"},"modified":"2024-04-02T14:01:10","modified_gmt":"2024-04-02T06:01:10","slug":"panel-mount-usb-c-dual-usb-3-1-c-cable","status":"publish","type":"product","link":"https:\/\/www.fjpremium.com\/fr\/product\/panel-mount-usb-c-dual-usb-3-1-c-cable\/","title":{"rendered":"C\u00e2ble de voiture \u00e9tanche USB-C double USB 3.1 C m\u00e2le vers femelle \u00e0 montage encastr\u00e9"},"content":{"rendered":"<p>Parlons du c\u00e2ble \u00e9tanche pour voiture USB-C double USB 3.1 C m\u00e2le \u00e0 femelle \u00e0 montage sur panneau encastr\u00e9. Ce c\u00e2ble a du punch, et voici pourquoi\u00a0:<\/p>\n<p>Il est livr\u00e9 avec deux connecteurs USB 3.1 Type-C m\u00e2le \u00e0 une extr\u00e9mit\u00e9 et deux connecteurs USB 3.1 Type-C femelle \u00e0 l&#039;autre. C&#039;est une polyvalence sur laquelle vous pouvez compter.<\/p>\n<p>Avec des conducteurs en cuivre nu, une feuille d&#039;aluminium et un blindage tress\u00e9, il est con\u00e7u pour durer. De plus, il est suffisamment robuste pour affronter toutes les conditions routi\u00e8res.<\/p>\n<p>Transf\u00e9rez des donn\u00e9es jusqu&#039;\u00e0 10 Gbit\/s et profitez d&#039;une vid\u00e9o nette 4K \u00e0 60 Hz directement depuis votre voiture. C&#039;est du haut d\u00e9bit et de la haute d\u00e9finition, le tout dans un seul c\u00e2ble<\/p>\n<p><!-- notionvc: e16f256b-1002-40c7-afcf-7c7c760a7e79 --><\/p>\n<p><span style=\"font-size: 16px;\">Ses caract\u00e9ristiques :<\/span><\/p>\n<ul>\n<li>Connecteur 1 : USB 3.1 Type-C m\u00e2le x2<\/li>\n<li>Connecteur 2 : USB 3.1 Type-C femelle x2<\/li>\n<li>Contact plaqu\u00e9 or, coque plaqu\u00e9e nickel<\/li>\n<li>Conducteur du c\u00e2ble : Cuivre nu<\/li>\n<li>Calibre des fils : 32\/32\/24AWG<\/li>\n<li>Diam\u00e8tre ext\u00e9rieur : 4,5 mm<\/li>\n<li>Blindage : Feuille d'aluminium, tresse<\/li>\n<li>Bo\u00eetier : Moule \u00e0 injection<\/li>\n<li>Gaine : PVC<\/li>\n<li>USB 3.1 Type-C : taux de transfert jusqu'\u00e0 10 Gbps, r\u00e9solution vid\u00e9o jusqu'\u00e0 4K@60Hz<\/li>\n<li>Conformit\u00e9 : RoHS, REACH<\/li>\n<\/ul>","protected":false},"excerpt":{"rendered":"<p>C\u00e2ble \u00e9tanche USB-C double USB 3.1 C m\u00e2le vers femelle pour voitures, camions, motos, bateaux, yachts<\/p>","protected":false},"featured_media":24843,"template":"","meta":{"_acf_changed":false,"_seopress_robots_primary_cat":"","_seopress_titles_title":"Panel Mount USB-C Dual USB 3.1 C Male to Female Car Cable","_seopress_titles_desc":"","_seopress_robots_index":"","site-sidebar-layout":"default","site-content-layout":"default","ast-site-content-layout":"default","site-content-style":"default","site-sidebar-style":"default","ast-global-header-display":"","ast-banner-title-visibility":"","ast-main-header-display":"","ast-hfb-above-header-display":"","ast-hfb-below-header-display":"","ast-hfb-mobile-header-display":"","site-post-title":"","ast-breadcrumbs-content":"","ast-featured-img":"","footer-sml-layout":"","ast-disable-related-posts":"","theme-transparent-header-meta":"default","adv-header-id-meta":"","stick-header-meta":"","header-above-stick-meta":"","header-main-stick-meta":"","header-below-stick-meta":"","astra-migrate-meta-layouts":"set","ast-page-background-enabled":"default","ast-page-background-meta":{"desktop":{"background-color":"","background-image":"","background-repeat":"repeat","background-position":"center center","background-size":"auto","background-attachment":"scroll","background-type":"","background-media":"","overlay-type":"","overlay-color":"","overlay-opacity":"","overlay-gradient":""},"tablet":{"background-color":"","background-image":"","background-repeat":"repeat","background-position":"center center","background-size":"auto","background-attachment":"scroll","background-type":"","background-media":"","overlay-type":"","overlay-color":"","overlay-opacity":"","overlay-gradient":""},"mobile":{"background-color":"","background-image":"","background-repeat":"repeat","background-position":"center center","background-size":"auto","background-attachment":"scroll","background-type":"","background-media":"","overlay-type":"","overlay-color":"","overlay-opacity":"","overlay-gradient":""}},"ast-content-background-meta":{"desktop":{"background-color":"var(--ast-global-color-5)","background-image":"","background-repeat":"repeat","background-position":"center center","background-size":"auto","background-attachment":"scroll","background-type":"","background-media":"","overlay-type":"","overlay-color":"","overlay-opacity":"","overlay-gradient":""},"tablet":{"background-color":"var(--ast-global-color-5)","background-image":"","background-repeat":"repeat","background-position":"center center","background-size":"auto","background-attachment":"scroll","background-type":"","background-media":"","overlay-type":"","overlay-color":"","overlay-opacity":"","overlay-gradient":""},"mobile":{"background-color":"var(--ast-global-color-5)","background-image":"","background-repeat":"repeat","background-position":"center center","background-size":"auto","background-attachment":"scroll","background-type":"","background-media":"","overlay-type":"","overlay-color":"","overlay-opacity":"","overlay-gradient":""}},"iawp_total_views":67},"product_brand":[],"product_cat":[238,681],"product_tag":[],"class_list":{"0":"post-24842","1":"product","2":"type-product","3":"status-publish","4":"has-post-thumbnail","6":"product_cat-panel-mount","7":"product_cat-waterproof-rugged-cables","8":"desktop-align-left","9":"tablet-align-left","10":"mobile-align-left","12":"first","13":"instock","14":"shipping-taxable","15":"purchasable","16":"product-type-simple"},"acf":[],"_links":{"self":[{"href":"https:\/\/www.fjpremium.com\/fr\/wp-json\/wp\/v2\/product\/24842","targetHints":{"allow":["GET"]}}],"collection":[{"href":"https:\/\/www.fjpremium.com\/fr\/wp-json\/wp\/v2\/product"}],"about":[{"href":"https:\/\/www.fjpremium.com\/fr\/wp-json\/wp\/v2\/types\/product"}],"wp:featuredmedia":[{"embeddable":true,"href":"https:\/\/www.fjpremium.com\/fr\/wp-json\/wp\/v2\/media\/24843"}],"wp:attachment":[{"href":"https:\/\/www.fjpremium.com\/fr\/wp-json\/wp\/v2\/media?parent=24842"}],"wp:term":[{"taxonomy":"product_brand","embeddable":true,"href":"https:\/\/www.fjpremium.com\/fr\/wp-json\/wp\/v2\/product_brand?post=24842"},{"taxonomy":"product_cat","embeddable":true,"href":"https:\/\/www.fjpremium.com\/fr\/wp-json\/wp\/v2\/product_cat?post=24842"},{"taxonomy":"product_tag","embeddable":true,"href":"https:\/\/www.fjpremium.com\/fr\/wp-json\/wp\/v2\/product_tag?post=24842"}],"curies":[{"name":"wp","href":"https:\/\/api.w.org\/{rel}","templated":true}]}}