{"id":24838,"date":"2024-01-23T13:06:34","date_gmt":"2024-01-23T05:06:34","guid":{"rendered":"https:\/\/www.fjpremium.com\/?post_type=product&#038;p=24838"},"modified":"2024-04-02T13:57:16","modified_gmt":"2024-04-02T05:57:16","slug":"panel-mount-usb-c-male-female-car-cable","status":"publish","type":"product","link":"https:\/\/www.fjpremium.com\/fr\/product\/panel-mount-usb-c-male-female-car-cable\/","title":{"rendered":"C\u00e2ble \u00e9tanche pour voiture USB C m\u00e2le vers femelle \u00e0 montage encastr\u00e9 \u00e0 port unique"},"content":{"rendered":"<p>Voyons pourquoi le c\u00e2ble \u00e9tanche USB C m\u00e2le \u00e0 femelle pour montage sur panneau encastr\u00e9 est un incontournable pour votre voiture.<\/p>\n<p>Avec les connecteurs USB 3.0\/3.1 Type-C m\u00e2le et femelle, vous \u00eates pr\u00eat \u00e0 b\u00e9n\u00e9ficier de la derni\u00e8re technologie USB.<\/p>\n<p>Construit solidement avec des conducteurs en cuivre nu, une feuille d&#039;aluminium et un blindage tress\u00e9. De plus, il est robuste avec un bo\u00eetier moul\u00e9 par injection et une gaine en PVC.<\/p>\n<p>Transf\u00e9rez des donn\u00e9es jusqu&#039;\u00e0 5 Gbit\/s pour les appareils USB 3.0 et jusqu&#039;\u00e0 10 Gbit\/s pour les appareils USB 3.1 Type-C. De plus, profitez d&#039;une vid\u00e9o nette 4K \u00e0 60 Hz directement depuis votre voiture.<\/p>\n<p>Imperm\u00e9able et pr\u00eat \u00e0 affronter tout ce que la route lui r\u00e9serve.<\/p>\n<p><!-- notionvc: e16f256b-1002-40c7-afcf-7c7c760a7e79 --><\/p>\n<p><span style=\"font-size: 16px;\">Ses caract\u00e9ristiques :<\/span><\/p>\n<ul>\n<li>Connecteur 1 : USB 3.0\/3.1 Type-C m\u00e2le<\/li>\n<li>Connecteur 2 : USB 3.0\/3.1 Type-C femelle<\/li>\n<li>Contact plaqu\u00e9 or, coque plaqu\u00e9e nickel<\/li>\n<li>Conducteur du c\u00e2ble : Cuivre nu<\/li>\n<li>Calibre des fils : 30\/30\/24AWG pour USB 3.0 Type-C OD5.5mm ; 32\/32\/24AWG pour USB 3.1 Type-C OD4.5mm<\/li>\n<li>Blindage : Feuille d'aluminium, tresse<\/li>\n<li>Bo\u00eetier : Moule \u00e0 injection<\/li>\n<li>Gaine : PVC<\/li>\n<li>USB 3.1 Type-C : taux de transfert jusqu'\u00e0 10 Gbps, r\u00e9solution vid\u00e9o jusqu'\u00e0 4K@60Hz<\/li>\n<li>Prend en charge les p\u00e9riph\u00e9riques USB 3.0 \u00e0 grande vitesse et le taux de transfert atteint 5 Gbps.<\/li>\n<li>Conformit\u00e9 : RoHS, REACH<\/li>\n<\/ul>","protected":false},"excerpt":{"rendered":"<p>C\u00e2ble \u00e9tanche USB C m\u00e2le vers femelle pour voiture \u00e0 port unique encastr\u00e9 pour voitures, camions, motos, bateaux, yachts<\/p>","protected":false},"featured_media":24839,"template":"","meta":{"_acf_changed":false,"_seopress_robots_primary_cat":"","_seopress_titles_title":"Flush Panel Mount USB C Male to Female Car Waterproof Cable","_seopress_titles_desc":"","_seopress_robots_index":"","site-sidebar-layout":"default","site-content-layout":"default","ast-site-content-layout":"default","site-content-style":"default","site-sidebar-style":"default","ast-global-header-display":"","ast-banner-title-visibility":"","ast-main-header-display":"","ast-hfb-above-header-display":"","ast-hfb-below-header-display":"","ast-hfb-mobile-header-display":"","site-post-title":"","ast-breadcrumbs-content":"","ast-featured-img":"","footer-sml-layout":"","ast-disable-related-posts":"","theme-transparent-header-meta":"default","adv-header-id-meta":"","stick-header-meta":"","header-above-stick-meta":"","header-main-stick-meta":"","header-below-stick-meta":"","astra-migrate-meta-layouts":"set","ast-page-background-enabled":"default","ast-page-background-meta":{"desktop":{"background-color":"","background-image":"","background-repeat":"repeat","background-position":"center center","background-size":"auto","background-attachment":"scroll","background-type":"","background-media":"","overlay-type":"","overlay-color":"","overlay-opacity":"","overlay-gradient":""},"tablet":{"background-color":"","background-image":"","background-repeat":"repeat","background-position":"center center","background-size":"auto","background-attachment":"scroll","background-type":"","background-media":"","overlay-type":"","overlay-color":"","overlay-opacity":"","overlay-gradient":""},"mobile":{"background-color":"","background-image":"","background-repeat":"repeat","background-position":"center center","background-size":"auto","background-attachment":"scroll","background-type":"","background-media":"","overlay-type":"","overlay-color":"","overlay-opacity":"","overlay-gradient":""}},"ast-content-background-meta":{"desktop":{"background-color":"var(--ast-global-color-5)","background-image":"","background-repeat":"repeat","background-position":"center center","background-size":"auto","background-attachment":"scroll","background-type":"","background-media":"","overlay-type":"","overlay-color":"","overlay-opacity":"","overlay-gradient":""},"tablet":{"background-color":"var(--ast-global-color-5)","background-image":"","background-repeat":"repeat","background-position":"center center","background-size":"auto","background-attachment":"scroll","background-type":"","background-media":"","overlay-type":"","overlay-color":"","overlay-opacity":"","overlay-gradient":""},"mobile":{"background-color":"var(--ast-global-color-5)","background-image":"","background-repeat":"repeat","background-position":"center center","background-size":"auto","background-attachment":"scroll","background-type":"","background-media":"","overlay-type":"","overlay-color":"","overlay-opacity":"","overlay-gradient":""}},"iawp_total_views":23},"product_brand":[],"product_cat":[238,681],"product_tag":[],"class_list":{"0":"post-24838","1":"product","2":"type-product","3":"status-publish","4":"has-post-thumbnail","6":"product_cat-panel-mount","7":"product_cat-waterproof-rugged-cables","8":"desktop-align-left","9":"tablet-align-left","10":"mobile-align-left","12":"first","13":"instock","14":"shipping-taxable","15":"purchasable","16":"product-type-simple"},"acf":[],"_links":{"self":[{"href":"https:\/\/www.fjpremium.com\/fr\/wp-json\/wp\/v2\/product\/24838","targetHints":{"allow":["GET"]}}],"collection":[{"href":"https:\/\/www.fjpremium.com\/fr\/wp-json\/wp\/v2\/product"}],"about":[{"href":"https:\/\/www.fjpremium.com\/fr\/wp-json\/wp\/v2\/types\/product"}],"wp:featuredmedia":[{"embeddable":true,"href":"https:\/\/www.fjpremium.com\/fr\/wp-json\/wp\/v2\/media\/24839"}],"wp:attachment":[{"href":"https:\/\/www.fjpremium.com\/fr\/wp-json\/wp\/v2\/media?parent=24838"}],"wp:term":[{"taxonomy":"product_brand","embeddable":true,"href":"https:\/\/www.fjpremium.com\/fr\/wp-json\/wp\/v2\/product_brand?post=24838"},{"taxonomy":"product_cat","embeddable":true,"href":"https:\/\/www.fjpremium.com\/fr\/wp-json\/wp\/v2\/product_cat?post=24838"},{"taxonomy":"product_tag","embeddable":true,"href":"https:\/\/www.fjpremium.com\/fr\/wp-json\/wp\/v2\/product_tag?post=24838"}],"curies":[{"name":"wp","href":"https:\/\/api.w.org\/{rel}","templated":true}]}}