{"id":24827,"date":"2024-01-23T11:17:26","date_gmt":"2024-01-23T03:17:26","guid":{"rendered":"https:\/\/www.fjpremium.com\/?post_type=product&#038;p=24827"},"modified":"2024-04-02T10:53:09","modified_gmt":"2024-04-02T02:53:09","slug":"waterproof-usb-panel-mount-usb-a-c-cable","status":"publish","type":"product","link":"https:\/\/www.fjpremium.com\/fr\/product\/waterproof-usb-panel-mount-usb-a-c-cable\/","title":{"rendered":"Panneau de montage USB \u00e9tanche C\u00e2ble de voiture USB A et USB C m\u00e2le-femelle"},"content":{"rendered":"<p>Voyons directement pourquoi le c\u00e2ble de voiture USB A et USB C m\u00e2le \u00e0 femelle \u00e9tanche \u00e0 montage sur panneau est un incontournable pour votre trajet.<\/p>\n<p>Avec des connecteurs USB 3.0 Type-A et USB 3.0\/3.1 Type-C aux deux extr\u00e9mit\u00e9s, ce c\u00e2ble est votre acc\u00e8s illimit\u00e9 pour connecter vos gadgets.<\/p>\n<p>\u00c9tanche et robuste, vous pouvez \u00e9clabousser, renverser et r\u00e9sister \u00e0 n&#039;importe quelle temp\u00eate sans vous soucier des appareils \u00e9lectroniques frits.<\/p>\n<p>Transf\u00e9rez des donn\u00e9es \u00e0 des vitesses fulgurantes allant jusqu&#039;\u00e0 5 Gbit\/s avec la prise en charge USB 3.0, et jusqu&#039;\u00e0 10 Gbit\/s avec les appareils USB 3.1 Type-C. De plus, profitez d&#039;une r\u00e9solution vid\u00e9o 4K @ 60 Hz d&#039;une clart\u00e9 cristalline directement depuis votre voiture.<\/p>\n<p><!-- notionvc: e16f256b-1002-40c7-afcf-7c7c760a7e79 --><\/p>\n<p><span style=\"font-size: 16px;\">Ses caract\u00e9ristiques :<\/span><\/p>\n<ul>\n<li>Connecteur 1 : USB 3.0 Type-A m\u00e2le, USB 3.0\/3.1 Type-C m\u00e2le<\/li>\n<li>Connecteur 2 : USB 3.0 Type-A femelle, USB 3.0\/3.1 Type-C femelle<\/li>\n<li>Contact plaqu\u00e9 or, coque plaqu\u00e9e nickel<\/li>\n<li>Conducteur du c\u00e2ble : Cuivre nu<\/li>\n<li>Jauge des fils : 28\/28\/24AWG pour USB 3.0 Type-A OD5.5mm ; 30\/30\/24AWG pour USB 3.0 Type-C OD4.5mm ; 32\/32\/24AWG pour USB 3.1 Type-C OD4.5mm<\/li>\n<li>Blindage : Feuille d'aluminium, tresse<\/li>\n<li>Bo\u00eetier : Moule \u00e0 injection<\/li>\n<li>Gaine : PVC<\/li>\n<li>USB 3.1 Type-C : taux de transfert jusqu'\u00e0 10 Gbps, r\u00e9solution vid\u00e9o jusqu'\u00e0 4K@60Hz<\/li>\n<li>Prend en charge les p\u00e9riph\u00e9riques USB 3.0 \u00e0 grande vitesse et le taux de transfert atteint 5 Gbps.<\/li>\n<li>Conformit\u00e9 : RoHS, REACH<\/li>\n<\/ul>","protected":false},"excerpt":{"rendered":"<p>C\u00e2ble de voiture USB A et USB C m\u00e2le-femelle pour voitures, camions, motos, bateaux, yachts<\/p>","protected":false},"featured_media":24834,"template":"","meta":{"_acf_changed":false,"_seopress_robots_primary_cat":"","_seopress_titles_title":"Waterproof USB Panel Mount USB A and USB C M-F Car Cable","_seopress_titles_desc":"","_seopress_robots_index":"","site-sidebar-layout":"default","site-content-layout":"default","ast-site-content-layout":"default","site-content-style":"default","site-sidebar-style":"default","ast-global-header-display":"","ast-banner-title-visibility":"","ast-main-header-display":"","ast-hfb-above-header-display":"","ast-hfb-below-header-display":"","ast-hfb-mobile-header-display":"","site-post-title":"","ast-breadcrumbs-content":"","ast-featured-img":"","footer-sml-layout":"","ast-disable-related-posts":"","theme-transparent-header-meta":"default","adv-header-id-meta":"","stick-header-meta":"","header-above-stick-meta":"","header-main-stick-meta":"","header-below-stick-meta":"","astra-migrate-meta-layouts":"set","ast-page-background-enabled":"default","ast-page-background-meta":{"desktop":{"background-color":"","background-image":"","background-repeat":"repeat","background-position":"center center","background-size":"auto","background-attachment":"scroll","background-type":"","background-media":"","overlay-type":"","overlay-color":"","overlay-opacity":"","overlay-gradient":""},"tablet":{"background-color":"","background-image":"","background-repeat":"repeat","background-position":"center center","background-size":"auto","background-attachment":"scroll","background-type":"","background-media":"","overlay-type":"","overlay-color":"","overlay-opacity":"","overlay-gradient":""},"mobile":{"background-color":"","background-image":"","background-repeat":"repeat","background-position":"center center","background-size":"auto","background-attachment":"scroll","background-type":"","background-media":"","overlay-type":"","overlay-color":"","overlay-opacity":"","overlay-gradient":""}},"ast-content-background-meta":{"desktop":{"background-color":"var(--ast-global-color-5)","background-image":"","background-repeat":"repeat","background-position":"center center","background-size":"auto","background-attachment":"scroll","background-type":"","background-media":"","overlay-type":"","overlay-color":"","overlay-opacity":"","overlay-gradient":""},"tablet":{"background-color":"var(--ast-global-color-5)","background-image":"","background-repeat":"repeat","background-position":"center center","background-size":"auto","background-attachment":"scroll","background-type":"","background-media":"","overlay-type":"","overlay-color":"","overlay-opacity":"","overlay-gradient":""},"mobile":{"background-color":"var(--ast-global-color-5)","background-image":"","background-repeat":"repeat","background-position":"center center","background-size":"auto","background-attachment":"scroll","background-type":"","background-media":"","overlay-type":"","overlay-color":"","overlay-opacity":"","overlay-gradient":""}},"iawp_total_views":3},"product_brand":[],"product_cat":[238,681],"product_tag":[],"class_list":{"0":"post-24827","1":"product","2":"type-product","3":"status-publish","4":"has-post-thumbnail","6":"product_cat-panel-mount","7":"product_cat-waterproof-rugged-cables","8":"desktop-align-left","9":"tablet-align-left","10":"mobile-align-left","12":"first","13":"instock","14":"shipping-taxable","15":"purchasable","16":"product-type-simple"},"acf":[],"_links":{"self":[{"href":"https:\/\/www.fjpremium.com\/fr\/wp-json\/wp\/v2\/product\/24827","targetHints":{"allow":["GET"]}}],"collection":[{"href":"https:\/\/www.fjpremium.com\/fr\/wp-json\/wp\/v2\/product"}],"about":[{"href":"https:\/\/www.fjpremium.com\/fr\/wp-json\/wp\/v2\/types\/product"}],"wp:featuredmedia":[{"embeddable":true,"href":"https:\/\/www.fjpremium.com\/fr\/wp-json\/wp\/v2\/media\/24834"}],"wp:attachment":[{"href":"https:\/\/www.fjpremium.com\/fr\/wp-json\/wp\/v2\/media?parent=24827"}],"wp:term":[{"taxonomy":"product_brand","embeddable":true,"href":"https:\/\/www.fjpremium.com\/fr\/wp-json\/wp\/v2\/product_brand?post=24827"},{"taxonomy":"product_cat","embeddable":true,"href":"https:\/\/www.fjpremium.com\/fr\/wp-json\/wp\/v2\/product_cat?post=24827"},{"taxonomy":"product_tag","embeddable":true,"href":"https:\/\/www.fjpremium.com\/fr\/wp-json\/wp\/v2\/product_tag?post=24827"}],"curies":[{"name":"wp","href":"https:\/\/api.w.org\/{rel}","templated":true}]}}