{"id":24821,"date":"2024-01-23T11:09:42","date_gmt":"2024-01-23T03:09:42","guid":{"rendered":"https:\/\/www.fjpremium.com\/?post_type=product&#038;p=24821"},"modified":"2024-04-02T10:21:17","modified_gmt":"2024-04-02T02:21:17","slug":"usb-a-panel-mount-usb-3-0-a-3rca-3-5mm","status":"publish","type":"product","link":"https:\/\/www.fjpremium.com\/fr\/product\/usb-a-panel-mount-usb-3-0-a-3rca-3-5mm\/","title":{"rendered":"C\u00e2ble de voiture \u00e9tanche USB 3.0 A et 3RCA vers 3,5 mm m\u00e2le vers femelle, encastr\u00e9 dans le panneau USB A"},"content":{"rendered":"<p>C\u00e2ble USB 3.0 A et 3RCA \u00e0 montage sur panneau USB A encastr\u00e9 Avec des connecteurs USB 3.0 A, 3RCA et st\u00e9r\u00e9o 3,5 mm, c&#039;est comme avoir un hub de divertissement dans votre tableau de bord.<\/p>\n<p>Qualit\u00e9 de fabrication? Solide. Des connecteurs plaqu\u00e9s or, des conducteurs en cuivre nu et une feuille d&#039;aluminium et un blindage tress\u00e9 signifient que ce c\u00e2ble peut g\u00e9rer tout ce que vous lui lancez.<\/p>\n<p>Durabilit\u00e9? Pas de soucis. La conception \u00e9tanche \u00e0 l&#039;eau et \u00e0 la poussi\u00e8re maintient vos connexions s\u00fbres et s\u00e9curis\u00e9es, qu&#039;il pleuve ou qu&#039;il vente.<\/p>\n<p>Vitesse? Rapide comme l&#039;\u00e9clair. Avec la prise en charge des appareils USB 3.0 ultra-rapides et un taux de transfert allant jusqu&#039;\u00e0 5 Gbit\/s, vous n&#039;attendrez pas le transfert de fichiers.<\/p>\n<p><!-- notionvc: e16f256b-1002-40c7-afcf-7c7c760a7e79 --><\/p>\n<p><span style=\"font-size: 16px;\">Ses caract\u00e9ristiques :<\/span><\/p>\n<ul>\n<li>Connecteur 1 : USB 3.0 A m\u00e2le, contact plaqu\u00e9 or, coque plaqu\u00e9e nickel<\/li>\n<li>Connecteur 2 : USB 3.0 A femelle, contact plaqu\u00e9 or, coque plaqu\u00e9e nickel<\/li>\n<li>Connecteur 3 : 3RCA m\u00e2le, plaqu\u00e9 or<\/li>\n<li>Connecteur 4 : 3,5 mm st\u00e9r\u00e9o femelle, plaqu\u00e9 or<\/li>\n<li>Conducteur du c\u00e2ble : Cuivre nu<\/li>\n<li>Jauge des fils : 28\/28\/24AWG pour USB 3.0 Type-A OD5.5mm ; 28AWG pour RCA OD2.8mm<\/li>\n<li>Blindage : Feuille d'aluminium, tresse<\/li>\n<li>Bo\u00eetier : Moule \u00e0 injection<\/li>\n<li>Gaine : PVC<\/li>\n<li>Le connecteur USB de type A prend en charge les p\u00e9riph\u00e9riques USB 3.0 \u00e0 grande vitesse et le taux de transfert peut atteindre 5 Gbps.<\/li>\n<li>La prise audio de 3,5 mm permet l'entr\u00e9e d'un appareil audio externe.<\/li>\n<li>Conformit\u00e9 : RoHS, REACH<\/li>\n<\/ul>","protected":false},"excerpt":{"rendered":"<p>C\u00e2ble USB A encastr\u00e9 dans le panneau USB 3.0 A et 3RCA vers 3,5 mm m\u00e2le vers femelle pour voiture C\u00e2ble \u00e9tanche pour voitures, camions, motos, bateaux, yachts<\/p>","protected":false},"featured_media":24822,"template":"","meta":{"_acf_changed":false,"_seopress_robots_primary_cat":"","_seopress_titles_title":"USB A Panel Mount USB 3.0 A and 3RCA to 3.5mm Car Cable","_seopress_titles_desc":"","_seopress_robots_index":"","site-sidebar-layout":"default","site-content-layout":"default","ast-site-content-layout":"default","site-content-style":"default","site-sidebar-style":"default","ast-global-header-display":"","ast-banner-title-visibility":"","ast-main-header-display":"","ast-hfb-above-header-display":"","ast-hfb-below-header-display":"","ast-hfb-mobile-header-display":"","site-post-title":"","ast-breadcrumbs-content":"","ast-featured-img":"","footer-sml-layout":"","ast-disable-related-posts":"","theme-transparent-header-meta":"default","adv-header-id-meta":"","stick-header-meta":"","header-above-stick-meta":"","header-main-stick-meta":"","header-below-stick-meta":"","astra-migrate-meta-layouts":"set","ast-page-background-enabled":"default","ast-page-background-meta":{"desktop":{"background-color":"","background-image":"","background-repeat":"repeat","background-position":"center center","background-size":"auto","background-attachment":"scroll","background-type":"","background-media":"","overlay-type":"","overlay-color":"","overlay-opacity":"","overlay-gradient":""},"tablet":{"background-color":"","background-image":"","background-repeat":"repeat","background-position":"center center","background-size":"auto","background-attachment":"scroll","background-type":"","background-media":"","overlay-type":"","overlay-color":"","overlay-opacity":"","overlay-gradient":""},"mobile":{"background-color":"","background-image":"","background-repeat":"repeat","background-position":"center center","background-size":"auto","background-attachment":"scroll","background-type":"","background-media":"","overlay-type":"","overlay-color":"","overlay-opacity":"","overlay-gradient":""}},"ast-content-background-meta":{"desktop":{"background-color":"var(--ast-global-color-5)","background-image":"","background-repeat":"repeat","background-position":"center center","background-size":"auto","background-attachment":"scroll","background-type":"","background-media":"","overlay-type":"","overlay-color":"","overlay-opacity":"","overlay-gradient":""},"tablet":{"background-color":"var(--ast-global-color-5)","background-image":"","background-repeat":"repeat","background-position":"center center","background-size":"auto","background-attachment":"scroll","background-type":"","background-media":"","overlay-type":"","overlay-color":"","overlay-opacity":"","overlay-gradient":""},"mobile":{"background-color":"var(--ast-global-color-5)","background-image":"","background-repeat":"repeat","background-position":"center center","background-size":"auto","background-attachment":"scroll","background-type":"","background-media":"","overlay-type":"","overlay-color":"","overlay-opacity":"","overlay-gradient":""}},"iawp_total_views":2},"product_brand":[],"product_cat":[238,681],"product_tag":[],"class_list":{"0":"post-24821","1":"product","2":"type-product","3":"status-publish","4":"has-post-thumbnail","6":"product_cat-panel-mount","7":"product_cat-waterproof-rugged-cables","8":"desktop-align-left","9":"tablet-align-left","10":"mobile-align-left","12":"first","13":"instock","14":"shipping-taxable","15":"purchasable","16":"product-type-simple"},"acf":[],"_links":{"self":[{"href":"https:\/\/www.fjpremium.com\/fr\/wp-json\/wp\/v2\/product\/24821","targetHints":{"allow":["GET"]}}],"collection":[{"href":"https:\/\/www.fjpremium.com\/fr\/wp-json\/wp\/v2\/product"}],"about":[{"href":"https:\/\/www.fjpremium.com\/fr\/wp-json\/wp\/v2\/types\/product"}],"wp:featuredmedia":[{"embeddable":true,"href":"https:\/\/www.fjpremium.com\/fr\/wp-json\/wp\/v2\/media\/24822"}],"wp:attachment":[{"href":"https:\/\/www.fjpremium.com\/fr\/wp-json\/wp\/v2\/media?parent=24821"}],"wp:term":[{"taxonomy":"product_brand","embeddable":true,"href":"https:\/\/www.fjpremium.com\/fr\/wp-json\/wp\/v2\/product_brand?post=24821"},{"taxonomy":"product_cat","embeddable":true,"href":"https:\/\/www.fjpremium.com\/fr\/wp-json\/wp\/v2\/product_cat?post=24821"},{"taxonomy":"product_tag","embeddable":true,"href":"https:\/\/www.fjpremium.com\/fr\/wp-json\/wp\/v2\/product_tag?post=24821"}],"curies":[{"name":"wp","href":"https:\/\/api.w.org\/{rel}","templated":true}]}}