{"id":24791,"date":"2024-01-22T17:08:45","date_gmt":"2024-01-22T09:08:45","guid":{"rendered":"https:\/\/www.fjpremium.com\/?post_type=product&#038;p=24791"},"modified":"2024-04-01T17:54:15","modified_gmt":"2024-04-01T09:54:15","slug":"usb-3-0-a-3-5mm-stereo-car-waterproof-cable","status":"publish","type":"product","link":"https:\/\/www.fjpremium.com\/fr\/product\/usb-3-0-a-3-5mm-stereo-car-waterproof-cable\/","title":{"rendered":"C\u00e2ble \u00e9tanche en alliage d'aluminium USB 3.0 A, st\u00e9r\u00e9o 3.5mm m\u00e2le vers femelle pour montage sur panneau encastr\u00e9 de voiture avec indicateur LED"},"content":{"rendered":"<p>D\u00e9couvrez ce solide c\u00e2ble \u00e9tanche USB 3.0 A, st\u00e9r\u00e9o 3,5 mm pour voiture.<\/p>\n<p>Fabriqu\u00e9 avec des conducteurs en cuivre nu et un blindage avec une feuille d&#039;aluminium et un tressage, il est con\u00e7u pour r\u00e9sister \u00e0 toute interf\u00e9rence.<\/p>\n<p>Le bo\u00eetier en alliage d&#039;aluminium et la gaine en PVC ajoutent une durabilit\u00e9 suppl\u00e9mentaire, tandis que le connecteur USB Type-A prend en charge les p\u00e9riph\u00e9riques USB 3.0 ultra-rapides pour un transfert de donn\u00e9es ultra-rapide.<\/p>\n<p>De plus, la prise audio 3,5 mm vous permet de brancher vos \u00e9couteurs ou d&#039;autres appareils externes.<\/p>\n<p>Il est \u00e9galement conforme aux r\u00e9glementations RoHS et REACH, ce qui le rend respectueux de l&#039;environnement.<\/p>\n<p><!-- notionvc: e16f256b-1002-40c7-afcf-7c7c760a7e79 --><\/p>\n<p><span style=\"font-size: 16px;\">Ses caract\u00e9ristiques :<\/span><\/p>\n<ul>\n<li>Connecteur 1 : USB 3.0 A m\u00e2le, contact plaqu\u00e9 or, coque plaqu\u00e9e nickel<\/li>\n<li>Connecteur 2 : USB 3.0 A femelle, contact plaqu\u00e9 or, coque plaqu\u00e9e nickel<\/li>\n<li>Connecteur 3 : 3,5 mm st\u00e9r\u00e9o m\u00e2le, plaqu\u00e9 or<\/li>\n<li>Connecteur 4 : 3,5 mm st\u00e9r\u00e9o femelle, plaqu\u00e9 or<\/li>\n<li>Conducteur du c\u00e2ble : Cuivre nu<\/li>\n<li>Jauge des fils : 28\/28\/24AWG pour USB 3.0 Type-A OD5.5mm ; 28AWG pour 3.5mm st\u00e9r\u00e9o OD3.5mm<\/li>\n<li>Blindage : Feuille d'aluminium, tresse<\/li>\n<li>Bo\u00eetier : Alliage d'aluminium<\/li>\n<li>Gaine : PVC<\/li>\n<li>Le connecteur USB de type A prend en charge les p\u00e9riph\u00e9riques USB 3.0 \u00e0 grande vitesse et le taux de transfert peut atteindre 5 Gbps.<\/li>\n<li>La prise audio de 3,5 mm permet l'entr\u00e9e d'un appareil audio externe.<\/li>\n<li>Conformit\u00e9 : RoHS, REACH<\/li>\n<\/ul>","protected":false},"excerpt":{"rendered":"<p>Alliage d'aluminium USB 3.0 A, 3,5 mm st\u00e9r\u00e9o <span class=\"notion-enable-hover\" data-token-index=\"0\">Voiture <\/span><!-- notionvc: 92c021a7-6a07-47fb-af82-4a1c8e398760 -->C\u00e2ble \u00e9tanche m\u00e2le\/femelle pour montage sur panneau encastr\u00e9 de voiture avec indicateur LED pour voitures, camions, motos, bateaux, yachts<\/p>","protected":false},"featured_media":24792,"template":"","meta":{"_acf_changed":false,"_seopress_robots_primary_cat":"","_seopress_titles_title":"Aluminium Alloy USB 3.0 A, 3.5mm stereo Car Waterproof Cable","_seopress_titles_desc":"","_seopress_robots_index":"","site-sidebar-layout":"default","site-content-layout":"default","ast-site-content-layout":"default","site-content-style":"default","site-sidebar-style":"default","ast-global-header-display":"","ast-banner-title-visibility":"","ast-main-header-display":"","ast-hfb-above-header-display":"","ast-hfb-below-header-display":"","ast-hfb-mobile-header-display":"","site-post-title":"","ast-breadcrumbs-content":"","ast-featured-img":"","footer-sml-layout":"","ast-disable-related-posts":"","theme-transparent-header-meta":"default","adv-header-id-meta":"","stick-header-meta":"","header-above-stick-meta":"","header-main-stick-meta":"","header-below-stick-meta":"","astra-migrate-meta-layouts":"set","ast-page-background-enabled":"default","ast-page-background-meta":{"desktop":{"background-color":"","background-image":"","background-repeat":"repeat","background-position":"center center","background-size":"auto","background-attachment":"scroll","background-type":"","background-media":"","overlay-type":"","overlay-color":"","overlay-opacity":"","overlay-gradient":""},"tablet":{"background-color":"","background-image":"","background-repeat":"repeat","background-position":"center center","background-size":"auto","background-attachment":"scroll","background-type":"","background-media":"","overlay-type":"","overlay-color":"","overlay-opacity":"","overlay-gradient":""},"mobile":{"background-color":"","background-image":"","background-repeat":"repeat","background-position":"center center","background-size":"auto","background-attachment":"scroll","background-type":"","background-media":"","overlay-type":"","overlay-color":"","overlay-opacity":"","overlay-gradient":""}},"ast-content-background-meta":{"desktop":{"background-color":"var(--ast-global-color-5)","background-image":"","background-repeat":"repeat","background-position":"center center","background-size":"auto","background-attachment":"scroll","background-type":"","background-media":"","overlay-type":"","overlay-color":"","overlay-opacity":"","overlay-gradient":""},"tablet":{"background-color":"var(--ast-global-color-5)","background-image":"","background-repeat":"repeat","background-position":"center center","background-size":"auto","background-attachment":"scroll","background-type":"","background-media":"","overlay-type":"","overlay-color":"","overlay-opacity":"","overlay-gradient":""},"mobile":{"background-color":"var(--ast-global-color-5)","background-image":"","background-repeat":"repeat","background-position":"center center","background-size":"auto","background-attachment":"scroll","background-type":"","background-media":"","overlay-type":"","overlay-color":"","overlay-opacity":"","overlay-gradient":""}},"iawp_total_views":28},"product_brand":[],"product_cat":[238,681],"product_tag":[],"class_list":{"0":"post-24791","1":"product","2":"type-product","3":"status-publish","4":"has-post-thumbnail","6":"product_cat-panel-mount","7":"product_cat-waterproof-rugged-cables","8":"desktop-align-left","9":"tablet-align-left","10":"mobile-align-left","12":"first","13":"instock","14":"shipping-taxable","15":"purchasable","16":"product-type-simple"},"acf":[],"_links":{"self":[{"href":"https:\/\/www.fjpremium.com\/fr\/wp-json\/wp\/v2\/product\/24791","targetHints":{"allow":["GET"]}}],"collection":[{"href":"https:\/\/www.fjpremium.com\/fr\/wp-json\/wp\/v2\/product"}],"about":[{"href":"https:\/\/www.fjpremium.com\/fr\/wp-json\/wp\/v2\/types\/product"}],"wp:featuredmedia":[{"embeddable":true,"href":"https:\/\/www.fjpremium.com\/fr\/wp-json\/wp\/v2\/media\/24792"}],"wp:attachment":[{"href":"https:\/\/www.fjpremium.com\/fr\/wp-json\/wp\/v2\/media?parent=24791"}],"wp:term":[{"taxonomy":"product_brand","embeddable":true,"href":"https:\/\/www.fjpremium.com\/fr\/wp-json\/wp\/v2\/product_brand?post=24791"},{"taxonomy":"product_cat","embeddable":true,"href":"https:\/\/www.fjpremium.com\/fr\/wp-json\/wp\/v2\/product_cat?post=24791"},{"taxonomy":"product_tag","embeddable":true,"href":"https:\/\/www.fjpremium.com\/fr\/wp-json\/wp\/v2\/product_tag?post=24791"}],"curies":[{"name":"wp","href":"https:\/\/api.w.org\/{rel}","templated":true}]}}