{"id":24781,"date":"2024-01-22T16:35:47","date_gmt":"2024-01-22T08:35:47","guid":{"rendered":"https:\/\/www.fjpremium.com\/?post_type=product&#038;p=24781"},"modified":"2024-04-01T17:37:19","modified_gmt":"2024-04-01T09:37:19","slug":"usb-3-0-a-usb-c-car-waterproof-cable","status":"publish","type":"product","link":"https:\/\/www.fjpremium.com\/fr\/product\/usb-3-0-a-usb-c-car-waterproof-cable\/","title":{"rendered":"Alliage d'aluminium USB 3.0 A, USB C Car Waterproof Cable male to female flush Panel Mount Cable with LED Indicator"},"content":{"rendered":"<p><span style=\"font-size: 16px;\">Le c\u00e2ble \u00e9tanche USB 3.0 A, USB C pour voiture en alliage d&#039;aluminium impressionne par sa polyvalence, pouvant accueillir \u00e0 la fois les connecteurs USB 3.0 Type-A et USB 3.0\/3.1 Type-C. <\/span><\/p>\n<p><span style=\"font-size: 16px;\">Avec des contacts plaqu\u00e9s or et une coque nickel\u00e9e assurant la durabilit\u00e9, ainsi qu&#039;une combinaison robuste de conducteurs et de blindages en cuivre nu, il garantit une transmission de donn\u00e9es stable. <\/span><\/p>\n<p><span style=\"font-size: 16px;\">Ses performances sont remarquables, prenant en charge les p\u00e9riph\u00e9riques USB 3.0 ultra-rapides avec des taux de transfert allant jusqu&#039;\u00e0 5 Gbit\/s, et l&#039;USB 3.1 Type-C avec des taux allant jusqu&#039;\u00e0 10 Gbit\/s et une r\u00e9solution vid\u00e9o 4K \u00e0 60 Hz. <\/span><\/p>\n<p><span style=\"font-size: 16px;\">Conforme aux r\u00e9glementations RoHS et REACH, il illustre la qualit\u00e9 et la responsabilit\u00e9 environnementale, ce qui en fait un accessoire essentiel pour une connectivit\u00e9 fiable dans les v\u00e9hicules et au-del\u00e0.<\/span><\/p>\n<p><span style=\"font-size: 16px;\">Ses caract\u00e9ristiques :<\/span><\/p>\n<ul>\n<li>Connecteur 1 : USB 3.0 A m\u00e2le, USB 3.0\/3.1 C m\u00e2le<\/li>\n<li>Connecteur 2 : USB 3.0 A femelle, USB 3.0\/3.1 C femelle<\/li>\n<li>Contact plaqu\u00e9 or, coque plaqu\u00e9e nickel<\/li>\n<li>Conducteur du c\u00e2ble : Cuivre nu<\/li>\n<li>Jauge des fils : 28\/28\/24AWG pour USB 3.0 Type-A OD5.5mm ; 30\/30\/24AWG pour USB 3.0 Type-C OD4.5mm ; 32\/32\/24AWG pour USB 3.1 Type-C OD4.5mm<\/li>\n<li>Blindage : Feuille d'aluminium, tresse<\/li>\n<li>Bo\u00eetier : Alliage d'aluminium<\/li>\n<li>Gaine : PVC<\/li>\n<li>USB 3.1 Type-C : taux de transfert jusqu'\u00e0 10 Gbps, r\u00e9solution vid\u00e9o jusqu'\u00e0 4K@60Hz<\/li>\n<li>Prend en charge les p\u00e9riph\u00e9riques USB 3.0 \u00e0 grande vitesse et le taux de transfert atteint 5 Gbps.<\/li>\n<li>Conformit\u00e9 : RoHS, REACH<\/li>\n<\/ul>","protected":false},"excerpt":{"rendered":"<p>Alliage d'aluminium USB 3.0 A, USB C Car Waterproof Cable male to female flush Panel Mount Cable with LED Indicator suitable for Cars, trucks, motorcycles, boats, yachts<\/p>","protected":false},"featured_media":24782,"template":"","meta":{"_acf_changed":false,"_seopress_robots_primary_cat":"","_seopress_titles_title":"Aluminium Alloy USB 3.0 A, USB C Car Waterproof Cable","_seopress_titles_desc":"","_seopress_robots_index":"","site-sidebar-layout":"default","site-content-layout":"default","ast-site-content-layout":"default","site-content-style":"default","site-sidebar-style":"default","ast-global-header-display":"","ast-banner-title-visibility":"","ast-main-header-display":"","ast-hfb-above-header-display":"","ast-hfb-below-header-display":"","ast-hfb-mobile-header-display":"","site-post-title":"","ast-breadcrumbs-content":"","ast-featured-img":"","footer-sml-layout":"","ast-disable-related-posts":"","theme-transparent-header-meta":"default","adv-header-id-meta":"","stick-header-meta":"","header-above-stick-meta":"","header-main-stick-meta":"","header-below-stick-meta":"","astra-migrate-meta-layouts":"set","ast-page-background-enabled":"default","ast-page-background-meta":{"desktop":{"background-color":"","background-image":"","background-repeat":"repeat","background-position":"center center","background-size":"auto","background-attachment":"scroll","background-type":"","background-media":"","overlay-type":"","overlay-color":"","overlay-opacity":"","overlay-gradient":""},"tablet":{"background-color":"","background-image":"","background-repeat":"repeat","background-position":"center center","background-size":"auto","background-attachment":"scroll","background-type":"","background-media":"","overlay-type":"","overlay-color":"","overlay-opacity":"","overlay-gradient":""},"mobile":{"background-color":"","background-image":"","background-repeat":"repeat","background-position":"center center","background-size":"auto","background-attachment":"scroll","background-type":"","background-media":"","overlay-type":"","overlay-color":"","overlay-opacity":"","overlay-gradient":""}},"ast-content-background-meta":{"desktop":{"background-color":"var(--ast-global-color-5)","background-image":"","background-repeat":"repeat","background-position":"center center","background-size":"auto","background-attachment":"scroll","background-type":"","background-media":"","overlay-type":"","overlay-color":"","overlay-opacity":"","overlay-gradient":""},"tablet":{"background-color":"var(--ast-global-color-5)","background-image":"","background-repeat":"repeat","background-position":"center center","background-size":"auto","background-attachment":"scroll","background-type":"","background-media":"","overlay-type":"","overlay-color":"","overlay-opacity":"","overlay-gradient":""},"mobile":{"background-color":"var(--ast-global-color-5)","background-image":"","background-repeat":"repeat","background-position":"center center","background-size":"auto","background-attachment":"scroll","background-type":"","background-media":"","overlay-type":"","overlay-color":"","overlay-opacity":"","overlay-gradient":""}},"iawp_total_views":13},"product_brand":[],"product_cat":[238,681],"product_tag":[],"class_list":{"0":"post-24781","1":"product","2":"type-product","3":"status-publish","4":"has-post-thumbnail","6":"product_cat-panel-mount","7":"product_cat-waterproof-rugged-cables","8":"desktop-align-left","9":"tablet-align-left","10":"mobile-align-left","12":"first","13":"instock","14":"shipping-taxable","15":"purchasable","16":"product-type-simple"},"acf":[],"_links":{"self":[{"href":"https:\/\/www.fjpremium.com\/fr\/wp-json\/wp\/v2\/product\/24781","targetHints":{"allow":["GET"]}}],"collection":[{"href":"https:\/\/www.fjpremium.com\/fr\/wp-json\/wp\/v2\/product"}],"about":[{"href":"https:\/\/www.fjpremium.com\/fr\/wp-json\/wp\/v2\/types\/product"}],"wp:featuredmedia":[{"embeddable":true,"href":"https:\/\/www.fjpremium.com\/fr\/wp-json\/wp\/v2\/media\/24782"}],"wp:attachment":[{"href":"https:\/\/www.fjpremium.com\/fr\/wp-json\/wp\/v2\/media?parent=24781"}],"wp:term":[{"taxonomy":"product_brand","embeddable":true,"href":"https:\/\/www.fjpremium.com\/fr\/wp-json\/wp\/v2\/product_brand?post=24781"},{"taxonomy":"product_cat","embeddable":true,"href":"https:\/\/www.fjpremium.com\/fr\/wp-json\/wp\/v2\/product_cat?post=24781"},{"taxonomy":"product_tag","embeddable":true,"href":"https:\/\/www.fjpremium.com\/fr\/wp-json\/wp\/v2\/product_tag?post=24781"}],"curies":[{"name":"wp","href":"https:\/\/api.w.org\/{rel}","templated":true}]}}