{"id":24762,"date":"2024-01-22T11:48:23","date_gmt":"2024-01-22T03:48:23","guid":{"rendered":"https:\/\/www.fjpremium.com\/?post_type=product&#038;p=24762"},"modified":"2024-04-01T15:49:18","modified_gmt":"2024-04-01T07:49:18","slug":"iec-angle-c14-male-to-female-power-socket","status":"publish","type":"product","link":"https:\/\/www.fjpremium.com\/fr\/product\/iec-angle-c14-male-to-female-power-socket\/","title":{"rendered":"Prise de courant AC Angle C14 m\u00e2le \u00e0 femelle avec quatre trous de vis"},"content":{"rendered":"<p>La prise de courant AC Angle C14 m\u00e2le \u00e0 femelle offre une installation simplifi\u00e9e et des connexions d&#039;alimentation fiables gr\u00e2ce \u00e0 sa conception coud\u00e9e et ses connecteurs \u00e0 trou de vis s\u00e9curis\u00e9s.<\/p>\n<p>Construit avec un moulage par injection de pr\u00e9cision, son bo\u00eetier durable assure la long\u00e9vit\u00e9, ce qui le rend id\u00e9al pour diverses applications industrielles et commerciales.<\/p>\n<p>Con\u00e7u pour 15 A et 250 V, il fournit une alimentation \u00e9lectrique constante, tandis que sa conformit\u00e9 aux r\u00e9glementations RoHS et REACH souligne son engagement envers les normes de qualit\u00e9 et environnementales.<\/p>\n<p>Parfaite pour les espaces restreints et les environnements exigeants, cette prise de courant est un atout pr\u00e9cieux pour tout syst\u00e8me \u00e9lectrique recherchant efficacit\u00e9 et fiabilit\u00e9.<\/p>\n<p><!-- notionvc: e16f256b-1002-40c7-afcf-7c7c760a7e79 --><\/p>\n<p><span style=\"font-size: 16px;\">Ses caract\u00e9ristiques :<\/span><\/p>\n<ul>\n<li>Connecteur 1\u00a0: Angle AC C14 m\u00e2le avec deux trous de vis<\/li>\n<li>Connecteur 2\u00a0: AC C14 femelle avec deux trous de vis<\/li>\n<li>Pas des trous : 40\u00b10,3mm<\/li>\n<li>Bo\u00eetier : Moule \u00e0 injection<\/li>\n<li>La puissance nominale est de 15A, 250V<\/li>\n<li>Conforme : RoHS, REACH<\/li>\n<\/ul>","protected":false},"excerpt":{"rendered":"<p>Prise de courant noire AC Angle C14 m\u00e2le \u00e0 femelle avec quatre trous de vis<\/p>","protected":false},"featured_media":24763,"template":"","meta":{"_acf_changed":false,"_seopress_robots_primary_cat":"","_seopress_titles_title":"AC Angle C14 Male to Female Power Socket","_seopress_titles_desc":"","_seopress_robots_index":"","site-sidebar-layout":"default","site-content-layout":"default","ast-site-content-layout":"default","site-content-style":"default","site-sidebar-style":"default","ast-global-header-display":"","ast-banner-title-visibility":"","ast-main-header-display":"","ast-hfb-above-header-display":"","ast-hfb-below-header-display":"","ast-hfb-mobile-header-display":"","site-post-title":"","ast-breadcrumbs-content":"","ast-featured-img":"","footer-sml-layout":"","ast-disable-related-posts":"","theme-transparent-header-meta":"default","adv-header-id-meta":"","stick-header-meta":"","header-above-stick-meta":"","header-main-stick-meta":"","header-below-stick-meta":"","astra-migrate-meta-layouts":"set","ast-page-background-enabled":"default","ast-page-background-meta":{"desktop":{"background-color":"","background-image":"","background-repeat":"repeat","background-position":"center center","background-size":"auto","background-attachment":"scroll","background-type":"","background-media":"","overlay-type":"","overlay-color":"","overlay-opacity":"","overlay-gradient":""},"tablet":{"background-color":"","background-image":"","background-repeat":"repeat","background-position":"center center","background-size":"auto","background-attachment":"scroll","background-type":"","background-media":"","overlay-type":"","overlay-color":"","overlay-opacity":"","overlay-gradient":""},"mobile":{"background-color":"","background-image":"","background-repeat":"repeat","background-position":"center center","background-size":"auto","background-attachment":"scroll","background-type":"","background-media":"","overlay-type":"","overlay-color":"","overlay-opacity":"","overlay-gradient":""}},"ast-content-background-meta":{"desktop":{"background-color":"var(--ast-global-color-5)","background-image":"","background-repeat":"repeat","background-position":"center center","background-size":"auto","background-attachment":"scroll","background-type":"","background-media":"","overlay-type":"","overlay-color":"","overlay-opacity":"","overlay-gradient":""},"tablet":{"background-color":"var(--ast-global-color-5)","background-image":"","background-repeat":"repeat","background-position":"center center","background-size":"auto","background-attachment":"scroll","background-type":"","background-media":"","overlay-type":"","overlay-color":"","overlay-opacity":"","overlay-gradient":""},"mobile":{"background-color":"var(--ast-global-color-5)","background-image":"","background-repeat":"repeat","background-position":"center center","background-size":"auto","background-attachment":"scroll","background-type":"","background-media":"","overlay-type":"","overlay-color":"","overlay-opacity":"","overlay-gradient":""}},"iawp_total_views":8},"product_brand":[],"product_cat":[238,679],"product_tag":[],"class_list":{"0":"post-24762","1":"product","2":"type-product","3":"status-publish","4":"has-post-thumbnail","6":"product_cat-panel-mount","7":"product_cat-panel-mount-couplers","8":"desktop-align-left","9":"tablet-align-left","10":"mobile-align-left","12":"first","13":"instock","14":"shipping-taxable","15":"purchasable","16":"product-type-simple"},"acf":[],"_links":{"self":[{"href":"https:\/\/www.fjpremium.com\/fr\/wp-json\/wp\/v2\/product\/24762","targetHints":{"allow":["GET"]}}],"collection":[{"href":"https:\/\/www.fjpremium.com\/fr\/wp-json\/wp\/v2\/product"}],"about":[{"href":"https:\/\/www.fjpremium.com\/fr\/wp-json\/wp\/v2\/types\/product"}],"wp:featuredmedia":[{"embeddable":true,"href":"https:\/\/www.fjpremium.com\/fr\/wp-json\/wp\/v2\/media\/24763"}],"wp:attachment":[{"href":"https:\/\/www.fjpremium.com\/fr\/wp-json\/wp\/v2\/media?parent=24762"}],"wp:term":[{"taxonomy":"product_brand","embeddable":true,"href":"https:\/\/www.fjpremium.com\/fr\/wp-json\/wp\/v2\/product_brand?post=24762"},{"taxonomy":"product_cat","embeddable":true,"href":"https:\/\/www.fjpremium.com\/fr\/wp-json\/wp\/v2\/product_cat?post=24762"},{"taxonomy":"product_tag","embeddable":true,"href":"https:\/\/www.fjpremium.com\/fr\/wp-json\/wp\/v2\/product_tag?post=24762"}],"curies":[{"name":"wp","href":"https:\/\/api.w.org\/{rel}","templated":true}]}}