{"id":24710,"date":"2024-01-22T09:51:34","date_gmt":"2024-01-22T01:51:34","guid":{"rendered":"https:\/\/www.fjpremium.com\/?post_type=product&#038;p=24710"},"modified":"2024-03-29T16:16:19","modified_gmt":"2024-03-29T08:16:19","slug":"8k-displayport-1-4-panel-mount-adapter","status":"publish","type":"product","link":"https:\/\/www.fjpremium.com\/fr\/product\/8k-displayport-1-4-panel-mount-adapter\/","title":{"rendered":"Adaptateur DisplayPort 1.4 8K pour montage sur panneau avec verrouillage \u00e0 vis Femelle vers Femelle"},"content":{"rendered":"<p>Le coupleur adaptateur pour montage sur panneau 8K DisplayPort 1.4 r\u00e9volutionne la connectivit\u00e9 des \u00e9crans.<\/p>\n<p>Ses connecteurs plaqu\u00e9s or, dont un avec verrouillage \u00e0 vis, assurent \u00e0 la fois durabilit\u00e9 et s\u00e9curit\u00e9 des connexions.<\/p>\n<p>Capable de prendre en charge une bande passante \u00e0 d\u00e9bit binaire \u00e9lev\u00e9 (HBR) et des r\u00e9solutions jusqu&#039;\u00e0 8K \u00e0 60 Hz, il offre une clart\u00e9 visuelle in\u00e9gal\u00e9e.<\/p>\n<p>Con\u00e7u pour r\u00e9pondre aux normes DisplayPort 1.4, il s&#039;int\u00e8gre parfaitement \u00e0 une vari\u00e9t\u00e9 d&#039;appareils et de configurations.<\/p>\n<p><!-- notionvc: e16f256b-1002-40c7-afcf-7c7c760a7e79 --><\/p>\n<p><span style=\"font-size: 16px;\">Ses caract\u00e9ristiques :<\/span><\/p>\n<ul>\n<li>Connecteur 1 : DisplayPort femelle, plaqu\u00e9 or<\/li>\n<li>Connecteur 2 : DisplayPort femelle avec verrouillage \u00e0 vis, plaqu\u00e9 or<\/li>\n<li>Type d'\u00e9crou et de vis : M3 nickel\u00e9<\/li>\n<li>Pas du trou : 27mm<\/li>\n<li>Bo\u00eetier : Moulage par injection<\/li>\n<li>Prise en charge d'une bande passante \u00e0 haut d\u00e9bit (HBR) et d'une r\u00e9solution allant jusqu'\u00e0 8K@60Hz<\/li>\n<li>Conforme \u00e0 la norme DisplayPort 1.4<\/li>\n<li>Conformit\u00e9 : RoHS, REACH<\/li>\n<\/ul>","protected":false},"excerpt":{"rendered":"<p>Adaptateur DisplayPort 1.4 8K pour montage sur panneau avec verrouillage \u00e0 vis Connecteur femelle vers femelle, plaqu\u00e9 or<\/p>","protected":false},"featured_media":24712,"template":"","meta":{"_acf_changed":false,"_seopress_robots_primary_cat":"","_seopress_titles_title":"8K DisplayPort 1.4 Panel Mount Adapter Coupler","_seopress_titles_desc":"","_seopress_robots_index":"","site-sidebar-layout":"default","site-content-layout":"default","ast-site-content-layout":"default","site-content-style":"default","site-sidebar-style":"default","ast-global-header-display":"","ast-banner-title-visibility":"","ast-main-header-display":"","ast-hfb-above-header-display":"","ast-hfb-below-header-display":"","ast-hfb-mobile-header-display":"","site-post-title":"","ast-breadcrumbs-content":"","ast-featured-img":"","footer-sml-layout":"","ast-disable-related-posts":"","theme-transparent-header-meta":"default","adv-header-id-meta":"","stick-header-meta":"","header-above-stick-meta":"","header-main-stick-meta":"","header-below-stick-meta":"","astra-migrate-meta-layouts":"set","ast-page-background-enabled":"default","ast-page-background-meta":{"desktop":{"background-color":"","background-image":"","background-repeat":"repeat","background-position":"center center","background-size":"auto","background-attachment":"scroll","background-type":"","background-media":"","overlay-type":"","overlay-color":"","overlay-opacity":"","overlay-gradient":""},"tablet":{"background-color":"","background-image":"","background-repeat":"repeat","background-position":"center center","background-size":"auto","background-attachment":"scroll","background-type":"","background-media":"","overlay-type":"","overlay-color":"","overlay-opacity":"","overlay-gradient":""},"mobile":{"background-color":"","background-image":"","background-repeat":"repeat","background-position":"center center","background-size":"auto","background-attachment":"scroll","background-type":"","background-media":"","overlay-type":"","overlay-color":"","overlay-opacity":"","overlay-gradient":""}},"ast-content-background-meta":{"desktop":{"background-color":"var(--ast-global-color-5)","background-image":"","background-repeat":"repeat","background-position":"center center","background-size":"auto","background-attachment":"scroll","background-type":"","background-media":"","overlay-type":"","overlay-color":"","overlay-opacity":"","overlay-gradient":""},"tablet":{"background-color":"var(--ast-global-color-5)","background-image":"","background-repeat":"repeat","background-position":"center center","background-size":"auto","background-attachment":"scroll","background-type":"","background-media":"","overlay-type":"","overlay-color":"","overlay-opacity":"","overlay-gradient":""},"mobile":{"background-color":"var(--ast-global-color-5)","background-image":"","background-repeat":"repeat","background-position":"center center","background-size":"auto","background-attachment":"scroll","background-type":"","background-media":"","overlay-type":"","overlay-color":"","overlay-opacity":"","overlay-gradient":""}},"iawp_total_views":8},"product_brand":[],"product_cat":[238,679],"product_tag":[],"class_list":{"0":"post-24710","1":"product","2":"type-product","3":"status-publish","4":"has-post-thumbnail","6":"product_cat-panel-mount","7":"product_cat-panel-mount-couplers","8":"desktop-align-left","9":"tablet-align-left","10":"mobile-align-left","12":"first","13":"instock","14":"shipping-taxable","15":"purchasable","16":"product-type-simple"},"acf":[],"_links":{"self":[{"href":"https:\/\/www.fjpremium.com\/fr\/wp-json\/wp\/v2\/product\/24710","targetHints":{"allow":["GET"]}}],"collection":[{"href":"https:\/\/www.fjpremium.com\/fr\/wp-json\/wp\/v2\/product"}],"about":[{"href":"https:\/\/www.fjpremium.com\/fr\/wp-json\/wp\/v2\/types\/product"}],"wp:featuredmedia":[{"embeddable":true,"href":"https:\/\/www.fjpremium.com\/fr\/wp-json\/wp\/v2\/media\/24712"}],"wp:attachment":[{"href":"https:\/\/www.fjpremium.com\/fr\/wp-json\/wp\/v2\/media?parent=24710"}],"wp:term":[{"taxonomy":"product_brand","embeddable":true,"href":"https:\/\/www.fjpremium.com\/fr\/wp-json\/wp\/v2\/product_brand?post=24710"},{"taxonomy":"product_cat","embeddable":true,"href":"https:\/\/www.fjpremium.com\/fr\/wp-json\/wp\/v2\/product_cat?post=24710"},{"taxonomy":"product_tag","embeddable":true,"href":"https:\/\/www.fjpremium.com\/fr\/wp-json\/wp\/v2\/product_tag?post=24710"}],"curies":[{"name":"wp","href":"https:\/\/api.w.org\/{rel}","templated":true}]}}