{"id":24699,"date":"2024-01-22T09:37:37","date_gmt":"2024-01-22T01:37:37","guid":{"rendered":"https:\/\/www.fjpremium.com\/?post_type=product&#038;p=24699"},"modified":"2024-03-29T15:55:47","modified_gmt":"2024-03-29T07:55:47","slug":"90-angle-4k-hdmi-2-0-panel-mount-coupler","status":"publish","type":"product","link":"https:\/\/www.fjpremium.com\/fr\/product\/90-angle-4k-hdmi-2-0-panel-mount-coupler\/","title":{"rendered":"Adaptateur de couplage pour montage sur panneau 4K HDMI 2.0 avec trou de vis, femelle vers femelle, angle de 90\u00b0."},"content":{"rendered":"<p>Apr\u00e8s avoir rigoureusement test\u00e9 l&#039;adaptateur coupleur \u00e0 montage sur panneau HDMI 2.0 4K \u00e0 angle 90\u00b0, les performances et la qualit\u00e9 dans diff\u00e9rentes applications sont impressionnantes.<br \/>\n<!-- notionvc: e16f256b-1002-40c7-afcf-7c7c760a7e79 --><\/p>\n<p>Dot\u00e9 de connecteurs HDMI plaqu\u00e9s or, dont un \u00e0 angle de 90\u00b0 et un avec un trou de vis, cet adaptateur est dot\u00e9 d&#039;un bo\u00eetier robuste moul\u00e9 par injection pour plus de durabilit\u00e9.<\/p>\n<p>Avec une bande passante allant jusqu&#039;\u00e0 18 Gbit\/s, il prend parfaitement en charge la r\u00e9solution 4K \u00e0 50\/60 Hz, offrant une clart\u00e9 exceptionnelle. De plus, sa compatibilit\u00e9 avec la vid\u00e9o 3D, Deep Color et xv Color\u2122 am\u00e9liore l&#039;exp\u00e9rience visuelle.<\/p>\n<p>Compatible avec divers appareils multim\u00e9dias, il offre une flexibilit\u00e9 dans les options de connectivit\u00e9, r\u00e9pondant \u00e0 diff\u00e9rentes configurations de divertissement.<\/p>\n<p><span style=\"font-size: 16px;\">Ses caract\u00e9ristiques :<\/span><\/p>\n<ul>\n<li>Connecteur 1 : HDMI femelle 90\u00b0 Angle, dor\u00e9<\/li>\n<li>Connecteur 2 : HDMI femelle avec trou de vis, plaqu\u00e9 or<\/li>\n<li>Bo\u00eetier : Moulage par injection<\/li>\n<li>Largeur de bande jusqu'\u00e0 18 Gbps<\/li>\n<li>4K\/50\/60 (2160p), soit une clart\u00e9 4 fois sup\u00e9rieure \u00e0 la r\u00e9solution vid\u00e9o 1080p\/60<\/li>\n<li>Vid\u00e9o 3D, Deep Color et x.v. Color\u2122<\/li>\n<li>Conformit\u00e9 : RoHS, REACH<\/li>\n<\/ul>","protected":false},"excerpt":{"rendered":"<p>Adaptateur pour montage sur panneau 4K HDMI 2.0 avec trou de vis, femelle vers femelle, connecteur plaqu\u00e9 or, angle de 90<\/p>","protected":false},"featured_media":24702,"template":"","meta":{"_acf_changed":false,"_seopress_robots_primary_cat":"","_seopress_titles_title":"90\u00b0 Angle 4K HDMI 2.0 Panel Mount Coupler Adapter","_seopress_titles_desc":"","_seopress_robots_index":"","site-sidebar-layout":"default","site-content-layout":"default","ast-site-content-layout":"default","site-content-style":"default","site-sidebar-style":"default","ast-global-header-display":"","ast-banner-title-visibility":"","ast-main-header-display":"","ast-hfb-above-header-display":"","ast-hfb-below-header-display":"","ast-hfb-mobile-header-display":"","site-post-title":"","ast-breadcrumbs-content":"","ast-featured-img":"","footer-sml-layout":"","ast-disable-related-posts":"","theme-transparent-header-meta":"default","adv-header-id-meta":"","stick-header-meta":"","header-above-stick-meta":"","header-main-stick-meta":"","header-below-stick-meta":"","astra-migrate-meta-layouts":"set","ast-page-background-enabled":"default","ast-page-background-meta":{"desktop":{"background-color":"","background-image":"","background-repeat":"repeat","background-position":"center center","background-size":"auto","background-attachment":"scroll","background-type":"","background-media":"","overlay-type":"","overlay-color":"","overlay-opacity":"","overlay-gradient":""},"tablet":{"background-color":"","background-image":"","background-repeat":"repeat","background-position":"center center","background-size":"auto","background-attachment":"scroll","background-type":"","background-media":"","overlay-type":"","overlay-color":"","overlay-opacity":"","overlay-gradient":""},"mobile":{"background-color":"","background-image":"","background-repeat":"repeat","background-position":"center center","background-size":"auto","background-attachment":"scroll","background-type":"","background-media":"","overlay-type":"","overlay-color":"","overlay-opacity":"","overlay-gradient":""}},"ast-content-background-meta":{"desktop":{"background-color":"var(--ast-global-color-5)","background-image":"","background-repeat":"repeat","background-position":"center center","background-size":"auto","background-attachment":"scroll","background-type":"","background-media":"","overlay-type":"","overlay-color":"","overlay-opacity":"","overlay-gradient":""},"tablet":{"background-color":"var(--ast-global-color-5)","background-image":"","background-repeat":"repeat","background-position":"center center","background-size":"auto","background-attachment":"scroll","background-type":"","background-media":"","overlay-type":"","overlay-color":"","overlay-opacity":"","overlay-gradient":""},"mobile":{"background-color":"var(--ast-global-color-5)","background-image":"","background-repeat":"repeat","background-position":"center center","background-size":"auto","background-attachment":"scroll","background-type":"","background-media":"","overlay-type":"","overlay-color":"","overlay-opacity":"","overlay-gradient":""}},"iawp_total_views":4},"product_brand":[],"product_cat":[238,679],"product_tag":[],"class_list":{"0":"post-24699","1":"product","2":"type-product","3":"status-publish","4":"has-post-thumbnail","6":"product_cat-panel-mount","7":"product_cat-panel-mount-couplers","8":"desktop-align-left","9":"tablet-align-left","10":"mobile-align-left","12":"first","13":"instock","14":"shipping-taxable","15":"purchasable","16":"product-type-simple"},"acf":[],"_links":{"self":[{"href":"https:\/\/www.fjpremium.com\/fr\/wp-json\/wp\/v2\/product\/24699","targetHints":{"allow":["GET"]}}],"collection":[{"href":"https:\/\/www.fjpremium.com\/fr\/wp-json\/wp\/v2\/product"}],"about":[{"href":"https:\/\/www.fjpremium.com\/fr\/wp-json\/wp\/v2\/types\/product"}],"wp:featuredmedia":[{"embeddable":true,"href":"https:\/\/www.fjpremium.com\/fr\/wp-json\/wp\/v2\/media\/24702"}],"wp:attachment":[{"href":"https:\/\/www.fjpremium.com\/fr\/wp-json\/wp\/v2\/media?parent=24699"}],"wp:term":[{"taxonomy":"product_brand","embeddable":true,"href":"https:\/\/www.fjpremium.com\/fr\/wp-json\/wp\/v2\/product_brand?post=24699"},{"taxonomy":"product_cat","embeddable":true,"href":"https:\/\/www.fjpremium.com\/fr\/wp-json\/wp\/v2\/product_cat?post=24699"},{"taxonomy":"product_tag","embeddable":true,"href":"https:\/\/www.fjpremium.com\/fr\/wp-json\/wp\/v2\/product_tag?post=24699"}],"curies":[{"name":"wp","href":"https:\/\/api.w.org\/{rel}","templated":true}]}}