{"id":24689,"date":"2024-01-22T09:22:42","date_gmt":"2024-01-22T01:22:42","guid":{"rendered":"https:\/\/www.fjpremium.com\/?post_type=product&#038;p=24689"},"modified":"2024-03-29T15:00:23","modified_gmt":"2024-03-29T07:00:23","slug":"90-angle-4k-hdmi-2-0-panel-mount-adapter","status":"publish","type":"product","link":"https:\/\/www.fjpremium.com\/fr\/product\/90-angle-4k-hdmi-2-0-panel-mount-adapter\/","title":{"rendered":"Coupleur d&#039;adaptateur de montage sur panneau HDMI 2.0 \u00e0 angle de 90 \u00b0 4K avec verrouillage \u00e0 vis femelle \u00e0 femelle"},"content":{"rendered":"<p>Faites l&#039;exp\u00e9rience d&#039;une connectivit\u00e9 transparente avec notre coupleur adaptateur pour montage sur panneau HDMI 2.0 4K \u00e0 angle de 90\u00b0.<\/p>\n<p>Dot\u00e9 de connecteurs femelles HDMI plaqu\u00e9s or, dont un avec verrouillage \u00e0 vis, cet adaptateur garantit une transmission fiable et des connexions s\u00e9curis\u00e9es. Avec une conception nickel\u00e9e M3 durable et un pas de trou de 25 mm pour une installation facile, il est con\u00e7u pour durer.<\/p>\n<p>Profitez d&#039;une r\u00e9solution 4K impeccable, de vid\u00e9os 3D et de couleurs vives, le tout pris en charge par une bande passante allant jusqu&#039;\u00e0 18 Gbit\/s. De plus, soyez tranquille en sachant qu&#039;il est conforme aux normes RoHS et REACH.<\/p>\n<p>Am\u00e9liorez votre configuration sans effort \u2013 choisissez la qualit\u00e9, choisissez l&#039;innovation.<\/p>\n<p><span style=\"font-size: 16px;\">Ses caract\u00e9ristiques :<\/span><\/p>\n<ul>\n<li>Connecteur 1 : HDMI femelle 90\u00b0 Angle, plaqu\u00e9 or<\/li>\n<li>Connecteur 2 : HDMI femelle avec verrouillage \u00e0 vis, plaqu\u00e9 or<\/li>\n<li>Type d'\u00e9crou et de vis : M3 nickel\u00e9<\/li>\n<li>Pas du trou : 25mm<\/li>\n<li>Bo\u00eetier : Moulage par injection<\/li>\n<li>Largeur de bande jusqu'\u00e0 18 Gbps<\/li>\n<li>4K\/50\/60 (2160p), soit une clart\u00e9 4 fois sup\u00e9rieure \u00e0 la r\u00e9solution vid\u00e9o 1080p\/60<\/li>\n<li>Vid\u00e9o 3D, Deep Color et x.v. Color\u2122<\/li>\n<li>Conformit\u00e9 : RoHS, REACH<\/li>\n<\/ul>","protected":false},"excerpt":{"rendered":"<p>Adaptateur de montage sur panneau HDMI 2.0, Angle 90 \u00b0, coupleur avec verrouillage \u00e0 vis femelle \u00e0 femelle, connecteur plaqu\u00e9 or<\/p>","protected":false},"featured_media":24690,"template":"","meta":{"_acf_changed":false,"_seopress_robots_primary_cat":"","_seopress_titles_title":"90\u00b0 Angle 4K HDMI 2.0 Panel Mount Adapter Coupler","_seopress_titles_desc":"","_seopress_robots_index":"","site-sidebar-layout":"default","site-content-layout":"default","ast-site-content-layout":"default","site-content-style":"default","site-sidebar-style":"default","ast-global-header-display":"","ast-banner-title-visibility":"","ast-main-header-display":"","ast-hfb-above-header-display":"","ast-hfb-below-header-display":"","ast-hfb-mobile-header-display":"","site-post-title":"","ast-breadcrumbs-content":"","ast-featured-img":"","footer-sml-layout":"","ast-disable-related-posts":"","theme-transparent-header-meta":"default","adv-header-id-meta":"","stick-header-meta":"","header-above-stick-meta":"","header-main-stick-meta":"","header-below-stick-meta":"","astra-migrate-meta-layouts":"set","ast-page-background-enabled":"default","ast-page-background-meta":{"desktop":{"background-color":"","background-image":"","background-repeat":"repeat","background-position":"center center","background-size":"auto","background-attachment":"scroll","background-type":"","background-media":"","overlay-type":"","overlay-color":"","overlay-opacity":"","overlay-gradient":""},"tablet":{"background-color":"","background-image":"","background-repeat":"repeat","background-position":"center center","background-size":"auto","background-attachment":"scroll","background-type":"","background-media":"","overlay-type":"","overlay-color":"","overlay-opacity":"","overlay-gradient":""},"mobile":{"background-color":"","background-image":"","background-repeat":"repeat","background-position":"center center","background-size":"auto","background-attachment":"scroll","background-type":"","background-media":"","overlay-type":"","overlay-color":"","overlay-opacity":"","overlay-gradient":""}},"ast-content-background-meta":{"desktop":{"background-color":"var(--ast-global-color-5)","background-image":"","background-repeat":"repeat","background-position":"center center","background-size":"auto","background-attachment":"scroll","background-type":"","background-media":"","overlay-type":"","overlay-color":"","overlay-opacity":"","overlay-gradient":""},"tablet":{"background-color":"var(--ast-global-color-5)","background-image":"","background-repeat":"repeat","background-position":"center center","background-size":"auto","background-attachment":"scroll","background-type":"","background-media":"","overlay-type":"","overlay-color":"","overlay-opacity":"","overlay-gradient":""},"mobile":{"background-color":"var(--ast-global-color-5)","background-image":"","background-repeat":"repeat","background-position":"center center","background-size":"auto","background-attachment":"scroll","background-type":"","background-media":"","overlay-type":"","overlay-color":"","overlay-opacity":"","overlay-gradient":""}},"iawp_total_views":6},"product_brand":[],"product_cat":[238,679],"product_tag":[],"class_list":{"0":"post-24689","1":"product","2":"type-product","3":"status-publish","4":"has-post-thumbnail","6":"product_cat-panel-mount","7":"product_cat-panel-mount-couplers","8":"desktop-align-left","9":"tablet-align-left","10":"mobile-align-left","12":"first","13":"instock","14":"shipping-taxable","15":"purchasable","16":"product-type-simple"},"acf":[],"_links":{"self":[{"href":"https:\/\/www.fjpremium.com\/fr\/wp-json\/wp\/v2\/product\/24689","targetHints":{"allow":["GET"]}}],"collection":[{"href":"https:\/\/www.fjpremium.com\/fr\/wp-json\/wp\/v2\/product"}],"about":[{"href":"https:\/\/www.fjpremium.com\/fr\/wp-json\/wp\/v2\/types\/product"}],"wp:featuredmedia":[{"embeddable":true,"href":"https:\/\/www.fjpremium.com\/fr\/wp-json\/wp\/v2\/media\/24690"}],"wp:attachment":[{"href":"https:\/\/www.fjpremium.com\/fr\/wp-json\/wp\/v2\/media?parent=24689"}],"wp:term":[{"taxonomy":"product_brand","embeddable":true,"href":"https:\/\/www.fjpremium.com\/fr\/wp-json\/wp\/v2\/product_brand?post=24689"},{"taxonomy":"product_cat","embeddable":true,"href":"https:\/\/www.fjpremium.com\/fr\/wp-json\/wp\/v2\/product_cat?post=24689"},{"taxonomy":"product_tag","embeddable":true,"href":"https:\/\/www.fjpremium.com\/fr\/wp-json\/wp\/v2\/product_tag?post=24689"}],"curies":[{"name":"wp","href":"https:\/\/api.w.org\/{rel}","templated":true}]}}