{"id":24683,"date":"2024-01-22T09:15:09","date_gmt":"2024-01-22T01:15:09","guid":{"rendered":"https:\/\/www.fjpremium.com\/?post_type=product&#038;p=24683"},"modified":"2024-03-29T14:51:47","modified_gmt":"2024-03-29T06:51:47","slug":"8k-hdmi-2-1-panel-mount-adapter-coupler","status":"publish","type":"product","link":"https:\/\/www.fjpremium.com\/fr\/product\/8k-hdmi-2-1-panel-mount-adapter-coupler\/","title":{"rendered":"Adaptateur 8K HDMI 2.1 pour montage sur panneau Coupleur avec verrouillage \u00e0 vis"},"content":{"rendered":"<p>Cet adaptateur dot\u00e9 de deux ports HDMI femelles, comprenant un m\u00e9canisme de verrouillage \u00e0 vis s\u00e9curis\u00e9, garantit des connexions stables pour une transmission ininterrompue du signal.<\/p>\n<p>Construit avec des \u00e9crous et des vis M3 nickel\u00e9s et un bo\u00eetier moul\u00e9 par injection, il garantit long\u00e9vit\u00e9 et r\u00e9silience.<\/p>\n<p>Avec une bande passante allant jusqu&#039;\u00e0 48 Gbit\/s et une prise en charge de r\u00e9solutions allant jusqu&#039;\u00e0 8K \u00e0 60 Hz, il offre une qualit\u00e9 vid\u00e9o exceptionnelle et une compatibilit\u00e9 avec des fonctionnalit\u00e9s avanc\u00e9es telles que la vid\u00e9o 3D.<\/p>\n<p>En r\u00e9sum\u00e9, le coupleur adaptateur pour montage sur panneau HDMI 2.1 8K offre une qualit\u00e9 et une fiabilit\u00e9 in\u00e9gal\u00e9es pour les configurations audiovisuelles haute d\u00e9finition.<\/p>\n<p><span style=\"font-size: 16px;\">Ses caract\u00e9ristiques :<\/span><\/p>\n<ul>\n<li>Connecteur 1 : HDMI femelle, plaqu\u00e9 or<\/li>\n<li>Connecteur 2 : HDMI femelle avec verrouillage \u00e0 vis, plaqu\u00e9 or<\/li>\n<li>Type d'\u00e9crou et de vis : M3 nickel\u00e9<\/li>\n<li>Pas du trou : 25mm<\/li>\n<li>Bo\u00eetier : Moulage par injection<\/li>\n<li>Largeur de bande jusqu'\u00e0 48 Gbps<\/li>\n<li>R\u00e9solution vid\u00e9o jusqu'\u00e0 8K@60Hz<\/li>\n<li>Vid\u00e9o 3D, Deep Color et x.v. Color\u2122<\/li>\n<li>Conformit\u00e9 : RoHS, REACH<\/li>\n<\/ul>","protected":false},"excerpt":{"rendered":"<p>Adaptateur 8K HDMI 2.1 pour montage sur panneau Coupleur avec verrouillage \u00e0 vis<\/p>","protected":false},"featured_media":24686,"template":"","meta":{"_acf_changed":false,"_seopress_robots_primary_cat":"","_seopress_titles_title":"8K HDMI 2.1 Panel Mount Adapter Coupler with screw locking","_seopress_titles_desc":"","_seopress_robots_index":"","site-sidebar-layout":"default","site-content-layout":"default","ast-site-content-layout":"default","site-content-style":"default","site-sidebar-style":"default","ast-global-header-display":"","ast-banner-title-visibility":"","ast-main-header-display":"","ast-hfb-above-header-display":"","ast-hfb-below-header-display":"","ast-hfb-mobile-header-display":"","site-post-title":"","ast-breadcrumbs-content":"","ast-featured-img":"","footer-sml-layout":"","ast-disable-related-posts":"","theme-transparent-header-meta":"default","adv-header-id-meta":"","stick-header-meta":"","header-above-stick-meta":"","header-main-stick-meta":"","header-below-stick-meta":"","astra-migrate-meta-layouts":"set","ast-page-background-enabled":"default","ast-page-background-meta":{"desktop":{"background-color":"","background-image":"","background-repeat":"repeat","background-position":"center center","background-size":"auto","background-attachment":"scroll","background-type":"","background-media":"","overlay-type":"","overlay-color":"","overlay-opacity":"","overlay-gradient":""},"tablet":{"background-color":"","background-image":"","background-repeat":"repeat","background-position":"center center","background-size":"auto","background-attachment":"scroll","background-type":"","background-media":"","overlay-type":"","overlay-color":"","overlay-opacity":"","overlay-gradient":""},"mobile":{"background-color":"","background-image":"","background-repeat":"repeat","background-position":"center center","background-size":"auto","background-attachment":"scroll","background-type":"","background-media":"","overlay-type":"","overlay-color":"","overlay-opacity":"","overlay-gradient":""}},"ast-content-background-meta":{"desktop":{"background-color":"var(--ast-global-color-5)","background-image":"","background-repeat":"repeat","background-position":"center center","background-size":"auto","background-attachment":"scroll","background-type":"","background-media":"","overlay-type":"","overlay-color":"","overlay-opacity":"","overlay-gradient":""},"tablet":{"background-color":"var(--ast-global-color-5)","background-image":"","background-repeat":"repeat","background-position":"center center","background-size":"auto","background-attachment":"scroll","background-type":"","background-media":"","overlay-type":"","overlay-color":"","overlay-opacity":"","overlay-gradient":""},"mobile":{"background-color":"var(--ast-global-color-5)","background-image":"","background-repeat":"repeat","background-position":"center center","background-size":"auto","background-attachment":"scroll","background-type":"","background-media":"","overlay-type":"","overlay-color":"","overlay-opacity":"","overlay-gradient":""}},"iawp_total_views":63},"product_brand":[],"product_cat":[238,679],"product_tag":[],"class_list":{"0":"post-24683","1":"product","2":"type-product","3":"status-publish","4":"has-post-thumbnail","6":"product_cat-panel-mount","7":"product_cat-panel-mount-couplers","8":"desktop-align-left","9":"tablet-align-left","10":"mobile-align-left","12":"first","13":"instock","14":"shipping-taxable","15":"purchasable","16":"product-type-simple"},"acf":[],"_links":{"self":[{"href":"https:\/\/www.fjpremium.com\/fr\/wp-json\/wp\/v2\/product\/24683","targetHints":{"allow":["GET"]}}],"collection":[{"href":"https:\/\/www.fjpremium.com\/fr\/wp-json\/wp\/v2\/product"}],"about":[{"href":"https:\/\/www.fjpremium.com\/fr\/wp-json\/wp\/v2\/types\/product"}],"wp:featuredmedia":[{"embeddable":true,"href":"https:\/\/www.fjpremium.com\/fr\/wp-json\/wp\/v2\/media\/24686"}],"wp:attachment":[{"href":"https:\/\/www.fjpremium.com\/fr\/wp-json\/wp\/v2\/media?parent=24683"}],"wp:term":[{"taxonomy":"product_brand","embeddable":true,"href":"https:\/\/www.fjpremium.com\/fr\/wp-json\/wp\/v2\/product_brand?post=24683"},{"taxonomy":"product_cat","embeddable":true,"href":"https:\/\/www.fjpremium.com\/fr\/wp-json\/wp\/v2\/product_cat?post=24683"},{"taxonomy":"product_tag","embeddable":true,"href":"https:\/\/www.fjpremium.com\/fr\/wp-json\/wp\/v2\/product_tag?post=24683"}],"curies":[{"name":"wp","href":"https:\/\/api.w.org\/{rel}","templated":true}]}}