{"id":24652,"date":"2024-01-19T16:57:35","date_gmt":"2024-01-19T08:57:35","guid":{"rendered":"https:\/\/www.fjpremium.com\/?post_type=product&#038;p=24652"},"modified":"2024-03-28T16:50:47","modified_gmt":"2024-03-28T08:50:47","slug":"iec-c14-to-c13-power-panel-mount-cable","status":"publish","type":"product","link":"https:\/\/www.fjpremium.com\/fr\/product\/iec-c14-to-c13-power-panel-mount-cable\/","title":{"rendered":"C\u00e2ble d'alimentation IEC C14 \u00e0 C13 pour montage sur panneau, m\u00e2le \u00e0 femelle"},"content":{"rendered":"<p>Le c\u00e2ble de montage sur panneau d&#039;alimentation IEC C14 \u00e0 C13 de haute qualit\u00e9 FARSINCE offre une solution fiable pour combiner les c\u00e2bles C14 et C13 afin d&#039;obtenir une connectivit\u00e9 via un panneau.<\/p>\n<p>Con\u00e7u pour les appareils tels que les ordinateurs, les serveurs, les routeurs, les commutateurs et les moniteurs, ce c\u00e2ble garantit une transmission efficace de l&#039;\u00e9nergie gr\u00e2ce \u00e0 sa construction robuste et sa conception conforme.<\/p>\n<p>Avec des contacts et des coques nickel\u00e9s, un conducteur en cuivre nu, une gaine en PVC et un bo\u00eetier moul\u00e9 par injection, il offre durabilit\u00e9 et protection.<\/p>\n<p>\u00c9valu\u00e9 \u00e0 10 A\/250 V et conforme aux directives RoHS et REACH, ce c\u00e2ble garantit une connectivit\u00e9 \u00e9lectrique s\u00fbre et fiable.<\/p>\n<p><span style=\"font-size: 16px;\">Ses caract\u00e9ristiques :<\/span><\/p>\n<ul>\n<li>Connecteur 1 : IEC C14 m\u00e2le avec trou de vis<\/li>\n<li>Connecteur 2 : IEC C13 femelle<\/li>\n<li>Contact nickel\u00e9, coque nickel\u00e9e<\/li>\n<li>Conducteur du c\u00e2ble : Cuivre nu<\/li>\n<li>Diam\u00e8tre ext\u00e9rieur : 6,8 mm<\/li>\n<li>Gaine : PVC<\/li>\n<li>Bo\u00eetier : Moulage par injection<\/li>\n<li>La puissance nominale est de 10A\/250V<\/li>\n<li>Conforme : RoHS, REACH<\/li>\n<\/ul>","protected":false},"excerpt":{"rendered":"<p>IEC C14 to C13 Power Panel Mount Cable, Male to Female with screw, 1.5m<\/p>","protected":false},"featured_media":24653,"template":"","meta":{"_acf_changed":false,"_seopress_robots_primary_cat":"","_seopress_titles_title":"IEC C14 to C13 Power Panel Mount Cable, Male to Female","_seopress_titles_desc":"","_seopress_robots_index":"","site-sidebar-layout":"default","site-content-layout":"default","ast-site-content-layout":"default","site-content-style":"default","site-sidebar-style":"default","ast-global-header-display":"","ast-banner-title-visibility":"","ast-main-header-display":"","ast-hfb-above-header-display":"","ast-hfb-below-header-display":"","ast-hfb-mobile-header-display":"","site-post-title":"","ast-breadcrumbs-content":"","ast-featured-img":"","footer-sml-layout":"","ast-disable-related-posts":"","theme-transparent-header-meta":"default","adv-header-id-meta":"","stick-header-meta":"","header-above-stick-meta":"","header-main-stick-meta":"","header-below-stick-meta":"","astra-migrate-meta-layouts":"set","ast-page-background-enabled":"default","ast-page-background-meta":{"desktop":{"background-color":"","background-image":"","background-repeat":"repeat","background-position":"center center","background-size":"auto","background-attachment":"scroll","background-type":"","background-media":"","overlay-type":"","overlay-color":"","overlay-opacity":"","overlay-gradient":""},"tablet":{"background-color":"","background-image":"","background-repeat":"repeat","background-position":"center center","background-size":"auto","background-attachment":"scroll","background-type":"","background-media":"","overlay-type":"","overlay-color":"","overlay-opacity":"","overlay-gradient":""},"mobile":{"background-color":"","background-image":"","background-repeat":"repeat","background-position":"center center","background-size":"auto","background-attachment":"scroll","background-type":"","background-media":"","overlay-type":"","overlay-color":"","overlay-opacity":"","overlay-gradient":""}},"ast-content-background-meta":{"desktop":{"background-color":"var(--ast-global-color-5)","background-image":"","background-repeat":"repeat","background-position":"center center","background-size":"auto","background-attachment":"scroll","background-type":"","background-media":"","overlay-type":"","overlay-color":"","overlay-opacity":"","overlay-gradient":""},"tablet":{"background-color":"var(--ast-global-color-5)","background-image":"","background-repeat":"repeat","background-position":"center center","background-size":"auto","background-attachment":"scroll","background-type":"","background-media":"","overlay-type":"","overlay-color":"","overlay-opacity":"","overlay-gradient":""},"mobile":{"background-color":"var(--ast-global-color-5)","background-image":"","background-repeat":"repeat","background-position":"center center","background-size":"auto","background-attachment":"scroll","background-type":"","background-media":"","overlay-type":"","overlay-color":"","overlay-opacity":"","overlay-gradient":""}},"iawp_total_views":42},"product_brand":[],"product_cat":[238,678],"product_tag":[],"class_list":{"0":"post-24652","1":"product","2":"type-product","3":"status-publish","4":"has-post-thumbnail","6":"product_cat-panel-mount","7":"product_cat-panel-mount-cables","8":"desktop-align-left","9":"tablet-align-left","10":"mobile-align-left","12":"first","13":"instock","14":"shipping-taxable","15":"purchasable","16":"product-type-simple"},"acf":[],"_links":{"self":[{"href":"https:\/\/www.fjpremium.com\/fr\/wp-json\/wp\/v2\/product\/24652","targetHints":{"allow":["GET"]}}],"collection":[{"href":"https:\/\/www.fjpremium.com\/fr\/wp-json\/wp\/v2\/product"}],"about":[{"href":"https:\/\/www.fjpremium.com\/fr\/wp-json\/wp\/v2\/types\/product"}],"wp:featuredmedia":[{"embeddable":true,"href":"https:\/\/www.fjpremium.com\/fr\/wp-json\/wp\/v2\/media\/24653"}],"wp:attachment":[{"href":"https:\/\/www.fjpremium.com\/fr\/wp-json\/wp\/v2\/media?parent=24652"}],"wp:term":[{"taxonomy":"product_brand","embeddable":true,"href":"https:\/\/www.fjpremium.com\/fr\/wp-json\/wp\/v2\/product_brand?post=24652"},{"taxonomy":"product_cat","embeddable":true,"href":"https:\/\/www.fjpremium.com\/fr\/wp-json\/wp\/v2\/product_cat?post=24652"},{"taxonomy":"product_tag","embeddable":true,"href":"https:\/\/www.fjpremium.com\/fr\/wp-json\/wp\/v2\/product_tag?post=24652"}],"curies":[{"name":"wp","href":"https:\/\/api.w.org\/{rel}","templated":true}]}}