{"id":24649,"date":"2024-01-19T16:35:34","date_gmt":"2024-01-19T08:35:34","guid":{"rendered":"https:\/\/www.fjpremium.com\/?post_type=product&#038;p=24649"},"modified":"2024-03-28T15:36:53","modified_gmt":"2024-03-28T07:36:53","slug":"iec-c14-power-panel-mount-cable-m-m","status":"publish","type":"product","link":"https:\/\/www.fjpremium.com\/fr\/product\/iec-c14-power-panel-mount-cable-m-m\/","title":{"rendered":"IEC C14 Power Panel Mount Cable M\u00e2le \u00e0 M\u00e2le"},"content":{"rendered":"<p>Le c\u00e2ble de montage sur panneau d&#039;alimentation FARSINCE IEC C14 offre une connectivit\u00e9 transparente via un panneau, s&#039;adressant \u00e0 divers appareils gr\u00e2ce \u00e0 sa construction durable.<\/p>\n<p>\u00c9valu\u00e9 \u00e0 10 A\/250 V, il assure une transmission de puissance efficace tandis que les trous de vis sur un connecteur simplifient l&#039;installation.<\/p>\n<p>Polyvalent et fiable, c&#039;est un choix id\u00e9al pour diverses applications.<\/p>\n<p><span style=\"font-size: 16px;\">Ses caract\u00e9ristiques :<\/span><\/p>\n<ul>\n<li>Connecteur 1 : IEC C14 m\u00e2le avec trou de vis<\/li>\n<li>Connecteur 2 : IEC C14 m\u00e2le<\/li>\n<li>Contact nickel\u00e9, coque nickel\u00e9e<\/li>\n<li>Conducteur du c\u00e2ble : Cuivre nu<\/li>\n<li>Diam\u00e8tre ext\u00e9rieur : 6,8 mm<\/li>\n<li>Gaine : PVC<\/li>\n<li>Bo\u00eetier : Moulage par injection<\/li>\n<li>La puissance nominale est de 10A\/250V<\/li>\n<li>Conforme : RoHS, REACH<\/li>\n<\/ul>","protected":false},"excerpt":{"rendered":"<p>IEC C14 Power Panel mount Cable with screw, 1.5m<\/p>","protected":false},"featured_media":24651,"template":"","meta":{"_acf_changed":false,"_seopress_robots_primary_cat":"","_seopress_titles_title":"IEC C14 Power Panel mount Cable Male to Male","_seopress_titles_desc":"","_seopress_robots_index":"","site-sidebar-layout":"default","site-content-layout":"default","ast-site-content-layout":"default","site-content-style":"default","site-sidebar-style":"default","ast-global-header-display":"","ast-banner-title-visibility":"","ast-main-header-display":"","ast-hfb-above-header-display":"","ast-hfb-below-header-display":"","ast-hfb-mobile-header-display":"","site-post-title":"","ast-breadcrumbs-content":"","ast-featured-img":"","footer-sml-layout":"","ast-disable-related-posts":"","theme-transparent-header-meta":"default","adv-header-id-meta":"","stick-header-meta":"","header-above-stick-meta":"","header-main-stick-meta":"","header-below-stick-meta":"","astra-migrate-meta-layouts":"set","ast-page-background-enabled":"default","ast-page-background-meta":{"desktop":{"background-color":"","background-image":"","background-repeat":"repeat","background-position":"center center","background-size":"auto","background-attachment":"scroll","background-type":"","background-media":"","overlay-type":"","overlay-color":"","overlay-opacity":"","overlay-gradient":""},"tablet":{"background-color":"","background-image":"","background-repeat":"repeat","background-position":"center center","background-size":"auto","background-attachment":"scroll","background-type":"","background-media":"","overlay-type":"","overlay-color":"","overlay-opacity":"","overlay-gradient":""},"mobile":{"background-color":"","background-image":"","background-repeat":"repeat","background-position":"center center","background-size":"auto","background-attachment":"scroll","background-type":"","background-media":"","overlay-type":"","overlay-color":"","overlay-opacity":"","overlay-gradient":""}},"ast-content-background-meta":{"desktop":{"background-color":"var(--ast-global-color-5)","background-image":"","background-repeat":"repeat","background-position":"center center","background-size":"auto","background-attachment":"scroll","background-type":"","background-media":"","overlay-type":"","overlay-color":"","overlay-opacity":"","overlay-gradient":""},"tablet":{"background-color":"var(--ast-global-color-5)","background-image":"","background-repeat":"repeat","background-position":"center center","background-size":"auto","background-attachment":"scroll","background-type":"","background-media":"","overlay-type":"","overlay-color":"","overlay-opacity":"","overlay-gradient":""},"mobile":{"background-color":"var(--ast-global-color-5)","background-image":"","background-repeat":"repeat","background-position":"center center","background-size":"auto","background-attachment":"scroll","background-type":"","background-media":"","overlay-type":"","overlay-color":"","overlay-opacity":"","overlay-gradient":""}},"iawp_total_views":13},"product_brand":[],"product_cat":[238,678],"product_tag":[],"class_list":{"0":"post-24649","1":"product","2":"type-product","3":"status-publish","4":"has-post-thumbnail","6":"product_cat-panel-mount","7":"product_cat-panel-mount-cables","8":"desktop-align-left","9":"tablet-align-left","10":"mobile-align-left","12":"first","13":"instock","14":"shipping-taxable","15":"purchasable","16":"product-type-simple"},"acf":[],"_links":{"self":[{"href":"https:\/\/www.fjpremium.com\/fr\/wp-json\/wp\/v2\/product\/24649","targetHints":{"allow":["GET"]}}],"collection":[{"href":"https:\/\/www.fjpremium.com\/fr\/wp-json\/wp\/v2\/product"}],"about":[{"href":"https:\/\/www.fjpremium.com\/fr\/wp-json\/wp\/v2\/types\/product"}],"wp:featuredmedia":[{"embeddable":true,"href":"https:\/\/www.fjpremium.com\/fr\/wp-json\/wp\/v2\/media\/24651"}],"wp:attachment":[{"href":"https:\/\/www.fjpremium.com\/fr\/wp-json\/wp\/v2\/media?parent=24649"}],"wp:term":[{"taxonomy":"product_brand","embeddable":true,"href":"https:\/\/www.fjpremium.com\/fr\/wp-json\/wp\/v2\/product_brand?post=24649"},{"taxonomy":"product_cat","embeddable":true,"href":"https:\/\/www.fjpremium.com\/fr\/wp-json\/wp\/v2\/product_cat?post=24649"},{"taxonomy":"product_tag","embeddable":true,"href":"https:\/\/www.fjpremium.com\/fr\/wp-json\/wp\/v2\/product_tag?post=24649"}],"curies":[{"name":"wp","href":"https:\/\/api.w.org\/{rel}","templated":true}]}}