{"id":24635,"date":"2024-01-19T16:12:27","date_gmt":"2024-01-19T08:12:27","guid":{"rendered":"https:\/\/www.fjpremium.com\/?post_type=product&#038;p=24635"},"modified":"2024-03-28T14:18:10","modified_gmt":"2024-03-28T06:18:10","slug":"keyston-type-rj45-panel-mount-cable","status":"publish","type":"product","link":"https:\/\/www.fjpremium.com\/fr\/product\/keyston-type-rj45-panel-mount-cable\/","title":{"rendered":"C\u00e2ble de montage sur panneau RJ45 de type Keystone Cat6A Cat7 Cat8 SFTP c\u00e2ble d&#039;extension m\u00e2le \u00e0 femelle"},"content":{"rendered":"<p>Pr\u00e9sentation du c\u00e2ble d&#039;extension FARSINCE Keystone de haute qualit\u00e9 de type Cat6A\/Cat7\/Cat8 SFTP m\u00e2le \u00e0 femelle pour montage sur panneau \u2013 la solution ultime pour \u00e9tendre les connexions r\u00e9seau LAN de mani\u00e8re s\u00e9curis\u00e9e et fiable.<\/p>\n<p>Avec sa construction robuste, comprenant des contacts plaqu\u00e9s or et une coque plaqu\u00e9e nickel, ce c\u00e2ble garantit une durabilit\u00e9 et une transmission optimale du signal.<\/p>\n<p>Test\u00e9 \u00e0 500\/600\/2000 MHz et prenant en charge l&#039;Ethernet Gigabit 10G\/40G Base-T, il garantit un transfert de donn\u00e9es \u00e0 haut d\u00e9bit pour diverses applications.<\/p>\n<p>De plus, il est conforme aux directives RoHS et REACH en mati\u00e8re de durabilit\u00e9 environnementale et de s\u00e9curit\u00e9 des utilisateurs. Am\u00e9liorez votre configuration r\u00e9seau en toute confiance d\u00e8s aujourd&#039;hui\u00a0!<\/p>\n<p><span style=\"font-size: 16px;\">Ses caract\u00e9ristiques :<\/span><\/p>\n<ul>\n<li>Connecteur 1 : RJ45 SFTP m\u00e2le<\/li>\n<li>Connecteur 2\u00a0: Keystone RJ45 SFTP Femelle avec verrouillage \u00e0 vis<\/li>\n<li>Contact plaqu\u00e9 or 3U, coque plaqu\u00e9e nickel<\/li>\n<li>Type d'\u00e9crou et de vis : #M3 nickel\u00e9<\/li>\n<li>Pas du trou : 25mm<\/li>\n<li>Conducteur du c\u00e2ble : Cuivre nu<\/li>\n<li>Calibre du fil : 26AWG<\/li>\n<li>Diam\u00e8tre ext\u00e9rieur : 6,0\u00b10,2 mm<\/li>\n<li>Bo\u00eetier : Moulage par injection<\/li>\n<li>Gaine : PVC<\/li>\n<li>Conforme ou sup\u00e9rieur aux sp\u00e9cifications TIA\/EIA -568-C.2 et ISO\/IEC 11801<\/li>\n<li>Test\u00e9 \u00e0 500\/600\/2000 MHz et supportant 10G\/40G Base-T Gigabit Ethernet<\/li>\n<li>Conformit\u00e9 : RoHS, REACH<\/li>\n<\/ul>","protected":false},"excerpt":{"rendered":"<p>Keyston type RJ45 Panel Mount Cable Cat6A Cat7 Cat8 SFTP Male to Female Extention Cable with screw fixing, 0.5M<\/p>","protected":false},"featured_media":24636,"template":"","meta":{"_acf_changed":false,"_seopress_robots_primary_cat":"","_seopress_titles_title":"Keyston type RJ45 Panel Mount Cable Cat6A Cat7 Cat8 SFTP","_seopress_titles_desc":"","_seopress_robots_index":"","site-sidebar-layout":"default","site-content-layout":"default","ast-site-content-layout":"default","site-content-style":"default","site-sidebar-style":"default","ast-global-header-display":"","ast-banner-title-visibility":"","ast-main-header-display":"","ast-hfb-above-header-display":"","ast-hfb-below-header-display":"","ast-hfb-mobile-header-display":"","site-post-title":"","ast-breadcrumbs-content":"","ast-featured-img":"","footer-sml-layout":"","ast-disable-related-posts":"","theme-transparent-header-meta":"default","adv-header-id-meta":"","stick-header-meta":"","header-above-stick-meta":"","header-main-stick-meta":"","header-below-stick-meta":"","astra-migrate-meta-layouts":"set","ast-page-background-enabled":"default","ast-page-background-meta":{"desktop":{"background-color":"","background-image":"","background-repeat":"repeat","background-position":"center center","background-size":"auto","background-attachment":"scroll","background-type":"","background-media":"","overlay-type":"","overlay-color":"","overlay-opacity":"","overlay-gradient":""},"tablet":{"background-color":"","background-image":"","background-repeat":"repeat","background-position":"center center","background-size":"auto","background-attachment":"scroll","background-type":"","background-media":"","overlay-type":"","overlay-color":"","overlay-opacity":"","overlay-gradient":""},"mobile":{"background-color":"","background-image":"","background-repeat":"repeat","background-position":"center center","background-size":"auto","background-attachment":"scroll","background-type":"","background-media":"","overlay-type":"","overlay-color":"","overlay-opacity":"","overlay-gradient":""}},"ast-content-background-meta":{"desktop":{"background-color":"var(--ast-global-color-5)","background-image":"","background-repeat":"repeat","background-position":"center center","background-size":"auto","background-attachment":"scroll","background-type":"","background-media":"","overlay-type":"","overlay-color":"","overlay-opacity":"","overlay-gradient":""},"tablet":{"background-color":"var(--ast-global-color-5)","background-image":"","background-repeat":"repeat","background-position":"center center","background-size":"auto","background-attachment":"scroll","background-type":"","background-media":"","overlay-type":"","overlay-color":"","overlay-opacity":"","overlay-gradient":""},"mobile":{"background-color":"var(--ast-global-color-5)","background-image":"","background-repeat":"repeat","background-position":"center center","background-size":"auto","background-attachment":"scroll","background-type":"","background-media":"","overlay-type":"","overlay-color":"","overlay-opacity":"","overlay-gradient":""}},"iawp_total_views":3},"product_brand":[],"product_cat":[238,678],"product_tag":[],"class_list":{"0":"post-24635","1":"product","2":"type-product","3":"status-publish","4":"has-post-thumbnail","6":"product_cat-panel-mount","7":"product_cat-panel-mount-cables","8":"desktop-align-left","9":"tablet-align-left","10":"mobile-align-left","12":"first","13":"instock","14":"shipping-taxable","15":"purchasable","16":"product-type-simple"},"acf":[],"_links":{"self":[{"href":"https:\/\/www.fjpremium.com\/fr\/wp-json\/wp\/v2\/product\/24635","targetHints":{"allow":["GET"]}}],"collection":[{"href":"https:\/\/www.fjpremium.com\/fr\/wp-json\/wp\/v2\/product"}],"about":[{"href":"https:\/\/www.fjpremium.com\/fr\/wp-json\/wp\/v2\/types\/product"}],"wp:featuredmedia":[{"embeddable":true,"href":"https:\/\/www.fjpremium.com\/fr\/wp-json\/wp\/v2\/media\/24636"}],"wp:attachment":[{"href":"https:\/\/www.fjpremium.com\/fr\/wp-json\/wp\/v2\/media?parent=24635"}],"wp:term":[{"taxonomy":"product_brand","embeddable":true,"href":"https:\/\/www.fjpremium.com\/fr\/wp-json\/wp\/v2\/product_brand?post=24635"},{"taxonomy":"product_cat","embeddable":true,"href":"https:\/\/www.fjpremium.com\/fr\/wp-json\/wp\/v2\/product_cat?post=24635"},{"taxonomy":"product_tag","embeddable":true,"href":"https:\/\/www.fjpremium.com\/fr\/wp-json\/wp\/v2\/product_tag?post=24635"}],"curies":[{"name":"wp","href":"https:\/\/api.w.org\/{rel}","templated":true}]}}