{"id":24630,"date":"2024-01-19T15:26:56","date_gmt":"2024-01-19T07:26:56","guid":{"rendered":"https:\/\/www.fjpremium.com\/?post_type=product&#038;p=24630"},"modified":"2024-03-14T15:45:49","modified_gmt":"2024-03-14T07:45:49","slug":"panel-mount-ethernet-rj45-cable","status":"publish","type":"product","link":"https:\/\/www.fjpremium.com\/fr\/product\/panel-mount-ethernet-rj45-cable\/","title":{"rendered":"Montage sur panneau C\u00e2ble Ethernet RJ45 CAT6A CAT7 CAT8 C\u00e2ble SFTP"},"content":{"rendered":"<p>Farsince High Quality Keyston type CAT6A\/CAT7\/CAT8 SFTP Female to Female Panel Mount Cable est parfait pour combiner deux c\u00e2bles Patch afin d'obtenir une connectivit\u00e9 \u00e0 travers un panneau. Cela permet \u00e0 l'utilisateur de fournir une connectivit\u00e9 \u00e0 partir d'une source qui se trouve dans un endroit s\u00e9curis\u00e9.<\/p>\n<p>Le c\u00e2ble Ethernet RJ45 \u00e0 double montage sur panneau respecte ou d\u00e9passe les performances de la cat\u00e9gorie 6A\/7\/8 conform\u00e9ment aux sp\u00e9cifications TIA\/EIA-568-C.2. Les conducteurs en cuivre nu am\u00e9liorent les performances du c\u00e2ble et sont conformes aux sp\u00e9cifications des c\u00e2bles de communication. Flexible et durable, le c\u00e2ble CAT6A\/CAT7\/CAT8 offre une bande passante \u00e9lev\u00e9e allant jusqu'\u00e0 500\/600\/2000 MHz et garantit un transfert de donn\u00e9es \u00e0 grande vitesse pour les applications de serveur, l'informatique en nuage, la vid\u00e9osurveillance et le streaming vid\u00e9o haute d\u00e9finition en ligne.<\/p>\n<p><span style=\"font-size: 16px;\">Ses caract\u00e9ristiques :<\/span><\/p>\n<ul>\n<li>Connecteur 1 : RJ45 SFTP femelle<\/li>\n<li>Connecteur 2 : Keyston RJ45 SFTP femelle avec verrouillage \u00e0 vis<\/li>\n<li>Contact plaqu\u00e9 or 3U, coque plaqu\u00e9e nickel<\/li>\n<li>Type d'\u00e9crou et de vis : #M3 nickel\u00e9<\/li>\n<li>Pas du trou : 25mm<\/li>\n<li>Conducteur du c\u00e2ble : Cuivre nu<\/li>\n<li>Calibre du fil : 26AWG<\/li>\n<li>Diam\u00e8tre ext\u00e9rieur : 6,0\u00b10,2 mm<\/li>\n<li>Blindage : Fil de drainage, feuille d'aluminium, tresse<\/li>\n<li>Bo\u00eetier : Moulage par injection<\/li>\n<li>Gaine : PVC<\/li>\n<li>Conforme ou sup\u00e9rieur aux sp\u00e9cifications TIA\/EIA -568-C.2 et ISO\/IEC 11801<\/li>\n<li>Test\u00e9 \u00e0 500\/600\/2000 MHz et supportant 10G\/40G Base-T Gigabit Ethernet<\/li>\n<li>Conformit\u00e9 : RoHS, REACH<\/li>\n<\/ul>","protected":false},"excerpt":{"rendered":"<p>C\u00e2ble Ethernet RJ45 \u00e0 double montage sur panneau CAT6A CAT7 CAT8 avec fixation par vis, 0.3M<\/p>","protected":false},"featured_media":24634,"template":"","meta":{"_acf_changed":false,"_seopress_robots_primary_cat":"","_seopress_titles_title":"Panel Mount Ethernet RJ45 Cable CAT6A CAT7 CAT8 Cable","_seopress_titles_desc":"","_seopress_robots_index":"","site-sidebar-layout":"default","site-content-layout":"default","ast-site-content-layout":"default","site-content-style":"default","site-sidebar-style":"default","ast-global-header-display":"","ast-banner-title-visibility":"","ast-main-header-display":"","ast-hfb-above-header-display":"","ast-hfb-below-header-display":"","ast-hfb-mobile-header-display":"","site-post-title":"","ast-breadcrumbs-content":"","ast-featured-img":"","footer-sml-layout":"","ast-disable-related-posts":"","theme-transparent-header-meta":"default","adv-header-id-meta":"","stick-header-meta":"","header-above-stick-meta":"","header-main-stick-meta":"","header-below-stick-meta":"","astra-migrate-meta-layouts":"set","ast-page-background-enabled":"default","ast-page-background-meta":{"desktop":{"background-color":"","background-image":"","background-repeat":"repeat","background-position":"center center","background-size":"auto","background-attachment":"scroll","background-type":"","background-media":"","overlay-type":"","overlay-color":"","overlay-opacity":"","overlay-gradient":""},"tablet":{"background-color":"","background-image":"","background-repeat":"repeat","background-position":"center center","background-size":"auto","background-attachment":"scroll","background-type":"","background-media":"","overlay-type":"","overlay-color":"","overlay-opacity":"","overlay-gradient":""},"mobile":{"background-color":"","background-image":"","background-repeat":"repeat","background-position":"center center","background-size":"auto","background-attachment":"scroll","background-type":"","background-media":"","overlay-type":"","overlay-color":"","overlay-opacity":"","overlay-gradient":""}},"ast-content-background-meta":{"desktop":{"background-color":"var(--ast-global-color-5)","background-image":"","background-repeat":"repeat","background-position":"center center","background-size":"auto","background-attachment":"scroll","background-type":"","background-media":"","overlay-type":"","overlay-color":"","overlay-opacity":"","overlay-gradient":""},"tablet":{"background-color":"var(--ast-global-color-5)","background-image":"","background-repeat":"repeat","background-position":"center center","background-size":"auto","background-attachment":"scroll","background-type":"","background-media":"","overlay-type":"","overlay-color":"","overlay-opacity":"","overlay-gradient":""},"mobile":{"background-color":"var(--ast-global-color-5)","background-image":"","background-repeat":"repeat","background-position":"center center","background-size":"auto","background-attachment":"scroll","background-type":"","background-media":"","overlay-type":"","overlay-color":"","overlay-opacity":"","overlay-gradient":""}},"iawp_total_views":6},"product_brand":[],"product_cat":[238,678],"product_tag":[],"class_list":{"0":"post-24630","1":"product","2":"type-product","3":"status-publish","4":"has-post-thumbnail","6":"product_cat-panel-mount","7":"product_cat-panel-mount-cables","8":"desktop-align-left","9":"tablet-align-left","10":"mobile-align-left","12":"first","13":"instock","14":"shipping-taxable","15":"purchasable","16":"product-type-simple"},"acf":[],"_links":{"self":[{"href":"https:\/\/www.fjpremium.com\/fr\/wp-json\/wp\/v2\/product\/24630","targetHints":{"allow":["GET"]}}],"collection":[{"href":"https:\/\/www.fjpremium.com\/fr\/wp-json\/wp\/v2\/product"}],"about":[{"href":"https:\/\/www.fjpremium.com\/fr\/wp-json\/wp\/v2\/types\/product"}],"wp:featuredmedia":[{"embeddable":true,"href":"https:\/\/www.fjpremium.com\/fr\/wp-json\/wp\/v2\/media\/24634"}],"wp:attachment":[{"href":"https:\/\/www.fjpremium.com\/fr\/wp-json\/wp\/v2\/media?parent=24630"}],"wp:term":[{"taxonomy":"product_brand","embeddable":true,"href":"https:\/\/www.fjpremium.com\/fr\/wp-json\/wp\/v2\/product_brand?post=24630"},{"taxonomy":"product_cat","embeddable":true,"href":"https:\/\/www.fjpremium.com\/fr\/wp-json\/wp\/v2\/product_cat?post=24630"},{"taxonomy":"product_tag","embeddable":true,"href":"https:\/\/www.fjpremium.com\/fr\/wp-json\/wp\/v2\/product_tag?post=24630"}],"curies":[{"name":"wp","href":"https:\/\/api.w.org\/{rel}","templated":true}]}}