{"id":24622,"date":"2024-01-19T15:16:10","date_gmt":"2024-01-19T07:16:10","guid":{"rendered":"https:\/\/www.fjpremium.com\/?post_type=product&#038;p=24622"},"modified":"2024-03-28T11:26:26","modified_gmt":"2024-03-28T03:26:26","slug":"20pin-to-usb-3-1-type-c-panel-mount-cable","status":"publish","type":"product","link":"https:\/\/www.fjpremium.com\/fr\/product\/20pin-to-usb-3-1-type-c-panel-mount-cable\/","title":{"rendered":"C\u00e2ble de montage sur panneau de la carte m\u00e8re 20PIN vers USB 3.1 Type C, femelle \u00e0 femelle"},"content":{"rendered":"<p>Entrez dans le futur de la connectivit\u00e9 avec notre c\u00e2ble de montage sur panneau de carte m\u00e8re 20 broches vers USB 3.1 Type C.<\/p>\n<p>Con\u00e7u pour la performance et la durabilit\u00e9, ce c\u00e2ble offre un transfert de donn\u00e9es fluide \u00e0 des vitesses allant jusqu&#039;\u00e0 10 Gbit\/s, prenant en charge des r\u00e9solutions allant jusqu&#039;\u00e0 4K \u00e0 60 Hz et une charge rapide USB jusqu&#039;\u00e0 100 W.<\/p>\n<p>Gr\u00e2ce \u00e0 sa conception pr\u00e9cise, comprenant des \u00e9crous et des vis M3 nickel\u00e9s et une gaine en PVC robuste, il garantit une connexion s\u00fbre et stable \u00e0 chaque fois.<\/p>\n<p>De plus, il est conforme aux directives RoHS et REACH, soulignant notre engagement envers la qualit\u00e9 et la durabilit\u00e9. Mettez \u00e0 niveau votre configuration d\u00e8s aujourd&#039;hui et d\u00e9couvrez la diff\u00e9rence\u00a0!<\/p>\n<p><span style=\"font-size: 16px;\">Ses caract\u00e9ristiques :<\/span><\/p>\n<ul>\n<li>Connecteur 1 : 20PIN carte m\u00e8re femelle<\/li>\n<li>Connecteur 2 : USB 3.1 Type C femelle avec verrouillage \u00e0 vis<\/li>\n<li>Contact plaqu\u00e9 or, coque plaqu\u00e9e nickel<\/li>\n<li>Type d'\u00e9crou et de vis : M3 nickel\u00e9<\/li>\n<li>Pas du trou : 17mm<\/li>\n<li>Conducteur du c\u00e2ble : Cuivre \u00e9tam\u00e9<\/li>\n<li>Calibre des fils : 32AWG<\/li>\n<li>Diam\u00e8tre ext\u00e9rieur : 4,6 mm<\/li>\n<li>Blindage : Feuille d'aluminium, tresse<\/li>\n<li>Bo\u00eetier : Moulage par injection<\/li>\n<li>Gaine : PVC<\/li>\n<li>Prise en charge d'une r\u00e9solution allant jusqu'\u00e0 4K@60Hz<\/li>\n<li>Transfert\/synchronisation de donn\u00e9es ultra-rapide (jusqu'\u00e0 10 Gbps), prise en charge de la charge rapide USB jusqu'\u00e0 100 W<\/li>\n<li>Conformit\u00e9 : RoHS, REACH<\/li>\n<\/ul>","protected":false},"excerpt":{"rendered":"<p>C\u00e2ble de montage sur panneau pour carte m\u00e8re 20PIN vers USB 3.1 Type C avec verrouillage par vis, 0.3M<\/p>","protected":false},"featured_media":24623,"template":"","meta":{"_acf_changed":false,"_seopress_robots_primary_cat":"","_seopress_titles_title":"MotherBoard 20PIN to USB 3.1 Type C Panel Mount Cable, F-F","_seopress_titles_desc":"","_seopress_robots_index":"","site-sidebar-layout":"default","site-content-layout":"default","ast-site-content-layout":"default","site-content-style":"default","site-sidebar-style":"default","ast-global-header-display":"","ast-banner-title-visibility":"","ast-main-header-display":"","ast-hfb-above-header-display":"","ast-hfb-below-header-display":"","ast-hfb-mobile-header-display":"","site-post-title":"","ast-breadcrumbs-content":"","ast-featured-img":"","footer-sml-layout":"","ast-disable-related-posts":"","theme-transparent-header-meta":"default","adv-header-id-meta":"","stick-header-meta":"","header-above-stick-meta":"","header-main-stick-meta":"","header-below-stick-meta":"","astra-migrate-meta-layouts":"set","ast-page-background-enabled":"default","ast-page-background-meta":{"desktop":{"background-color":"","background-image":"","background-repeat":"repeat","background-position":"center center","background-size":"auto","background-attachment":"scroll","background-type":"","background-media":"","overlay-type":"","overlay-color":"","overlay-opacity":"","overlay-gradient":""},"tablet":{"background-color":"","background-image":"","background-repeat":"repeat","background-position":"center center","background-size":"auto","background-attachment":"scroll","background-type":"","background-media":"","overlay-type":"","overlay-color":"","overlay-opacity":"","overlay-gradient":""},"mobile":{"background-color":"","background-image":"","background-repeat":"repeat","background-position":"center center","background-size":"auto","background-attachment":"scroll","background-type":"","background-media":"","overlay-type":"","overlay-color":"","overlay-opacity":"","overlay-gradient":""}},"ast-content-background-meta":{"desktop":{"background-color":"var(--ast-global-color-5)","background-image":"","background-repeat":"repeat","background-position":"center center","background-size":"auto","background-attachment":"scroll","background-type":"","background-media":"","overlay-type":"","overlay-color":"","overlay-opacity":"","overlay-gradient":""},"tablet":{"background-color":"var(--ast-global-color-5)","background-image":"","background-repeat":"repeat","background-position":"center center","background-size":"auto","background-attachment":"scroll","background-type":"","background-media":"","overlay-type":"","overlay-color":"","overlay-opacity":"","overlay-gradient":""},"mobile":{"background-color":"var(--ast-global-color-5)","background-image":"","background-repeat":"repeat","background-position":"center center","background-size":"auto","background-attachment":"scroll","background-type":"","background-media":"","overlay-type":"","overlay-color":"","overlay-opacity":"","overlay-gradient":""}},"iawp_total_views":2},"product_brand":[],"product_cat":[238,678],"product_tag":[],"class_list":{"0":"post-24622","1":"product","2":"type-product","3":"status-publish","4":"has-post-thumbnail","6":"product_cat-panel-mount","7":"product_cat-panel-mount-cables","8":"desktop-align-left","9":"tablet-align-left","10":"mobile-align-left","12":"first","13":"instock","14":"shipping-taxable","15":"purchasable","16":"product-type-simple"},"acf":[],"_links":{"self":[{"href":"https:\/\/www.fjpremium.com\/fr\/wp-json\/wp\/v2\/product\/24622","targetHints":{"allow":["GET"]}}],"collection":[{"href":"https:\/\/www.fjpremium.com\/fr\/wp-json\/wp\/v2\/product"}],"about":[{"href":"https:\/\/www.fjpremium.com\/fr\/wp-json\/wp\/v2\/types\/product"}],"wp:featuredmedia":[{"embeddable":true,"href":"https:\/\/www.fjpremium.com\/fr\/wp-json\/wp\/v2\/media\/24623"}],"wp:attachment":[{"href":"https:\/\/www.fjpremium.com\/fr\/wp-json\/wp\/v2\/media?parent=24622"}],"wp:term":[{"taxonomy":"product_brand","embeddable":true,"href":"https:\/\/www.fjpremium.com\/fr\/wp-json\/wp\/v2\/product_brand?post=24622"},{"taxonomy":"product_cat","embeddable":true,"href":"https:\/\/www.fjpremium.com\/fr\/wp-json\/wp\/v2\/product_cat?post=24622"},{"taxonomy":"product_tag","embeddable":true,"href":"https:\/\/www.fjpremium.com\/fr\/wp-json\/wp\/v2\/product_tag?post=24622"}],"curies":[{"name":"wp","href":"https:\/\/api.w.org\/{rel}","templated":true}]}}