{"id":24616,"date":"2024-01-19T15:04:34","date_gmt":"2024-01-19T07:04:34","guid":{"rendered":"https:\/\/www.fjpremium.com\/?post_type=product&#038;p=24616"},"modified":"2024-03-27T17:52:50","modified_gmt":"2024-03-27T09:52:50","slug":"flat-panel-mount-usb-type-e-cable-to-usb-c","status":"publish","type":"product","link":"https:\/\/www.fjpremium.com\/fr\/product\/flat-panel-mount-usb-type-e-cable-to-usb-c\/","title":{"rendered":"C\u00e2ble d'extension pour montage sur panneau USB Type-E m\u00e2le vers USB 3.1 Type C femelle C\u00e2ble d'extension pour montage sur panneau de carte m\u00e8re"},"content":{"rendered":"<p>D\u00e9couvrez le summum de la connectivit\u00e9 avec le c\u00e2ble plat USB Type-E pour montage sur panneau \u2013 une solution innovante con\u00e7ue pour une transmission transparente des donn\u00e9es.<\/p>\n<p>Fabriqu\u00e9 avec pr\u00e9cision, ce c\u00e2ble est dot\u00e9 d&#039;un connecteur m\u00e2le USB Type-E parfaitement int\u00e9gr\u00e9 \u00e0 un connecteur femelle USB 3.1 Type C, renforc\u00e9 par un m\u00e9canisme de verrouillage \u00e0 vis s\u00e9curis\u00e9 pour des connexions stables dans n&#039;importe quel environnement.<\/p>\n<p>L&#039;\u00e9crou et la vis M3 nickel\u00e9s garantissent une durabilit\u00e9 durable, tandis que le conducteur en cuivre \u00e9tam\u00e9 et le blindage double couche comprenant une feuille d&#039;aluminium et une tresse prot\u00e8gent contre les interf\u00e9rences, offrant des vitesses de transfert de donn\u00e9es ultra-rapides allant jusqu&#039;\u00e0 10 Gbit\/s.<\/p>\n<p>Con\u00e7u pour la polyvalence, il excelle dans le streaming multim\u00e9dia, les transferts de fichiers et bien plus encore.<\/p>\n<p><span style=\"font-size: 16px;\">Ses caract\u00e9ristiques :<\/span><\/p>\n<ul>\n<li>Connecteur 1 : USB Type E m\u00e2le<\/li>\n<li>Connecteur 2 : USB 3.1 Type C femelle avec verrouillage \u00e0 vis<\/li>\n<li>Contact plaqu\u00e9 or, coque plaqu\u00e9e nickel<\/li>\n<li>Type d'\u00e9crou et de vis : M3 nickel\u00e9<\/li>\n<li>Pas du trou : 25,8\u00b10,5mm<\/li>\n<li>Conducteur du c\u00e2ble : Cuivre \u00e9tam\u00e9<\/li>\n<li>Calibre du fil : 30AWG<\/li>\n<li>Diam\u00e8tre ext\u00e9rieur : 5,5 mm<\/li>\n<li>Blindage : Feuille d'aluminium, tresse<\/li>\n<li>Bo\u00eetier : Moulage par injection<\/li>\n<li>Gaine : PVC<\/li>\n<li>Le taux de transfert atteint 10 Gbps<\/li>\n<li>Conformit\u00e9 : RoHS, REACH<\/li>\n<\/ul>","protected":false},"excerpt":{"rendered":"<p>C\u00e2ble d'extension pour montage sur panneau USB Type-E m\u00e2le vers USB 3.1 Type C femelle C\u00e2ble d'extension pour montage sur panneau de carte m\u00e8re, 0.3M<\/p>","protected":false},"featured_media":24621,"template":"","meta":{"_acf_changed":false,"_seopress_robots_primary_cat":"","_seopress_titles_title":"Flat USB Type-E Panel Mount Cable to USB 3.1 Type C Cable","_seopress_titles_desc":"","_seopress_robots_index":"","site-sidebar-layout":"default","site-content-layout":"default","ast-site-content-layout":"default","site-content-style":"default","site-sidebar-style":"default","ast-global-header-display":"","ast-banner-title-visibility":"","ast-main-header-display":"","ast-hfb-above-header-display":"","ast-hfb-below-header-display":"","ast-hfb-mobile-header-display":"","site-post-title":"","ast-breadcrumbs-content":"","ast-featured-img":"","footer-sml-layout":"","ast-disable-related-posts":"","theme-transparent-header-meta":"default","adv-header-id-meta":"","stick-header-meta":"","header-above-stick-meta":"","header-main-stick-meta":"","header-below-stick-meta":"","astra-migrate-meta-layouts":"set","ast-page-background-enabled":"default","ast-page-background-meta":{"desktop":{"background-color":"","background-image":"","background-repeat":"repeat","background-position":"center center","background-size":"auto","background-attachment":"scroll","background-type":"","background-media":"","overlay-type":"","overlay-color":"","overlay-opacity":"","overlay-gradient":""},"tablet":{"background-color":"","background-image":"","background-repeat":"repeat","background-position":"center center","background-size":"auto","background-attachment":"scroll","background-type":"","background-media":"","overlay-type":"","overlay-color":"","overlay-opacity":"","overlay-gradient":""},"mobile":{"background-color":"","background-image":"","background-repeat":"repeat","background-position":"center center","background-size":"auto","background-attachment":"scroll","background-type":"","background-media":"","overlay-type":"","overlay-color":"","overlay-opacity":"","overlay-gradient":""}},"ast-content-background-meta":{"desktop":{"background-color":"var(--ast-global-color-5)","background-image":"","background-repeat":"repeat","background-position":"center center","background-size":"auto","background-attachment":"scroll","background-type":"","background-media":"","overlay-type":"","overlay-color":"","overlay-opacity":"","overlay-gradient":""},"tablet":{"background-color":"var(--ast-global-color-5)","background-image":"","background-repeat":"repeat","background-position":"center center","background-size":"auto","background-attachment":"scroll","background-type":"","background-media":"","overlay-type":"","overlay-color":"","overlay-opacity":"","overlay-gradient":""},"mobile":{"background-color":"var(--ast-global-color-5)","background-image":"","background-repeat":"repeat","background-position":"center center","background-size":"auto","background-attachment":"scroll","background-type":"","background-media":"","overlay-type":"","overlay-color":"","overlay-opacity":"","overlay-gradient":""}},"iawp_total_views":5},"product_brand":[],"product_cat":[238,678],"product_tag":[],"class_list":{"0":"post-24616","1":"product","2":"type-product","3":"status-publish","4":"has-post-thumbnail","6":"product_cat-panel-mount","7":"product_cat-panel-mount-cables","8":"desktop-align-left","9":"tablet-align-left","10":"mobile-align-left","12":"first","13":"instock","14":"shipping-taxable","15":"purchasable","16":"product-type-simple"},"acf":[],"_links":{"self":[{"href":"https:\/\/www.fjpremium.com\/fr\/wp-json\/wp\/v2\/product\/24616","targetHints":{"allow":["GET"]}}],"collection":[{"href":"https:\/\/www.fjpremium.com\/fr\/wp-json\/wp\/v2\/product"}],"about":[{"href":"https:\/\/www.fjpremium.com\/fr\/wp-json\/wp\/v2\/types\/product"}],"wp:featuredmedia":[{"embeddable":true,"href":"https:\/\/www.fjpremium.com\/fr\/wp-json\/wp\/v2\/media\/24621"}],"wp:attachment":[{"href":"https:\/\/www.fjpremium.com\/fr\/wp-json\/wp\/v2\/media?parent=24616"}],"wp:term":[{"taxonomy":"product_brand","embeddable":true,"href":"https:\/\/www.fjpremium.com\/fr\/wp-json\/wp\/v2\/product_brand?post=24616"},{"taxonomy":"product_cat","embeddable":true,"href":"https:\/\/www.fjpremium.com\/fr\/wp-json\/wp\/v2\/product_cat?post=24616"},{"taxonomy":"product_tag","embeddable":true,"href":"https:\/\/www.fjpremium.com\/fr\/wp-json\/wp\/v2\/product_tag?post=24616"}],"curies":[{"name":"wp","href":"https:\/\/api.w.org\/{rel}","templated":true}]}}