{"id":24603,"date":"2024-01-19T14:37:00","date_gmt":"2024-01-19T06:37:00","guid":{"rendered":"https:\/\/www.fjpremium.com\/?post_type=product&#038;p=24603"},"modified":"2024-03-27T17:25:40","modified_gmt":"2024-03-27T09:25:40","slug":"up-angle-usb-c-panel-mount-cable","status":"publish","type":"product","link":"https:\/\/www.fjpremium.com\/fr\/product\/up-angle-usb-c-panel-mount-cable\/","title":{"rendered":"C\u00e2ble de montage sur panneau USB-C \u00e0 angle UP C\u00e2ble USB 3.1 Type C m\u00e2le\/m\u00e2le avec vis"},"content":{"rendered":"<p>Offrez-vous une connectivit\u00e9 transparente avec le c\u00e2ble de montage sur panneau USB 3.1 Type C UP Angle, dot\u00e9 d&#039;un connecteur m\u00e2le USB 3.1 Type C UP angle m\u00e9ticuleusement con\u00e7u avec verrouillage \u00e0 vis pour des installations s\u00e9curis\u00e9es et peu encombrantes.<\/p>\n<p>L&#039;\u00e9crou et la vis M2 nickel\u00e9s offrent un renforcement suppl\u00e9mentaire, tandis que le conducteur en cuivre \u00e9tam\u00e9 et le blindage en feuille d&#039;aluminium maintiennent l&#039;int\u00e9grit\u00e9 des donn\u00e9es pour des vitesses de transfert de donn\u00e9es ultra-rapides allant jusqu&#039;\u00e0 10 Gbit\/s.<\/p>\n<p>Prenant en charge des r\u00e9solutions allant jusqu&#039;\u00e0 4K \u00e0 60 Hz et une charge rapide USB jusqu&#039;\u00e0 100 W, c&#039;est une centrale \u00e9lectrique pour les applications hautes performances.<\/p>\n<p><span style=\"font-size: 16px;\">Ses caract\u00e9ristiques :<\/span><\/p>\n<ul>\n<li>Connecteur 1 : angle UP USB 3.1 Type C m\u00e2le avec verrouillage \u00e0 vis<\/li>\n<li>Connecteur 2 : USB 3.1 Type C m\u00e2le<\/li>\n<li>Contact plaqu\u00e9 or, coque plaqu\u00e9e nickel<\/li>\n<li>Type d'\u00e9crou et de vis : M2 nickel\u00e9<\/li>\n<li>Pas du trou : 16.5mm<\/li>\n<li>Conducteur du c\u00e2ble : Cuivre \u00e9tam\u00e9<\/li>\n<li>Calibre du fil : 32\/32\/21AWG<\/li>\n<li>Diam\u00e8tre ext\u00e9rieur : 4,5\u00b10,2 mm<\/li>\n<li>Blindage : Feuille d'aluminium, tresse<\/li>\n<li>Bo\u00eetier : Moulage par injection<\/li>\n<li>Gaine : PVC<\/li>\n<li>Prise en charge d'une r\u00e9solution allant jusqu'\u00e0 4K@60Hz<\/li>\n<li>Transfert\/synchronisation de donn\u00e9es ultra-rapide (jusqu'\u00e0 10 Gbps), prise en charge de la charge rapide USB jusqu'\u00e0 100 W<\/li>\n<li>Conformit\u00e9 : RoHS, REACH<\/li>\n<\/ul>","protected":false},"excerpt":{"rendered":"<p>UP Angle USB-C Panel Mount Cable C\u00e2ble USB 3.1 Type C m\u00e2le vers m\u00e2le avec verrouillage \u00e0 vis, 0.5M-2M<\/p>","protected":false},"featured_media":24606,"template":"","meta":{"_acf_changed":false,"_seopress_robots_primary_cat":"","_seopress_titles_title":"UP Angle USB-C Panel Mount Cable USB 3.1 Type C M-M Cable","_seopress_titles_desc":"","_seopress_robots_index":"","site-sidebar-layout":"default","site-content-layout":"default","ast-site-content-layout":"default","site-content-style":"default","site-sidebar-style":"default","ast-global-header-display":"","ast-banner-title-visibility":"","ast-main-header-display":"","ast-hfb-above-header-display":"","ast-hfb-below-header-display":"","ast-hfb-mobile-header-display":"","site-post-title":"","ast-breadcrumbs-content":"","ast-featured-img":"","footer-sml-layout":"","ast-disable-related-posts":"","theme-transparent-header-meta":"default","adv-header-id-meta":"","stick-header-meta":"","header-above-stick-meta":"","header-main-stick-meta":"","header-below-stick-meta":"","astra-migrate-meta-layouts":"set","ast-page-background-enabled":"default","ast-page-background-meta":{"desktop":{"background-color":"","background-image":"","background-repeat":"repeat","background-position":"center center","background-size":"auto","background-attachment":"scroll","background-type":"","background-media":"","overlay-type":"","overlay-color":"","overlay-opacity":"","overlay-gradient":""},"tablet":{"background-color":"","background-image":"","background-repeat":"repeat","background-position":"center center","background-size":"auto","background-attachment":"scroll","background-type":"","background-media":"","overlay-type":"","overlay-color":"","overlay-opacity":"","overlay-gradient":""},"mobile":{"background-color":"","background-image":"","background-repeat":"repeat","background-position":"center center","background-size":"auto","background-attachment":"scroll","background-type":"","background-media":"","overlay-type":"","overlay-color":"","overlay-opacity":"","overlay-gradient":""}},"ast-content-background-meta":{"desktop":{"background-color":"var(--ast-global-color-5)","background-image":"","background-repeat":"repeat","background-position":"center center","background-size":"auto","background-attachment":"scroll","background-type":"","background-media":"","overlay-type":"","overlay-color":"","overlay-opacity":"","overlay-gradient":""},"tablet":{"background-color":"var(--ast-global-color-5)","background-image":"","background-repeat":"repeat","background-position":"center center","background-size":"auto","background-attachment":"scroll","background-type":"","background-media":"","overlay-type":"","overlay-color":"","overlay-opacity":"","overlay-gradient":""},"mobile":{"background-color":"var(--ast-global-color-5)","background-image":"","background-repeat":"repeat","background-position":"center center","background-size":"auto","background-attachment":"scroll","background-type":"","background-media":"","overlay-type":"","overlay-color":"","overlay-opacity":"","overlay-gradient":""}},"iawp_total_views":9},"product_brand":[],"product_cat":[238,678],"product_tag":[],"class_list":{"0":"post-24603","1":"product","2":"type-product","3":"status-publish","4":"has-post-thumbnail","6":"product_cat-panel-mount","7":"product_cat-panel-mount-cables","8":"desktop-align-left","9":"tablet-align-left","10":"mobile-align-left","12":"first","13":"instock","14":"shipping-taxable","15":"purchasable","16":"product-type-simple"},"acf":[],"_links":{"self":[{"href":"https:\/\/www.fjpremium.com\/fr\/wp-json\/wp\/v2\/product\/24603","targetHints":{"allow":["GET"]}}],"collection":[{"href":"https:\/\/www.fjpremium.com\/fr\/wp-json\/wp\/v2\/product"}],"about":[{"href":"https:\/\/www.fjpremium.com\/fr\/wp-json\/wp\/v2\/types\/product"}],"wp:featuredmedia":[{"embeddable":true,"href":"https:\/\/www.fjpremium.com\/fr\/wp-json\/wp\/v2\/media\/24606"}],"wp:attachment":[{"href":"https:\/\/www.fjpremium.com\/fr\/wp-json\/wp\/v2\/media?parent=24603"}],"wp:term":[{"taxonomy":"product_brand","embeddable":true,"href":"https:\/\/www.fjpremium.com\/fr\/wp-json\/wp\/v2\/product_brand?post=24603"},{"taxonomy":"product_cat","embeddable":true,"href":"https:\/\/www.fjpremium.com\/fr\/wp-json\/wp\/v2\/product_cat?post=24603"},{"taxonomy":"product_tag","embeddable":true,"href":"https:\/\/www.fjpremium.com\/fr\/wp-json\/wp\/v2\/product_tag?post=24603"}],"curies":[{"name":"wp","href":"https:\/\/api.w.org\/{rel}","templated":true}]}}