{"id":24566,"date":"2024-01-19T13:15:38","date_gmt":"2024-01-19T05:15:38","guid":{"rendered":"https:\/\/www.fjpremium.com\/?post_type=product&#038;p=24566"},"modified":"2024-03-27T15:36:42","modified_gmt":"2024-03-27T07:36:42","slug":"panel-mount-left-angle-usb-3-1-type-c-cable","status":"publish","type":"product","link":"https:\/\/www.fjpremium.com\/fr\/product\/panel-mount-left-angle-usb-3-1-type-c-cable\/","title":{"rendered":"C\u00e2ble d'extension USB 3.1 Type C \u00e0 angle gauche pour montage sur panneau avec vis"},"content":{"rendered":"<p>Ce c\u00e2ble d&#039;extension USB 3.1 Type C \u00e0 angle gauche \u00e0 montage sur panneau offre une connectivit\u00e9 s\u00e9curis\u00e9e et flexible avec ses connecteurs m\u00e2les et femelles. Ses \u00e9crous et vis M2 nickel\u00e9s assurent la durabilit\u00e9, compl\u00e9t\u00e9s par un bo\u00eetier moul\u00e9 par injection et une gaine en PVC.<\/p>\n<p>Prenant en charge une r\u00e9solution jusqu&#039;\u00e0 4K \u00e0 60 Hz et un transfert\/synchronisation de donn\u00e9es ultra-rapide (jusqu&#039;\u00e0 10 Gbit\/s), ainsi qu&#039;une charge rapide USB jusqu&#039;\u00e0 100 W, il excelle en termes de performances.<\/p>\n<p>Id\u00e9al pour les installations audiovisuelles professionnelles, l&#039;automatisation industrielle et les syst\u00e8mes de divertissement \u00e0 domicile, il facilite la lecture vid\u00e9o haute r\u00e9solution, un transfert de donn\u00e9es efficace et une charge rapide.<\/p>\n<p><span style=\"font-size: 16px;\">Ses caract\u00e9ristiques :<\/span><\/p>\n<ul>\n<li>Connecteur 1 : Angle gauche USB 3.1 Type C m\u00e2le avec verrouillage par vis<\/li>\n<li>Connecteur 2 : USB 3.1 Type C femelle<\/li>\n<li>Contact plaqu\u00e9 or, coque plaqu\u00e9e nickel<\/li>\n<li>Type d'\u00e9crou et de vis : M2 nickel\u00e9<\/li>\n<li>Pas du trou : 7.5mm<\/li>\n<li>Conducteur du c\u00e2ble : Cuivre \u00e9tam\u00e9<\/li>\n<li>Isolation : PE SKIN\/HDPE mouss\u00e9<\/li>\n<li>Calibre du fil : 32\/32\/21AWG<\/li>\n<li>Diam\u00e8tre ext\u00e9rieur : 4,5\u00b10,2 mm<\/li>\n<li>Blindage : Feuille d'aluminium, tresse<\/li>\n<li>Bo\u00eetier : Moulage par injection<\/li>\n<li>Gaine : PVC<\/li>\n<li>Prise en charge d'une r\u00e9solution allant jusqu'\u00e0 4K@60Hz<\/li>\n<li>Transfert\/synchronisation de donn\u00e9es ultra-rapide (jusqu'\u00e0 10 Gbps), prise en charge de la charge rapide USB jusqu'\u00e0 100 W<\/li>\n<li>Conformit\u00e9 : RoHS, REACH<\/li>\n<\/ul>","protected":false},"excerpt":{"rendered":"<p>C\u00e2ble d'extension USB 3.1 Type C \u00e0 angle gauche pour montage sur panneau avec verrouillage par vis, 0.3m<\/p>","protected":false},"featured_media":24567,"template":"","meta":{"_acf_changed":false,"_seopress_robots_primary_cat":"","_seopress_titles_title":"Panel Mount Left Angle USB 3.1 Type C Extension Cable","_seopress_titles_desc":"","_seopress_robots_index":"","site-sidebar-layout":"default","site-content-layout":"default","ast-site-content-layout":"default","site-content-style":"default","site-sidebar-style":"default","ast-global-header-display":"","ast-banner-title-visibility":"","ast-main-header-display":"","ast-hfb-above-header-display":"","ast-hfb-below-header-display":"","ast-hfb-mobile-header-display":"","site-post-title":"","ast-breadcrumbs-content":"","ast-featured-img":"","footer-sml-layout":"","ast-disable-related-posts":"","theme-transparent-header-meta":"default","adv-header-id-meta":"","stick-header-meta":"","header-above-stick-meta":"","header-main-stick-meta":"","header-below-stick-meta":"","astra-migrate-meta-layouts":"set","ast-page-background-enabled":"default","ast-page-background-meta":{"desktop":{"background-color":"","background-image":"","background-repeat":"repeat","background-position":"center center","background-size":"auto","background-attachment":"scroll","background-type":"","background-media":"","overlay-type":"","overlay-color":"","overlay-opacity":"","overlay-gradient":""},"tablet":{"background-color":"","background-image":"","background-repeat":"repeat","background-position":"center center","background-size":"auto","background-attachment":"scroll","background-type":"","background-media":"","overlay-type":"","overlay-color":"","overlay-opacity":"","overlay-gradient":""},"mobile":{"background-color":"","background-image":"","background-repeat":"repeat","background-position":"center center","background-size":"auto","background-attachment":"scroll","background-type":"","background-media":"","overlay-type":"","overlay-color":"","overlay-opacity":"","overlay-gradient":""}},"ast-content-background-meta":{"desktop":{"background-color":"var(--ast-global-color-5)","background-image":"","background-repeat":"repeat","background-position":"center center","background-size":"auto","background-attachment":"scroll","background-type":"","background-media":"","overlay-type":"","overlay-color":"","overlay-opacity":"","overlay-gradient":""},"tablet":{"background-color":"var(--ast-global-color-5)","background-image":"","background-repeat":"repeat","background-position":"center center","background-size":"auto","background-attachment":"scroll","background-type":"","background-media":"","overlay-type":"","overlay-color":"","overlay-opacity":"","overlay-gradient":""},"mobile":{"background-color":"var(--ast-global-color-5)","background-image":"","background-repeat":"repeat","background-position":"center center","background-size":"auto","background-attachment":"scroll","background-type":"","background-media":"","overlay-type":"","overlay-color":"","overlay-opacity":"","overlay-gradient":""}},"iawp_total_views":9},"product_brand":[],"product_cat":[238,678],"product_tag":[],"class_list":{"0":"post-24566","1":"product","2":"type-product","3":"status-publish","4":"has-post-thumbnail","6":"product_cat-panel-mount","7":"product_cat-panel-mount-cables","8":"desktop-align-left","9":"tablet-align-left","10":"mobile-align-left","12":"first","13":"instock","14":"shipping-taxable","15":"purchasable","16":"product-type-simple"},"acf":[],"_links":{"self":[{"href":"https:\/\/www.fjpremium.com\/fr\/wp-json\/wp\/v2\/product\/24566","targetHints":{"allow":["GET"]}}],"collection":[{"href":"https:\/\/www.fjpremium.com\/fr\/wp-json\/wp\/v2\/product"}],"about":[{"href":"https:\/\/www.fjpremium.com\/fr\/wp-json\/wp\/v2\/types\/product"}],"wp:featuredmedia":[{"embeddable":true,"href":"https:\/\/www.fjpremium.com\/fr\/wp-json\/wp\/v2\/media\/24567"}],"wp:attachment":[{"href":"https:\/\/www.fjpremium.com\/fr\/wp-json\/wp\/v2\/media?parent=24566"}],"wp:term":[{"taxonomy":"product_brand","embeddable":true,"href":"https:\/\/www.fjpremium.com\/fr\/wp-json\/wp\/v2\/product_brand?post=24566"},{"taxonomy":"product_cat","embeddable":true,"href":"https:\/\/www.fjpremium.com\/fr\/wp-json\/wp\/v2\/product_cat?post=24566"},{"taxonomy":"product_tag","embeddable":true,"href":"https:\/\/www.fjpremium.com\/fr\/wp-json\/wp\/v2\/product_tag?post=24566"}],"curies":[{"name":"wp","href":"https:\/\/api.w.org\/{rel}","templated":true}]}}