{"id":24545,"date":"2024-01-19T10:56:17","date_gmt":"2024-01-19T02:56:17","guid":{"rendered":"https:\/\/www.fjpremium.com\/?post_type=product&#038;p=24545"},"modified":"2024-03-27T14:53:39","modified_gmt":"2024-03-27T06:53:39","slug":"panel-mount-micro-usb-3-0-to-usb-a-cable","status":"publish","type":"product","link":"https:\/\/www.fjpremium.com\/fr\/product\/panel-mount-micro-usb-3-0-to-usb-a-cable\/","title":{"rendered":"C\u00e2ble Micro USB 3.0 m\u00e2le vers USB A m\u00e2le \u00e0 monter sur panneau avec vis"},"content":{"rendered":"<p>Le c\u00e2ble Micro USB 3.0 m\u00e2le vers USB A m\u00e2le \u00e0 montage sur panneau est une solution de qualit\u00e9 sup\u00e9rieure pour diverses applications.<\/p>\n<p>Dot\u00e9 d&#039;un connecteur Micro USB 3.0 m\u00e2le avec verrouillage \u00e0 vis et de connecteurs m\u00e2les USB 3.0 A, il garantit une fixation s\u00e9curis\u00e9e avec des \u00e9crous et des vis M2 nickel\u00e9s dans un pas de trou de 19 \u00b1 0,5 mm.<\/p>\n<p>Avec des conducteurs en cuivre nu et un calibre de fil 28\/28\/24AWG, il garantit une transmission optimale du signal. Blind\u00e9 par une feuille d&#039;aluminium et un tressage, il offre une protection contre les interf\u00e9rences.<\/p>\n<p>Prenant en charge les p\u00e9riph\u00e9riques USB 3.0 ultra-rapides \u00e0 5 Gbit\/s et la r\u00e9trocompatibilit\u00e9 avec USB 2.0, il est polyvalent pour diff\u00e9rents besoins.<\/p>\n<p><span style=\"font-size: 16px;\">Ses caract\u00e9ristiques :<\/span><\/p>\n<ul>\n<li>Connecteur 1 : Micro USB 3.0 m\u00e2le avec verrouillage \u00e0 vis<\/li>\n<li>Connecteur 2 : USB 3.0 A m\u00e2le<\/li>\n<li>Contact plaqu\u00e9 or, coque plaqu\u00e9e nickel<\/li>\n<li>Type d'\u00e9crou et de vis : M2 nickel\u00e9<\/li>\n<li>Pas du trou : 19\u00b10.5mm<\/li>\n<li>Conducteur du c\u00e2ble : Cuivre nu<\/li>\n<li>Calibre des fils : 28\/28\/24AWG<\/li>\n<li>Diam\u00e8tre ext\u00e9rieur : 5,5\u00b10,15 mm<\/li>\n<li>Blindage : Feuille d'aluminium, tresse<\/li>\n<li>Bo\u00eetier : Moulage par injection<\/li>\n<li>Gaine : PVC<\/li>\n<li>Prend en charge les p\u00e9riph\u00e9riques USB 3.0 \u00e0 grande vitesse et le taux de transfert atteint 5 Gbps.<\/li>\n<li>R\u00e9trocompatibilit\u00e9 avec l'USB 2.0 \u00e0 haut d\u00e9bit (480 Mbps), l'USB 1.1 \u00e0 haut d\u00e9bit (12 Mbps) et l'USB 1.0 \u00e0 bas d\u00e9bit (1,5 Mbps)<\/li>\n<li>Conformit\u00e9 : RoHS, REACH<\/li>\n<\/ul>","protected":false},"excerpt":{"rendered":"<p>C\u00e2ble Micro USB 3.0 m\u00e2le vers USB A m\u00e2le avec fixation par vis, 0.5M-3M<\/p>","protected":false},"featured_media":24549,"template":"","meta":{"_acf_changed":false,"_seopress_robots_primary_cat":"","_seopress_titles_title":"Panel Mount Micro USB 3.0 male to USB A male Cable","_seopress_titles_desc":"","_seopress_robots_index":"","site-sidebar-layout":"default","site-content-layout":"default","ast-site-content-layout":"default","site-content-style":"default","site-sidebar-style":"default","ast-global-header-display":"","ast-banner-title-visibility":"","ast-main-header-display":"","ast-hfb-above-header-display":"","ast-hfb-below-header-display":"","ast-hfb-mobile-header-display":"","site-post-title":"","ast-breadcrumbs-content":"","ast-featured-img":"","footer-sml-layout":"","ast-disable-related-posts":"","theme-transparent-header-meta":"default","adv-header-id-meta":"","stick-header-meta":"","header-above-stick-meta":"","header-main-stick-meta":"","header-below-stick-meta":"","astra-migrate-meta-layouts":"set","ast-page-background-enabled":"default","ast-page-background-meta":{"desktop":{"background-color":"","background-image":"","background-repeat":"repeat","background-position":"center center","background-size":"auto","background-attachment":"scroll","background-type":"","background-media":"","overlay-type":"","overlay-color":"","overlay-opacity":"","overlay-gradient":""},"tablet":{"background-color":"","background-image":"","background-repeat":"repeat","background-position":"center center","background-size":"auto","background-attachment":"scroll","background-type":"","background-media":"","overlay-type":"","overlay-color":"","overlay-opacity":"","overlay-gradient":""},"mobile":{"background-color":"","background-image":"","background-repeat":"repeat","background-position":"center center","background-size":"auto","background-attachment":"scroll","background-type":"","background-media":"","overlay-type":"","overlay-color":"","overlay-opacity":"","overlay-gradient":""}},"ast-content-background-meta":{"desktop":{"background-color":"var(--ast-global-color-5)","background-image":"","background-repeat":"repeat","background-position":"center center","background-size":"auto","background-attachment":"scroll","background-type":"","background-media":"","overlay-type":"","overlay-color":"","overlay-opacity":"","overlay-gradient":""},"tablet":{"background-color":"var(--ast-global-color-5)","background-image":"","background-repeat":"repeat","background-position":"center center","background-size":"auto","background-attachment":"scroll","background-type":"","background-media":"","overlay-type":"","overlay-color":"","overlay-opacity":"","overlay-gradient":""},"mobile":{"background-color":"var(--ast-global-color-5)","background-image":"","background-repeat":"repeat","background-position":"center center","background-size":"auto","background-attachment":"scroll","background-type":"","background-media":"","overlay-type":"","overlay-color":"","overlay-opacity":"","overlay-gradient":""}},"iawp_total_views":5},"product_brand":[],"product_cat":[238,678],"product_tag":[],"class_list":{"0":"post-24545","1":"product","2":"type-product","3":"status-publish","4":"has-post-thumbnail","6":"product_cat-panel-mount","7":"product_cat-panel-mount-cables","8":"desktop-align-left","9":"tablet-align-left","10":"mobile-align-left","12":"first","13":"instock","14":"shipping-taxable","15":"purchasable","16":"product-type-simple"},"acf":[],"_links":{"self":[{"href":"https:\/\/www.fjpremium.com\/fr\/wp-json\/wp\/v2\/product\/24545","targetHints":{"allow":["GET"]}}],"collection":[{"href":"https:\/\/www.fjpremium.com\/fr\/wp-json\/wp\/v2\/product"}],"about":[{"href":"https:\/\/www.fjpremium.com\/fr\/wp-json\/wp\/v2\/types\/product"}],"wp:featuredmedia":[{"embeddable":true,"href":"https:\/\/www.fjpremium.com\/fr\/wp-json\/wp\/v2\/media\/24549"}],"wp:attachment":[{"href":"https:\/\/www.fjpremium.com\/fr\/wp-json\/wp\/v2\/media?parent=24545"}],"wp:term":[{"taxonomy":"product_brand","embeddable":true,"href":"https:\/\/www.fjpremium.com\/fr\/wp-json\/wp\/v2\/product_brand?post=24545"},{"taxonomy":"product_cat","embeddable":true,"href":"https:\/\/www.fjpremium.com\/fr\/wp-json\/wp\/v2\/product_cat?post=24545"},{"taxonomy":"product_tag","embeddable":true,"href":"https:\/\/www.fjpremium.com\/fr\/wp-json\/wp\/v2\/product_tag?post=24545"}],"curies":[{"name":"wp","href":"https:\/\/api.w.org\/{rel}","templated":true}]}}